{"id":98,"date":"2018-03-28T07:58:36","date_gmt":"2018-03-28T07:58:36","guid":{"rendered":"https:\/\/www.scionart.com\/kisstoria\/?page_id=98"},"modified":"2019-08-31T05:25:34","modified_gmt":"2019-08-31T05:25:34","slug":"keikat","status":"publish","type":"page","link":"https:\/\/www.scionart.com\/kisstoria\/keikat\/","title":{"rendered":"Keikat"},"content":{"rendered":"\n<p>Klikkaa\/napauta jotain alla listattua vuosilukua p\u00e4\u00e4st\u00e4ksesi kyseisen vuoden keikat listaavalle sivulle.<\/p>\n\n\n\n<p>Eri vuosien keikkasivuilla ei listata harjoituskeikkoja, nauhoitettuja TV-esiintymisi\u00e4, yksityisesiintymisi\u00e4 tai peruttuja keikkoja. Mik\u00e4li tiettyn\u00e4 vuonna ei ole normaaleja julkisia keikkoja, ei sille vuodelle luoda tyhj\u00e4\u00e4 sivua. Listat perustuvat\u00a0<a rel=\"noreferrer noopener\" aria-label=\" (avautuu uudessa v\u00e4lilehdess\u00e4)\" href=\"https:\/\/www.kissconcerthistory.com\/\" target=\"_blank\">KISS Concert History Online<\/a>:n listauksiin, jotka on suomennettu ja joiden ulkoasu on t\u00e4ll\u00e4 sivustolla hiukan erilainen.<\/p>\n","protected":false},"excerpt":{"rendered":"<p>Klikkaa\/napauta jotain alla listattua vuosilukua p\u00e4\u00e4st\u00e4ksesi kyseisen vuoden keikat listaavalle sivulle. Eri vuosien keikkasivuilla ei listata harjoituskeikkoja, nauhoitettuja TV-esiintymisi\u00e4, yksityisesiintymisi\u00e4 tai peruttuja keikkoja. Mik\u00e4li tiettyn\u00e4 [&hellip;]<\/p>\n","protected":false},"author":1,"featured_media":0,"parent":0,"menu_order":0,"comment_status":"closed","ping_status":"closed","template":"page_gig-years-list.php","meta":{"inline_featured_image":false},"_links":{"self":[{"href":"https:\/\/www.scionart.com\/kisstoria\/wp-json\/wp\/v2\/pages\/98"}],"collection":[{"href":"https:\/\/www.scionart.com\/kisstoria\/wp-json\/wp\/v2\/pages"}],"about":[{"href":"https:\/\/www.scionart.com\/kisstoria\/wp-json\/wp\/v2\/types\/page"}],"author":[{"embeddable":true,"href":"https:\/\/www.scionart.com\/kisstoria\/wp-json\/wp\/v2\/users\/1"}],"replies":[{"embeddable":true,"href":"https:\/\/www.scionart.com\/kisstoria\/wp-json\/wp\/v2\/comments?post=98"}],"version-history":[{"count":5,"href":"https:\/\/www.scionart.com\/kisstoria\/wp-json\/wp\/v2\/pages\/98\/revisions"}],"predecessor-version":[{"id":926,"href":"https:\/\/www.scionart.com\/kisstoria\/wp-json\/wp\/v2\/pages\/98\/revisions\/926"}],"wp:attachment":[{"href":"https:\/\/www.scionart.com\/kisstoria\/wp-json\/wp\/v2\/media?parent=98"}],"curies":[{"name":"wp","href":"https:\/\/api.w.org\/{rel}","templated":true}]}}