{"id":95,"date":"2018-03-27T09:41:58","date_gmt":"2018-03-27T09:41:58","guid":{"rendered":"https:\/\/www.scionart.com\/kisstoria\/?page_id=95"},"modified":"2020-02-12T19:57:49","modified_gmt":"2020-02-12T19:57:49","slug":"alive-ii","status":"publish","type":"page","link":"https:\/\/www.scionart.com\/kisstoria\/livet\/alive-ii\/","title":{"rendered":"Alive II"},"content":{"rendered":"\n<ol><li>Detroit rock city (Stanley, Ezrin) \u2013 3:56<\/li><li>King of the night time world (Stanley, Ezrin, Fowley, Anthony) \u2013 3:05<\/li><li>Ladies room (Simmons) \u2013 3:14<\/li><li>Makin\u2019 love (Stanley, Delaney) \u2013 3:13<\/li><li>Love gun (Stanley) \u2013 3:40<\/li><li>Calling Dr. Love (Simmons) \u2013 3:35<\/li><li>Christine sixteen (Simmons) \u2013 2:45<\/li><li>Shock me (Frehley) \u2013 5:51<\/li><li>Hard luck woman (Stanley) \u2013 3:06<\/li><li>Tomorrow and tonight (Stanley) \u2013 3:25<\/li><li>I stole your love (Stanley) \u2013 3:35<\/li><li>Beth (Criss, Ezrin, Penridge) \u2013 2:24<\/li><li>God of thunder (Stanley) \u2013 5:16<\/li><li>I want you (Stanley) \u2013 4:14<\/li><li>Shout it out loud (Stanley, Simmons, Ezrin) \u2013 3:39<\/li><li>All American man (Stanley, Delaney) \u2013 3:13<\/li><li>Rockin\u2019 in the U.S.A. (Simmons) \u2013 2:36<\/li><li>Larger than life (Simmons) \u2013 3:59<\/li><li>Rocket ride (Frehley, Delaney) \u2013 4:07<\/li><li>Anyway you want it (Clark) \u2013 2:33<\/li><\/ol>\n\n\n\n<p>Levy-yhti\u00f6: Casablanca records<br>Tuottaja(t): Eddie Kramer ja KISS<br>\u00c4\u00e4nitetty:&nbsp;Biisit 1-15; The Forum (Los Angeles, USA) 26-28.8.1977 ja Budokan Hall (Tokio, Japani) 2.4.1977. Biisit 16-20; syyskuu 1977, Capital Theatre (Passaic, USA) ja Electric Lady Studios (New York, USA)<br>Julkaistu: 14.10.1977<br>Kansitaide: Dennis Woloch<\/p>\n\n\n\n<h2>Tiesitk\u00f6?<\/h2>\n\n\n\n<p>Vinyylin ensipainoksen liitteen\u00e4 oli 8-sivuinen &#8221;Evolution of KISS&#8221; -vihkonen, siirtokuvatatuointiarkki ja oheistuotteiden tilauslomake.<\/p>\n","protected":false},"excerpt":{"rendered":"<p>Detroit rock city (Stanley, Ezrin) \u2013 3:56 King of the night time world (Stanley, Ezrin, Fowley, Anthony) \u2013 3:05 Ladies room (Simmons) \u2013 3:14 Makin\u2019 [&hellip;]<\/p>\n","protected":false},"author":1,"featured_media":1111,"parent":89,"menu_order":0,"comment_status":"closed","ping_status":"closed","template":"page_record.php","meta":{"inline_featured_image":false},"_links":{"self":[{"href":"https:\/\/www.scionart.com\/kisstoria\/wp-json\/wp\/v2\/pages\/95"}],"collection":[{"href":"https:\/\/www.scionart.com\/kisstoria\/wp-json\/wp\/v2\/pages"}],"about":[{"href":"https:\/\/www.scionart.com\/kisstoria\/wp-json\/wp\/v2\/types\/page"}],"author":[{"embeddable":true,"href":"https:\/\/www.scionart.com\/kisstoria\/wp-json\/wp\/v2\/users\/1"}],"replies":[{"embeddable":true,"href":"https:\/\/www.scionart.com\/kisstoria\/wp-json\/wp\/v2\/comments?post=95"}],"version-history":[{"count":4,"href":"https:\/\/www.scionart.com\/kisstoria\/wp-json\/wp\/v2\/pages\/95\/revisions"}],"predecessor-version":[{"id":1144,"href":"https:\/\/www.scionart.com\/kisstoria\/wp-json\/wp\/v2\/pages\/95\/revisions\/1144"}],"up":[{"embeddable":true,"href":"https:\/\/www.scionart.com\/kisstoria\/wp-json\/wp\/v2\/pages\/89"}],"wp:featuredmedia":[{"embeddable":true,"href":"https:\/\/www.scionart.com\/kisstoria\/wp-json\/wp\/v2\/media\/1111"}],"wp:attachment":[{"href":"https:\/\/www.scionart.com\/kisstoria\/wp-json\/wp\/v2\/media?parent=95"}],"curies":[{"name":"wp","href":"https:\/\/api.w.org\/{rel}","templated":true}]}}