{"id":92,"date":"2018-03-27T09:38:37","date_gmt":"2018-03-27T09:38:37","guid":{"rendered":"https:\/\/www.scionart.com\/kisstoria\/?page_id=92"},"modified":"2020-02-12T07:07:52","modified_gmt":"2020-02-12T07:07:52","slug":"alive","status":"publish","type":"page","link":"https:\/\/www.scionart.com\/kisstoria\/livet\/alive\/","title":{"rendered":"Alive!"},"content":{"rendered":"\n<ol><li>Deuce (Simmons) \u2013 3:32<\/li><li>Strutter (Simmons, Stanley) \u2013 3:12<\/li><li>Got to choose (Stanley) \u2013 3:35<\/li><li>Hotter than hell (Stanley) \u2013 3:11<\/li><li>Firehouse (Stanley) \u2013 3:42<\/li><li>Nothin\u2019 to lose (Simmons) \u2013 3:23<\/li><li>C\u2019mon and love me (Stanley) \u2013 2:52<\/li><li>Parasite (Frehley) \u2013 3:21<\/li><li>She &nbsp;(Simmons, Coronel) \u2013 6:42<\/li><li>Watchin\u2019 you (Simmons) \u2013 3:37<\/li><li>100,000 years (Simmons, Stanley) \u2013 11:52<\/li><li>Black diamond (Stanley) \u2013 5:21<\/li><li>Rock bottom (Frehley, Stanley) \u2013 3:08<\/li><li>Cold gin (Frehley) \u2013 5:21<\/li><li>Rock and roll all nite (Simmons, Stanley) \u2013 3:37<\/li><li>Let me go, rock \u2018n\u2019 roll (Simmons, Stanley) \u2013 5:09<\/li><\/ol>\n\n\n\n<p>Levy-yhti\u00f6: Casablanca records<br>Tuottaja(t): Eddie Kramer<br>\u00c4\u00e4nitetty:&nbsp;Cobo Hall (Detroit, USA) 16.5.1975, Music Hall (Cleveland, USA), 21.6.1975, Orpheum Theatre (Davenport, USA) 20.7.1975 ja Convention Center (Wildwood, USA) 23.7.1975<br>Julkaistu: 10.9.1975<br>Kansitaide: Fin Costello (valokuva)<\/p>\n\n\n\n<h2>Tiesitk\u00f6?<\/h2>\n\n\n\n<p>Vinyylin ensipainoksen liitteen\u00e4 oli 8-sivuinen vihkonen.<\/p>\n","protected":false},"excerpt":{"rendered":"<p>Deuce (Simmons) \u2013 3:32 Strutter (Simmons, Stanley) \u2013 3:12 Got to choose (Stanley) \u2013 3:35 Hotter than hell (Stanley) \u2013 3:11 Firehouse (Stanley) \u2013 3:42 [&hellip;]<\/p>\n","protected":false},"author":1,"featured_media":1110,"parent":89,"menu_order":0,"comment_status":"closed","ping_status":"closed","template":"page_record.php","meta":{"inline_featured_image":false},"_links":{"self":[{"href":"https:\/\/www.scionart.com\/kisstoria\/wp-json\/wp\/v2\/pages\/92"}],"collection":[{"href":"https:\/\/www.scionart.com\/kisstoria\/wp-json\/wp\/v2\/pages"}],"about":[{"href":"https:\/\/www.scionart.com\/kisstoria\/wp-json\/wp\/v2\/types\/page"}],"author":[{"embeddable":true,"href":"https:\/\/www.scionart.com\/kisstoria\/wp-json\/wp\/v2\/users\/1"}],"replies":[{"embeddable":true,"href":"https:\/\/www.scionart.com\/kisstoria\/wp-json\/wp\/v2\/comments?post=92"}],"version-history":[{"count":3,"href":"https:\/\/www.scionart.com\/kisstoria\/wp-json\/wp\/v2\/pages\/92\/revisions"}],"predecessor-version":[{"id":1116,"href":"https:\/\/www.scionart.com\/kisstoria\/wp-json\/wp\/v2\/pages\/92\/revisions\/1116"}],"up":[{"embeddable":true,"href":"https:\/\/www.scionart.com\/kisstoria\/wp-json\/wp\/v2\/pages\/89"}],"wp:featuredmedia":[{"embeddable":true,"href":"https:\/\/www.scionart.com\/kisstoria\/wp-json\/wp\/v2\/media\/1110"}],"wp:attachment":[{"href":"https:\/\/www.scionart.com\/kisstoria\/wp-json\/wp\/v2\/media?parent=92"}],"curies":[{"name":"wp","href":"https:\/\/api.w.org\/{rel}","templated":true}]}}