{"id":86,"date":"2018-03-26T08:29:51","date_gmt":"2018-03-26T08:29:51","guid":{"rendered":"https:\/\/www.scionart.com\/kisstoria\/?page_id=86"},"modified":"2020-02-11T11:34:20","modified_gmt":"2020-02-11T11:34:20","slug":"dressed-to-kill","status":"publish","type":"page","link":"https:\/\/www.scionart.com\/kisstoria\/tayspitkat\/dressed-to-kill\/","title":{"rendered":"Dressed to kill"},"content":{"rendered":"\n<ol><li>Room service (Stanley) \u2013 2:59<\/li><li>Two timer (Simmons) \u2013 2:48<\/li><li>Ladies in waiting (Simmons) \u2013 2:32<\/li><li>Getaway (Frehley) \u2013 2:44<\/li><li>Rock bottom (Stanley, Frehley) \u2013 3:55<\/li><li>C\u2019mon and love me (Stanley) \u2013 2:59<\/li><li>Anything for my baby (Stanley) \u2013 2:34<\/li><li>She (Simmons, Coronel) \u2013 4:08<\/li><li>Love her all I can (Stanley) \u2013 2:41<\/li><li>Rock and roll all nite (Stanley, Simmons) \u2013 2:49<\/li><\/ol>\n\n\n\n<p>Levy-yhti\u00f6: Casablanca records<br>Tuottaja(t): Neil Bogart, KISS<br>\u00c4\u00e4nitetty: helmikuu 1975, Electric Lady Studios (New York, USA)<br>Julkaistu: 19.3.1975<br>Kansitaide: Bob Gruen (valokuva)<\/p>\n","protected":false},"excerpt":{"rendered":"<p>Room service (Stanley) \u2013 2:59 Two timer (Simmons) \u2013 2:48 Ladies in waiting (Simmons) \u2013 2:32 Getaway (Frehley) \u2013 2:44 Rock bottom (Stanley, Frehley) \u2013 [&hellip;]<\/p>\n","protected":false},"author":1,"featured_media":1017,"parent":82,"menu_order":0,"comment_status":"closed","ping_status":"closed","template":"page_record.php","meta":{"inline_featured_image":false},"_links":{"self":[{"href":"https:\/\/www.scionart.com\/kisstoria\/wp-json\/wp\/v2\/pages\/86"}],"collection":[{"href":"https:\/\/www.scionart.com\/kisstoria\/wp-json\/wp\/v2\/pages"}],"about":[{"href":"https:\/\/www.scionart.com\/kisstoria\/wp-json\/wp\/v2\/types\/page"}],"author":[{"embeddable":true,"href":"https:\/\/www.scionart.com\/kisstoria\/wp-json\/wp\/v2\/users\/1"}],"replies":[{"embeddable":true,"href":"https:\/\/www.scionart.com\/kisstoria\/wp-json\/wp\/v2\/comments?post=86"}],"version-history":[{"count":2,"href":"https:\/\/www.scionart.com\/kisstoria\/wp-json\/wp\/v2\/pages\/86\/revisions"}],"predecessor-version":[{"id":1019,"href":"https:\/\/www.scionart.com\/kisstoria\/wp-json\/wp\/v2\/pages\/86\/revisions\/1019"}],"up":[{"embeddable":true,"href":"https:\/\/www.scionart.com\/kisstoria\/wp-json\/wp\/v2\/pages\/82"}],"wp:featuredmedia":[{"embeddable":true,"href":"https:\/\/www.scionart.com\/kisstoria\/wp-json\/wp\/v2\/media\/1017"}],"wp:attachment":[{"href":"https:\/\/www.scionart.com\/kisstoria\/wp-json\/wp\/v2\/media?parent=86"}],"curies":[{"name":"wp","href":"https:\/\/api.w.org\/{rel}","templated":true}]}}