{"id":75,"date":"2018-03-23T08:37:33","date_gmt":"2018-03-23T08:37:33","guid":{"rendered":"https:\/\/www.scionart.com\/kisstoria\/?page_id=75"},"modified":"2020-02-11T11:17:29","modified_gmt":"2020-02-11T11:17:29","slug":"kiss","status":"publish","type":"page","link":"https:\/\/www.scionart.com\/kisstoria\/tayspitkat\/kiss\/","title":{"rendered":"KISS"},"content":{"rendered":"\n<ol><li>Strutter&nbsp;(Stanley, Simmons)&nbsp;\u2013 3:10<\/li><li>Nothin\u2019 to lose&nbsp;(Simmons)&nbsp;\u2013 3:26<\/li><li>Firehouse&nbsp;(Stanley)&nbsp;\u2013 3:16<\/li><li>Gold gin&nbsp;(Frehley)&nbsp;\u2013 4:21<\/li><li>Let me know&nbsp;(Stanley)&nbsp;\u2013 2:59<\/li><li>Deuce&nbsp;(Simmons)&nbsp;\u2013 3:05<\/li><li>Love theme from KISS&nbsp;(Stanley, Simmons, Criss, Frehley)&nbsp;\u2013 2:24<\/li><li>100,000 years&nbsp;(Stanley, Simmons)&nbsp;\u2013 3:22<\/li><li>Black diamond&nbsp;(Stanley)&nbsp;\u2013 5:12<\/li><\/ol>\n\n\n\n<p>Levy-yhti\u00f6: Casablanca records<br>Tuottaja(t): Kenny Kerner ja Richie Wise<br>\u00c4\u00e4nitetty: loka-joulukuu 1973, Bell Sound Studios (New York, USA)<br>Julkaistu: 18.2.1974<br>Kansitaide: Joel Brodsky<\/p>\n\n\n\n<h2>Tiesitk\u00f6?<\/h2>\n\n\n\n<p>Kappaletta \u201cKissing time\u201d ei ollut levyn ensimm\u00e4isell\u00e4 painoksella. Se lis\u00e4ttiin hein\u00e4kuussa 1974 julkaistuun uusintapainokseen.<\/p>\n","protected":false},"excerpt":{"rendered":"<p>Strutter&nbsp;(Stanley, Simmons)&nbsp;\u2013 3:10 Nothin\u2019 to lose&nbsp;(Simmons)&nbsp;\u2013 3:26 Firehouse&nbsp;(Stanley)&nbsp;\u2013 3:16 Gold gin&nbsp;(Frehley)&nbsp;\u2013 4:21 Let me know&nbsp;(Stanley)&nbsp;\u2013 2:59 Deuce&nbsp;(Simmons)&nbsp;\u2013 3:05 Love theme from KISS&nbsp;(Stanley, Simmons, Criss, Frehley)&nbsp;\u2013 [&hellip;]<\/p>\n","protected":false},"author":1,"featured_media":1008,"parent":82,"menu_order":0,"comment_status":"closed","ping_status":"closed","template":"page_record.php","meta":{"inline_featured_image":false},"_links":{"self":[{"href":"https:\/\/www.scionart.com\/kisstoria\/wp-json\/wp\/v2\/pages\/75"}],"collection":[{"href":"https:\/\/www.scionart.com\/kisstoria\/wp-json\/wp\/v2\/pages"}],"about":[{"href":"https:\/\/www.scionart.com\/kisstoria\/wp-json\/wp\/v2\/types\/page"}],"author":[{"embeddable":true,"href":"https:\/\/www.scionart.com\/kisstoria\/wp-json\/wp\/v2\/users\/1"}],"replies":[{"embeddable":true,"href":"https:\/\/www.scionart.com\/kisstoria\/wp-json\/wp\/v2\/comments?post=75"}],"version-history":[{"count":2,"href":"https:\/\/www.scionart.com\/kisstoria\/wp-json\/wp\/v2\/pages\/75\/revisions"}],"predecessor-version":[{"id":1010,"href":"https:\/\/www.scionart.com\/kisstoria\/wp-json\/wp\/v2\/pages\/75\/revisions\/1010"}],"up":[{"embeddable":true,"href":"https:\/\/www.scionart.com\/kisstoria\/wp-json\/wp\/v2\/pages\/82"}],"wp:featuredmedia":[{"embeddable":true,"href":"https:\/\/www.scionart.com\/kisstoria\/wp-json\/wp\/v2\/media\/1008"}],"wp:attachment":[{"href":"https:\/\/www.scionart.com\/kisstoria\/wp-json\/wp\/v2\/media?parent=75"}],"curies":[{"name":"wp","href":"https:\/\/api.w.org\/{rel}","templated":true}]}}