{"id":71,"date":"2018-03-22T09:47:23","date_gmt":"2018-03-22T09:47:23","guid":{"rendered":"https:\/\/www.scionart.com\/kisstoria\/?page_id=71"},"modified":"2022-10-20T09:05:36","modified_gmt":"2022-10-20T09:05:36","slug":"paul-stanley","status":"publish","type":"page","link":"https:\/\/www.scionart.com\/kisstoria\/paul-stanley\/","title":{"rendered":"Paul Stanley"},"content":{"rendered":"\n<table id=\"tablepress-15\" class=\"tablepress tablepress-id-15 table table-sm table-striped w-auto\">\n<tbody>\n<tr class=\"row-1\">\n\t<td class=\"column-1\">Syntym\u00e4nimi:<\/td><td class=\"column-2\">Stanley Bert Eisen<\/td>\n<\/tr>\n<tr class=\"row-2\">\n\t<td class=\"column-1\">Syntym\u00e4p\u00e4iv\u00e4:<\/td><td class=\"column-2\">20.1.1952<\/td>\n<\/tr>\n<tr class=\"row-3\">\n\t<td class=\"column-1\">Syntym\u00e4paikka:<\/td><td class=\"column-2\">Queens, New York, USA<\/td>\n<\/tr>\n<tr class=\"row-4\">\n\t<td class=\"column-1\">Vanhemmat:<\/td><td class=\"column-2\">William Eisen (is\u00e4, s. 7.4.1920, k. 7.11.2021)<\/td>\n<\/tr>\n<tr class=\"row-5\">\n\t<td class=\"column-1\"> <\/td><td class=\"column-2\">Eva Eisen os. Jontof-Hutter (\u00e4iti, s. 16.11.1923, k. 29.9.2012)<\/td>\n<\/tr>\n<tr class=\"row-6\">\n\t<td class=\"column-1\">Siviilis\u00e4\u00e4ty:<\/td><td class=\"column-2\">naimisissa, puoliso Erin Sutton (s. 1972)<\/td>\n<\/tr>\n<tr class=\"row-7\">\n\t<td class=\"column-1\">Lapset:<\/td><td class=\"column-2\">Evan Shane (s. 6.6.1994)<\/td>\n<\/tr>\n<tr class=\"row-8\">\n\t<td class=\"column-1\"> <\/td><td class=\"column-2\">Colin Michael (s. 6.9.2006)<\/td>\n<\/tr>\n<tr class=\"row-9\">\n\t<td class=\"column-1\"> <\/td><td class=\"column-2\">Sarah Brianna (s. 28.1.2009)<\/td>\n<\/tr>\n<tr class=\"row-10\">\n\t<td class=\"column-1\"> <\/td><td class=\"column-2\">Emily Grace (s. 9.9.2011)<\/td>\n<\/tr>\n<tr class=\"row-11\">\n\t<td class=\"column-1\">Roolinimi:<\/td><td class=\"column-2\">The Starchild<\/td>\n<\/tr>\n<tr class=\"row-12\">\n\t<td class=\"column-1\">Instrumentit:<\/td><td class=\"column-2\">kitara, laulu<\/td>\n<\/tr>\n<tr class=\"row-13\">\n\t<td class=\"column-1\">Ollut yhtyeess\u00e4:<\/td><td class=\"column-2\">1973-<\/td>\n<\/tr>\n<\/tbody>\n<\/table>\n<!-- #tablepress-15 from cache -->\n\n\n\n<h2>Aiemmat yhtyeet<\/h2>\n\n\n\n<ul><li>Incubus (1966)<\/li><li>Uncle Joe (1967-1970)<\/li><li>Post-War Baby Boom (1967-1968)<\/li><li>Tree (1969)<\/li><li>Rainbow \/ Wicked Lester (1970-1972)<\/li><\/ul>\n","protected":false},"excerpt":{"rendered":"<p>Aiemmat yhtyeet Incubus (1966) Uncle Joe (1967-1970) Post-War Baby Boom (1967-1968) Tree (1969) Rainbow \/ Wicked Lester (1970-1972)<\/p>\n","protected":false},"author":1,"featured_media":1300,"parent":0,"menu_order":0,"comment_status":"closed","ping_status":"closed","template":"page_member.php","meta":{"inline_featured_image":false},"_links":{"self":[{"href":"https:\/\/www.scionart.com\/kisstoria\/wp-json\/wp\/v2\/pages\/71"}],"collection":[{"href":"https:\/\/www.scionart.com\/kisstoria\/wp-json\/wp\/v2\/pages"}],"about":[{"href":"https:\/\/www.scionart.com\/kisstoria\/wp-json\/wp\/v2\/types\/page"}],"author":[{"embeddable":true,"href":"https:\/\/www.scionart.com\/kisstoria\/wp-json\/wp\/v2\/users\/1"}],"replies":[{"embeddable":true,"href":"https:\/\/www.scionart.com\/kisstoria\/wp-json\/wp\/v2\/comments?post=71"}],"version-history":[{"count":3,"href":"https:\/\/www.scionart.com\/kisstoria\/wp-json\/wp\/v2\/pages\/71\/revisions"}],"predecessor-version":[{"id":990,"href":"https:\/\/www.scionart.com\/kisstoria\/wp-json\/wp\/v2\/pages\/71\/revisions\/990"}],"wp:featuredmedia":[{"embeddable":true,"href":"https:\/\/www.scionart.com\/kisstoria\/wp-json\/wp\/v2\/media\/1300"}],"wp:attachment":[{"href":"https:\/\/www.scionart.com\/kisstoria\/wp-json\/wp\/v2\/media?parent=71"}],"curies":[{"name":"wp","href":"https:\/\/api.w.org\/{rel}","templated":true}]}}