{"id":667,"date":"2018-05-24T07:42:35","date_gmt":"2018-05-24T07:42:35","guid":{"rendered":"https:\/\/www.scionart.com\/kisstoria\/?page_id=667"},"modified":"2020-02-12T09:01:16","modified_gmt":"2020-02-12T09:01:16","slug":"alive-the-millennium-concert","status":"publish","type":"page","link":"https:\/\/www.scionart.com\/kisstoria\/livet\/alive-the-millennium-concert\/","title":{"rendered":"Alive &#8211; the millennium concert"},"content":{"rendered":"\n<ol><li>Psycho circus (Paul Stanley, Cuomo) \u2013 5:37<\/li><li>Shout it out loud (Stanley, Simmons, Ezrin) \u2013 3:15<\/li><li>Deuce (Simmons) \u2013 3:45<\/li><li>Heaven\u2019s on fire (Stanley, Child) \u2013 4:14<\/li><li>Into the void &nbsp;(Frehley, Cochran) \u2013 4:25<\/li><li>Firehouse (Stanley) \u2013 4:00<\/li><li>Do you love me? (Stanley, Ezrin, Fowley) \u2013 3:55<\/li><li>Let me go, rock \u2018n\u2019 roll (Stanley, Simmons) \u2013 5:20<\/li><li>I love it loud (Simmons, Vincent) \u2013 3:40<\/li><li>Lick it up (Stanley, Vincent) \u2013 4:39<\/li><li>100,000 years (Stanley, Simmons) \u2013 5:48<\/li><li>Love gun (Stanley) \u2013 4:16<\/li><li>Black diamond (Stanley) \u2013 5:29<\/li><li>Beth (Criss, Ezrin, Penridge) \u2013 2:43<\/li><li>Rock and roll all nite (Stanley, Simmons) \u2013 5:49<\/li><\/ol>\n\n\n\n<p>Levy-yhti\u00f6: Mercury records<br>Tuottaja(t): KISS<br>\u00c4\u00e4nitetty:&nbsp;BC Place Stadium (Vancouver, Kanada) &nbsp;31.12.1999<br>Julkaistu: 21.11.2006 (osana &#8221;Alive! 1975-2000&#8221;&nbsp;box setti\u00e4)<br>Kansitaide: t42design<\/p>\n","protected":false},"excerpt":{"rendered":"<p>Psycho circus (Paul Stanley, Cuomo) \u2013 5:37 Shout it out loud (Stanley, Simmons, Ezrin) \u2013 3:15 Deuce (Simmons) \u2013 3:45 Heaven\u2019s on fire (Stanley, Child) [&hellip;]<\/p>\n","protected":false},"author":1,"featured_media":1122,"parent":89,"menu_order":0,"comment_status":"closed","ping_status":"closed","template":"page_record.php","meta":{"inline_featured_image":false},"_links":{"self":[{"href":"https:\/\/www.scionart.com\/kisstoria\/wp-json\/wp\/v2\/pages\/667"}],"collection":[{"href":"https:\/\/www.scionart.com\/kisstoria\/wp-json\/wp\/v2\/pages"}],"about":[{"href":"https:\/\/www.scionart.com\/kisstoria\/wp-json\/wp\/v2\/types\/page"}],"author":[{"embeddable":true,"href":"https:\/\/www.scionart.com\/kisstoria\/wp-json\/wp\/v2\/users\/1"}],"replies":[{"embeddable":true,"href":"https:\/\/www.scionart.com\/kisstoria\/wp-json\/wp\/v2\/comments?post=667"}],"version-history":[{"count":2,"href":"https:\/\/www.scionart.com\/kisstoria\/wp-json\/wp\/v2\/pages\/667\/revisions"}],"predecessor-version":[{"id":1132,"href":"https:\/\/www.scionart.com\/kisstoria\/wp-json\/wp\/v2\/pages\/667\/revisions\/1132"}],"up":[{"embeddable":true,"href":"https:\/\/www.scionart.com\/kisstoria\/wp-json\/wp\/v2\/pages\/89"}],"wp:featuredmedia":[{"embeddable":true,"href":"https:\/\/www.scionart.com\/kisstoria\/wp-json\/wp\/v2\/media\/1122"}],"wp:attachment":[{"href":"https:\/\/www.scionart.com\/kisstoria\/wp-json\/wp\/v2\/media?parent=667"}],"curies":[{"name":"wp","href":"https:\/\/api.w.org\/{rel}","templated":true}]}}