{"id":65,"date":"2018-03-22T08:23:48","date_gmt":"2018-03-22T08:23:48","guid":{"rendered":"https:\/\/www.scionart.com\/kisstoria\/?page_id=65"},"modified":"2022-10-20T09:04:19","modified_gmt":"2022-10-20T09:04:19","slug":"gene-simmons","status":"publish","type":"page","link":"https:\/\/www.scionart.com\/kisstoria\/gene-simmons\/","title":{"rendered":"Gene Simmons"},"content":{"rendered":"\n<table id=\"tablepress-2\" class=\"tablepress tablepress-id-2 table table-sm table-striped w-auto\">\n<tbody>\n<tr class=\"row-1\">\n\t<td class=\"column-1\">Syntym\u00e4nimi:<\/td><td class=\"column-2\">Chaim Witz<\/td>\n<\/tr>\n<tr class=\"row-2\">\n\t<td class=\"column-1\">Syntym\u00e4p\u00e4iv\u00e4:<\/td><td class=\"column-2\">25.8.1949<\/td>\n<\/tr>\n<tr class=\"row-3\">\n\t<td class=\"column-1\">Syntym\u00e4paikka:<\/td><td class=\"column-2\">Haifa, Israel<\/td>\n<\/tr>\n<tr class=\"row-4\">\n\t<td class=\"column-1\">Vanhemmat:<\/td><td class=\"column-2\">Ferenc \"Feri\" Yechiel Witz (is\u00e4, s. 9.6.1925, k. 2.5.2002)<\/td>\n<\/tr>\n<tr class=\"row-5\">\n\t<td class=\"column-1\"> <\/td><td class=\"column-2\">Fl\u00f3ra \"Florence\" Witz os. Klein (\u00e4iti, s. 21.9.1925, k. 3.12.2018)<\/td>\n<\/tr>\n<tr class=\"row-6\">\n\t<td class=\"column-1\">Siviilis\u00e4\u00e4ty:<\/td><td class=\"column-2\">naimisissa, puoliso Shannon Tweed (s. 10.3.1957)<\/td>\n<\/tr>\n<tr class=\"row-7\">\n\t<td class=\"column-1\">Lapset:<\/td><td class=\"column-2\">Nick (s. 22.1.1989)<\/td>\n<\/tr>\n<tr class=\"row-8\">\n\t<td class=\"column-1\"> <\/td><td class=\"column-2\">Sophie (s. 7.7.1992)<\/td>\n<\/tr>\n<tr class=\"row-9\">\n\t<td class=\"column-1\">Roolinimi:<\/td><td class=\"column-2\">The Demon<\/td>\n<\/tr>\n<tr class=\"row-10\">\n\t<td class=\"column-1\">Instrumentit:<\/td><td class=\"column-2\">basso, laulu<\/td>\n<\/tr>\n<tr class=\"row-11\">\n\t<td class=\"column-1\">Ollut yhtyeess\u00e4:<\/td><td class=\"column-2\">1973-<\/td>\n<\/tr>\n<\/tbody>\n<\/table>\n<!-- #tablepress-2 from cache -->\n\n\n\n<h2>Aiemmat yhtyeet<\/h2>\n\n\n\n<ul><li>The Missing Links (1964)<\/li><li>The Long Island Sounds (1964-1967)<\/li><li>Bullfrog Bheer (1968-1969)<\/li><li>Rainbow \/ Wicked Lester (1970-1972)<\/li><\/ul>\n","protected":false},"excerpt":{"rendered":"<p>Aiemmat yhtyeet The Missing Links (1964) The Long Island Sounds (1964-1967) Bullfrog Bheer (1968-1969) Rainbow \/ Wicked Lester (1970-1972)<\/p>\n","protected":false},"author":1,"featured_media":1299,"parent":0,"menu_order":0,"comment_status":"closed","ping_status":"closed","template":"page_member.php","meta":{"inline_featured_image":false},"_links":{"self":[{"href":"https:\/\/www.scionart.com\/kisstoria\/wp-json\/wp\/v2\/pages\/65"}],"collection":[{"href":"https:\/\/www.scionart.com\/kisstoria\/wp-json\/wp\/v2\/pages"}],"about":[{"href":"https:\/\/www.scionart.com\/kisstoria\/wp-json\/wp\/v2\/types\/page"}],"author":[{"embeddable":true,"href":"https:\/\/www.scionart.com\/kisstoria\/wp-json\/wp\/v2\/users\/1"}],"replies":[{"embeddable":true,"href":"https:\/\/www.scionart.com\/kisstoria\/wp-json\/wp\/v2\/comments?post=65"}],"version-history":[{"count":3,"href":"https:\/\/www.scionart.com\/kisstoria\/wp-json\/wp\/v2\/pages\/65\/revisions"}],"predecessor-version":[{"id":974,"href":"https:\/\/www.scionart.com\/kisstoria\/wp-json\/wp\/v2\/pages\/65\/revisions\/974"}],"wp:featuredmedia":[{"embeddable":true,"href":"https:\/\/www.scionart.com\/kisstoria\/wp-json\/wp\/v2\/media\/1299"}],"wp:attachment":[{"href":"https:\/\/www.scionart.com\/kisstoria\/wp-json\/wp\/v2\/media?parent=65"}],"curies":[{"name":"wp","href":"https:\/\/api.w.org\/{rel}","templated":true}]}}