{"id":51,"date":"2018-03-21T09:15:13","date_gmt":"2018-03-21T09:15:13","guid":{"rendered":"https:\/\/www.scionart.com\/kisstoria\/?page_id=51"},"modified":"2018-04-27T07:24:37","modified_gmt":"2018-04-27T07:24:37","slug":"1980-1989","status":"publish","type":"page","link":"https:\/\/www.scionart.com\/kisstoria\/1980-1989\/","title":{"rendered":"1980-1989"},"content":{"rendered":"\n<table id=\"tablepress-4\" class=\"tablepress tablepress-id-4 table table-sm table-striped\">\n<thead>\n<tr class=\"row-1\">\n\t<th class=\"column-1\">P\u00e4iv\u00e4<\/th><th class=\"column-2\">Tapahtuma<\/th>\n<\/tr>\n<\/thead>\n<tbody>\n<tr class=\"row-2\">\n\t<td class=\"column-1\">20.5.1980<\/td><td class=\"column-2\">Unmasked julkaistaan<\/td>\n<\/tr>\n<tr class=\"row-3\">\n\t<td class=\"column-1\">25.7.1980<\/td><td class=\"column-2\">KISS aloittaa Unmasked tourin Palladiumissa, New Yorkissa. Eric Carr esiintyy ensimm\u00e4ist\u00e4 kertaa yhtyeen rumpalina.<\/td>\n<\/tr>\n<tr class=\"row-4\">\n\t<td class=\"column-1\">10.11.1981<\/td><td class=\"column-2\">Music from the Elder julkaistaan<\/td>\n<\/tr>\n<tr class=\"row-5\">\n\t<td class=\"column-1\">28.1.1982<\/td><td class=\"column-2\">KISS esiintyy ensimm\u00e4ist\u00e4 kertaa triona Studio 54:ssa New Yorkissa, sill\u00e4 Ace Frehley ei saavu paikalle. Esitys l\u00e4hetet\u00e4\u00e4n satelliitin v\u00e4lityksell\u00e4 San Remo Music Festivaliin, Italiaan.<\/td>\n<\/tr>\n<tr class=\"row-6\">\n\t<td class=\"column-1\">13.10.1982<\/td><td class=\"column-2\">Creatures of the night julkaistaan<\/td>\n<\/tr>\n<tr class=\"row-7\">\n\t<td class=\"column-1\">29.12.1982<\/td><td class=\"column-2\">KISS aloittaa 10th anniversary tourin Bismarck Civic Centeriss\u00e4, Bismarckissa (Pohjois-Dakota). Vinnie Vincent esiintyy ensimm\u00e4ist\u00e4 kertaa yhtyeen kitaristina korvaten Ace Frehleyn.<\/td>\n<\/tr>\n<tr class=\"row-8\">\n\t<td class=\"column-1\">18.9.1983<\/td><td class=\"column-2\">KISS n\u00e4hd\u00e4\u00e4n ensimm\u00e4ist\u00e4 kertaa ilman maskeja musiikkikanava MTV:n erikoisl\u00e4hetyksess\u00e4. Lick it up julkaistaan.<\/td>\n<\/tr>\n<tr class=\"row-9\">\n\t<td class=\"column-1\">11.10.1983<\/td><td class=\"column-2\">KISS aloittaa Lick it up tourin Pavilh\u00e3o de Cascaisissa, Lissabonissa Portugalissa. Yhtye esiintyy ensimm\u00e4ist\u00e4 kertaa ilman maskeja.<\/td>\n<\/tr>\n<tr class=\"row-10\">\n\t<td class=\"column-1\">17.3.1984<\/td><td class=\"column-2\">Vinnie Vincent esiintyy viimeist\u00e4 kertaa yhtyeen kitaristina Roberts Municipal Stadiumilla Evansvillessa (Indiana)<\/td>\n<\/tr>\n<tr class=\"row-11\">\n\t<td class=\"column-1\">13.9.1984<\/td><td class=\"column-2\">Animalize julkaistaan<\/td>\n<\/tr>\n<tr class=\"row-12\">\n\t<td class=\"column-1\">30.9.1984<\/td><td class=\"column-2\">KISS aloittaa Animalize tourin Brighton Centeriss\u00e4, Brightonissa Englannissa<\/td>\n<\/tr>\n<tr class=\"row-13\">\n\t<td class=\"column-1\">8.12.1984<\/td><td class=\"column-2\">Bruce Kulick esiintyy ensimm\u00e4ist\u00e4 kertaa yhtyeen virallisena j\u00e4senen\u00e4 Cobo Hallissa Detroitissa (Michigan), korvaten n\u00e4in Mark St. Johnin.<\/td>\n<\/tr>\n<tr class=\"row-14\">\n\t<td class=\"column-1\">16.9.1985<\/td><td class=\"column-2\">Asylum julkaistaan<\/td>\n<\/tr>\n<tr class=\"row-15\">\n\t<td class=\"column-1\">29.11.1985<\/td><td class=\"column-2\">KISS aloittaa Asylum tourin T. H. Barton Coliseumissa, Little Rockissa (Arkansas)<\/td>\n<\/tr>\n<tr class=\"row-16\">\n\t<td class=\"column-1\">18.9.1987<\/td><td class=\"column-2\">Crazy nights julkaistaan<\/td>\n<\/tr>\n<tr class=\"row-17\">\n\t<td class=\"column-1\">13.11.1987<\/td><td class=\"column-2\">KISS aloittaa Crazy nights tourin Mississippi Coliseumissa, Jacksonissa (Mississippi)<\/td>\n<\/tr>\n<tr class=\"row-18\">\n\t<td class=\"column-1\">17.10.1989<\/td><td class=\"column-2\">Hot in the shade julkaistaan<\/td>\n<\/tr>\n<\/tbody>\n<\/table>\n<!-- #tablepress-4 from cache -->\n","protected":false},"excerpt":{"rendered":"","protected":false},"author":1,"featured_media":0,"parent":0,"menu_order":0,"comment_status":"closed","ping_status":"closed","template":"","meta":{"inline_featured_image":false},"_links":{"self":[{"href":"https:\/\/www.scionart.com\/kisstoria\/wp-json\/wp\/v2\/pages\/51"}],"collection":[{"href":"https:\/\/www.scionart.com\/kisstoria\/wp-json\/wp\/v2\/pages"}],"about":[{"href":"https:\/\/www.scionart.com\/kisstoria\/wp-json\/wp\/v2\/types\/page"}],"author":[{"embeddable":true,"href":"https:\/\/www.scionart.com\/kisstoria\/wp-json\/wp\/v2\/users\/1"}],"replies":[{"embeddable":true,"href":"https:\/\/www.scionart.com\/kisstoria\/wp-json\/wp\/v2\/comments?post=51"}],"version-history":[{"count":2,"href":"https:\/\/www.scionart.com\/kisstoria\/wp-json\/wp\/v2\/pages\/51\/revisions"}],"predecessor-version":[{"id":61,"href":"https:\/\/www.scionart.com\/kisstoria\/wp-json\/wp\/v2\/pages\/51\/revisions\/61"}],"wp:attachment":[{"href":"https:\/\/www.scionart.com\/kisstoria\/wp-json\/wp\/v2\/media?parent=51"}],"curies":[{"name":"wp","href":"https:\/\/api.w.org\/{rel}","templated":true}]}}