{"id":497,"date":"2018-05-17T08:07:43","date_gmt":"2018-05-17T08:07:43","guid":{"rendered":"https:\/\/www.scionart.com\/kisstoria\/?page_id=497"},"modified":"2020-02-11T21:01:06","modified_gmt":"2020-02-11T21:01:06","slug":"sonic-boom","status":"publish","type":"page","link":"https:\/\/www.scionart.com\/kisstoria\/tayspitkat\/sonic-boom\/","title":{"rendered":"Sonic boom"},"content":{"rendered":"\n<ol><li>Modern day Delilah (Stanley) \u2013 3:35<\/li><li>Russian roulette (Simmons, Stanley) \u2013 4:32<\/li><li>Never enough (Stanley, Thayer) \u2013 3:27<\/li><li>Yes I know (nobody\u2019s perfect) (Simmons) \u2013 3:03<\/li><li>Stand (Stanley, Simmons) \u2013 4:50<\/li><li>Hot and cold (Simmons) \u2013 3:37<\/li><li>All for the glory (Stanley, Simmons) \u2013 3:49<\/li><li>Danger us (Stanley) \u2013 4:23<\/li><li>I\u2019m an animal (Stanley, Simmons, Thayer) \u2013 3:47<\/li><li>When lightning strikes (Thayer, Stanley) \u2013 3:45<\/li><li>Say yeah (Stanley) \u2013 4:27<\/li><\/ol>\n\n\n\n<p>Levy-yhti\u00f6: Kiss Records<br>Tuottaja(t): Paul Stanley<br>\u00c4\u00e4nitetty: elokuu 2007, Henson Recording Studios (Kalifornia, USA)<br>Julkaistu: 6.10.2009<br>Kansitaide: Michael Doret<\/p>\n","protected":false},"excerpt":{"rendered":"<p>Modern day Delilah (Stanley) \u2013 3:35 Russian roulette (Simmons, Stanley) \u2013 4:32 Never enough (Stanley, Thayer) \u2013 3:27 Yes I know (nobody\u2019s perfect) (Simmons) \u2013 [&hellip;]<\/p>\n","protected":false},"author":1,"featured_media":1100,"parent":82,"menu_order":0,"comment_status":"closed","ping_status":"closed","template":"page_record.php","meta":{"inline_featured_image":false},"_links":{"self":[{"href":"https:\/\/www.scionart.com\/kisstoria\/wp-json\/wp\/v2\/pages\/497"}],"collection":[{"href":"https:\/\/www.scionart.com\/kisstoria\/wp-json\/wp\/v2\/pages"}],"about":[{"href":"https:\/\/www.scionart.com\/kisstoria\/wp-json\/wp\/v2\/types\/page"}],"author":[{"embeddable":true,"href":"https:\/\/www.scionart.com\/kisstoria\/wp-json\/wp\/v2\/users\/1"}],"replies":[{"embeddable":true,"href":"https:\/\/www.scionart.com\/kisstoria\/wp-json\/wp\/v2\/comments?post=497"}],"version-history":[{"count":2,"href":"https:\/\/www.scionart.com\/kisstoria\/wp-json\/wp\/v2\/pages\/497\/revisions"}],"predecessor-version":[{"id":1106,"href":"https:\/\/www.scionart.com\/kisstoria\/wp-json\/wp\/v2\/pages\/497\/revisions\/1106"}],"up":[{"embeddable":true,"href":"https:\/\/www.scionart.com\/kisstoria\/wp-json\/wp\/v2\/pages\/82"}],"wp:featuredmedia":[{"embeddable":true,"href":"https:\/\/www.scionart.com\/kisstoria\/wp-json\/wp\/v2\/media\/1100"}],"wp:attachment":[{"href":"https:\/\/www.scionart.com\/kisstoria\/wp-json\/wp\/v2\/media?parent=497"}],"curies":[{"name":"wp","href":"https:\/\/api.w.org\/{rel}","templated":true}]}}