{"id":491,"date":"2018-05-17T07:50:46","date_gmt":"2018-05-17T07:50:46","guid":{"rendered":"https:\/\/www.scionart.com\/kisstoria\/?page_id=491"},"modified":"2020-02-11T20:30:15","modified_gmt":"2020-02-11T20:30:15","slug":"revenge","status":"publish","type":"page","link":"https:\/\/www.scionart.com\/kisstoria\/tayspitkat\/revenge\/","title":{"rendered":"Revenge"},"content":{"rendered":"\n<ol><li>Unholy (Simmons, Vincent) \u2013 3:40<\/li><li>Take it off (Stanley, Ezrin, Roberts) \u2013 4:50<\/li><li>Tough love (Stanley, Kulick, Ezrin) \u2013 3:44<\/li><li>Spit (Simmons, Van Zen, Stanley) \u2013 3:32<\/li><li>God gave rock \u2018n\u2019 roll to you II (Ballard, Stanley, Simmons, Ezrin) \u2013 5:18<\/li><li>Domino (Simmons) \u2013 4:01<\/li><li>Heart of chrome (Stanley, Vincent, Ezrin) \u2013 4:02<\/li><li>Thou shalt not (Simmons, Damon) \u2013 3:59<\/li><li>Every time I look at you (Stanley, Ezrin) \u2013 4:38<\/li><li>Paralyzed (Simmons, Ezrin) \u2013 4:14<\/li><li>I just wanna (Stanley, Vincent) \u2013 4:07<\/li><li>Carr jam 1981 (Carr) \u2013 2:46<\/li><\/ol>\n\n\n\n<p>Levy-yhti\u00f6: Mercury<br>Tuottaja(t): Bob Ezrin<br>\u00c4\u00e4nitetty: syyskuu 1991 \u2013 maaliskuu 1992, Rumbo Recorders (Kalifornia, USA), Track Records (Kalifornia, USA), Cornerstone Recorders (Kalifornia, USA), Ocean Way Recording (Kalifornia, USA), Acme Recording Studios (New York, USA), The Enterprise Studios (Kalifornia, USA), A&amp;M Studios (Kalifornia, USA)<br>Julkaistu: 19.5.1992<br>Kansitaide: Hugh Syme<\/p>\n","protected":false},"excerpt":{"rendered":"<p>Unholy (Simmons, Vincent) \u2013 3:40 Take it off (Stanley, Ezrin, Roberts) \u2013 4:50 Tough love (Stanley, Kulick, Ezrin) \u2013 3:44 Spit (Simmons, Van Zen, Stanley) [&hellip;]<\/p>\n","protected":false},"author":1,"featured_media":1091,"parent":82,"menu_order":0,"comment_status":"closed","ping_status":"closed","template":"page_record.php","meta":{"inline_featured_image":false},"_links":{"self":[{"href":"https:\/\/www.scionart.com\/kisstoria\/wp-json\/wp\/v2\/pages\/491"}],"collection":[{"href":"https:\/\/www.scionart.com\/kisstoria\/wp-json\/wp\/v2\/pages"}],"about":[{"href":"https:\/\/www.scionart.com\/kisstoria\/wp-json\/wp\/v2\/types\/page"}],"author":[{"embeddable":true,"href":"https:\/\/www.scionart.com\/kisstoria\/wp-json\/wp\/v2\/users\/1"}],"replies":[{"embeddable":true,"href":"https:\/\/www.scionart.com\/kisstoria\/wp-json\/wp\/v2\/comments?post=491"}],"version-history":[{"count":2,"href":"https:\/\/www.scionart.com\/kisstoria\/wp-json\/wp\/v2\/pages\/491\/revisions"}],"predecessor-version":[{"id":1094,"href":"https:\/\/www.scionart.com\/kisstoria\/wp-json\/wp\/v2\/pages\/491\/revisions\/1094"}],"up":[{"embeddable":true,"href":"https:\/\/www.scionart.com\/kisstoria\/wp-json\/wp\/v2\/pages\/82"}],"wp:featuredmedia":[{"embeddable":true,"href":"https:\/\/www.scionart.com\/kisstoria\/wp-json\/wp\/v2\/media\/1091"}],"wp:attachment":[{"href":"https:\/\/www.scionart.com\/kisstoria\/wp-json\/wp\/v2\/media?parent=491"}],"curies":[{"name":"wp","href":"https:\/\/api.w.org\/{rel}","templated":true}]}}