{"id":489,"date":"2018-05-17T07:49:05","date_gmt":"2018-05-17T07:49:05","guid":{"rendered":"https:\/\/www.scionart.com\/kisstoria\/?page_id=489"},"modified":"2020-02-11T20:22:09","modified_gmt":"2020-02-11T20:22:09","slug":"hot-in-the-shade","status":"publish","type":"page","link":"https:\/\/www.scionart.com\/kisstoria\/tayspitkat\/hot-in-the-shade\/","title":{"rendered":"Hot in the shade"},"content":{"rendered":"\n<ol><li>Rise to it (Stanley, Halligan) \u2013 4:08<\/li><li>Betrayed (Simmons, Thayer) \u2013 3:38<\/li><li>Hide your heart (Stanley, Child, Knight) \u2013 4:25<\/li><li>Prisoner of love (Simmons, Kulick) \u2013 3:52<\/li><li>Read my body (Stanley, Halligan) \u2013 3:48<\/li><li>Love\u2019s a slap in a face (Simmons, Poncia) \u2013 4:04<\/li><li>Forever (Stanley, Bolton) \u2013 3:52<\/li><li>Silver spoon (Stanley, Poncia) \u2013 4:38<\/li><li>Cadillac dreams (Simmons, Poncia) \u2013 3:44<\/li><li>King of hearts (Stanley, Poncia) \u2013 4:26<\/li><li>The street giveth and the street taketh away (Simmons, Thayer) \u2013 3:34<\/li><li>You love me to hate you (Stanley, Child) \u2013 4:00<\/li><li>Somewhere between heaven and hell (Simmons, Poncia) \u2013 3:52<\/li><li>Little Caesar (Carr, Simmons, Mitchell) \u2013 3:08<\/li><li>Boomerang (Simmons, Kulick) \u2013 3:30<\/li><\/ol>\n\n\n\n<p>Levy-yhti\u00f6: Mercury<br>Tuottaja(t): Gene Simmons, Paul Stanley<br>\u00c4\u00e4nitetty: hein\u00e4-elokuu 1989, The Fortress (Kalifornia, USA)<br>Julkaistu: 17.10.1989<br>Kansitaide: Mitchell Kanner, Scott Townsend<\/p>\n","protected":false},"excerpt":{"rendered":"<p>Rise to it (Stanley, Halligan) \u2013 4:08 Betrayed (Simmons, Thayer) \u2013 3:38 Hide your heart (Stanley, Child, Knight) \u2013 4:25 Prisoner of love (Simmons, Kulick) [&hellip;]<\/p>\n","protected":false},"author":1,"featured_media":1083,"parent":82,"menu_order":0,"comment_status":"closed","ping_status":"closed","template":"page_record.php","meta":{"inline_featured_image":false},"_links":{"self":[{"href":"https:\/\/www.scionart.com\/kisstoria\/wp-json\/wp\/v2\/pages\/489"}],"collection":[{"href":"https:\/\/www.scionart.com\/kisstoria\/wp-json\/wp\/v2\/pages"}],"about":[{"href":"https:\/\/www.scionart.com\/kisstoria\/wp-json\/wp\/v2\/types\/page"}],"author":[{"embeddable":true,"href":"https:\/\/www.scionart.com\/kisstoria\/wp-json\/wp\/v2\/users\/1"}],"replies":[{"embeddable":true,"href":"https:\/\/www.scionart.com\/kisstoria\/wp-json\/wp\/v2\/comments?post=489"}],"version-history":[{"count":2,"href":"https:\/\/www.scionart.com\/kisstoria\/wp-json\/wp\/v2\/pages\/489\/revisions"}],"predecessor-version":[{"id":1088,"href":"https:\/\/www.scionart.com\/kisstoria\/wp-json\/wp\/v2\/pages\/489\/revisions\/1088"}],"up":[{"embeddable":true,"href":"https:\/\/www.scionart.com\/kisstoria\/wp-json\/wp\/v2\/pages\/82"}],"wp:featuredmedia":[{"embeddable":true,"href":"https:\/\/www.scionart.com\/kisstoria\/wp-json\/wp\/v2\/media\/1083"}],"wp:attachment":[{"href":"https:\/\/www.scionart.com\/kisstoria\/wp-json\/wp\/v2\/media?parent=489"}],"curies":[{"name":"wp","href":"https:\/\/api.w.org\/{rel}","templated":true}]}}