{"id":485,"date":"2018-05-17T07:37:19","date_gmt":"2018-05-17T07:37:19","guid":{"rendered":"https:\/\/www.scionart.com\/kisstoria\/?page_id=485"},"modified":"2020-02-11T20:15:24","modified_gmt":"2020-02-11T20:15:24","slug":"asylum","status":"publish","type":"page","link":"https:\/\/www.scionart.com\/kisstoria\/tayspitkat\/asylum\/","title":{"rendered":"Asylum"},"content":{"rendered":"\n<ol><li>King of the mountain (Stanley, Kulick, Child) \u2013 4:19<\/li><li>Any way you slice it (Simmons, Rice) \u2013 4:03<\/li><li>Who wants to be lonely (Stanley, Child, Beauvoir) \u2013 4:02<\/li><li>Trial by fire (Simmons, Kulick) \u2013 3:26<\/li><li>I\u2019m alive (Stanley, Kulick, Child) \u2013 3:46<\/li><li>Love\u2019s deadly weapon (Simmons, Stanley, Swenson, Beech) \u2013 3:31<\/li><li>Tears are falling (Stanley) \u2013 3:55<\/li><li>Secretly cruel (Simmons) \u2013 3:44<\/li><li>Radar for love (Stanley, Child) \u2013 4:01<\/li><li>UH! All night (Stanley, Child, Beauvoir) \u2013&nbsp;4:03<\/li><\/ol>\n\n\n\n<p>Levy-yhti\u00f6: Mercury<br>Tuottaja(t): Paul Stanley, Gene Simmons<br>\u00c4\u00e4nitetty: kes\u00e4-hein\u00e4kuu 1985, Electric Lady Studios (New York, USA)<br>Julkaistu: 16.9.1985<br>Kansitaide: Dennis Woloch<\/p>\n","protected":false},"excerpt":{"rendered":"<p>King of the mountain (Stanley, Kulick, Child) \u2013 4:19 Any way you slice it (Simmons, Rice) \u2013 4:03 Who wants to be lonely (Stanley, Child, [&hellip;]<\/p>\n","protected":false},"author":1,"featured_media":1077,"parent":82,"menu_order":0,"comment_status":"closed","ping_status":"closed","template":"page_record.php","meta":{"inline_featured_image":false},"_links":{"self":[{"href":"https:\/\/www.scionart.com\/kisstoria\/wp-json\/wp\/v2\/pages\/485"}],"collection":[{"href":"https:\/\/www.scionart.com\/kisstoria\/wp-json\/wp\/v2\/pages"}],"about":[{"href":"https:\/\/www.scionart.com\/kisstoria\/wp-json\/wp\/v2\/types\/page"}],"author":[{"embeddable":true,"href":"https:\/\/www.scionart.com\/kisstoria\/wp-json\/wp\/v2\/users\/1"}],"replies":[{"embeddable":true,"href":"https:\/\/www.scionart.com\/kisstoria\/wp-json\/wp\/v2\/comments?post=485"}],"version-history":[{"count":2,"href":"https:\/\/www.scionart.com\/kisstoria\/wp-json\/wp\/v2\/pages\/485\/revisions"}],"predecessor-version":[{"id":1080,"href":"https:\/\/www.scionart.com\/kisstoria\/wp-json\/wp\/v2\/pages\/485\/revisions\/1080"}],"up":[{"embeddable":true,"href":"https:\/\/www.scionart.com\/kisstoria\/wp-json\/wp\/v2\/pages\/82"}],"wp:featuredmedia":[{"embeddable":true,"href":"https:\/\/www.scionart.com\/kisstoria\/wp-json\/wp\/v2\/media\/1077"}],"wp:attachment":[{"href":"https:\/\/www.scionart.com\/kisstoria\/wp-json\/wp\/v2\/media?parent=485"}],"curies":[{"name":"wp","href":"https:\/\/api.w.org\/{rel}","templated":true}]}}