{"id":481,"date":"2018-05-17T07:35:23","date_gmt":"2018-05-17T07:35:23","guid":{"rendered":"https:\/\/www.scionart.com\/kisstoria\/?page_id=481"},"modified":"2020-02-11T19:53:35","modified_gmt":"2020-02-11T19:53:35","slug":"lick-it-up","status":"publish","type":"page","link":"https:\/\/www.scionart.com\/kisstoria\/tayspitkat\/lick-it-up\/","title":{"rendered":"Lick it up"},"content":{"rendered":"\n<ol><li>Exciter (Stanley, Vincent) \u2013 4:10<\/li><li>Not for the innocent (Simmons, Vincent) \u2013 4:22<\/li><li>Lick it up (Stanley, Vincent) \u2013 3:53<\/li><li>Young and wasted (Simmons, Vincent) \u2013 4:04<\/li><li>Gimme more (Stanley, Vincent) \u2013 3:43<\/li><li>All hell\u2019s breakin\u2019 loose (Carr, Stanley, Vincent, Simmons) \u2013 4:32<\/li><li>A million to one (Stanley, Vincent) \u2013 4:10<\/li><li>Fits like a glove (Simmons) \u2013 4:04<\/li><li>Dance all over your face (Simmons) \u2013 4:16<\/li><li>And on the 8th day (Simmons, Vincent) \u2013 4:02<\/li><\/ol>\n\n\n\n<p>Levy-yhti\u00f6: Mercury<br>Tuottaja(t): Michael James Jackson, Gene Simmons, Paul Stanley<br>\u00c4\u00e4nitetty: hein\u00e4-elokuu 1983, Right Track Studios (New York, USA)<br>Julkaistu: 18.9.1983<br>Kansitaide: Bernard Vidal (valokuva)<\/p>\n","protected":false},"excerpt":{"rendered":"<p>Exciter (Stanley, Vincent) \u2013 4:10 Not for the innocent (Simmons, Vincent) \u2013 4:22 Lick it up (Stanley, Vincent) \u2013 3:53 Young and wasted (Simmons, Vincent) [&hellip;]<\/p>\n","protected":false},"author":1,"featured_media":1071,"parent":82,"menu_order":0,"comment_status":"closed","ping_status":"closed","template":"page_record.php","meta":{"inline_featured_image":false},"_links":{"self":[{"href":"https:\/\/www.scionart.com\/kisstoria\/wp-json\/wp\/v2\/pages\/481"}],"collection":[{"href":"https:\/\/www.scionart.com\/kisstoria\/wp-json\/wp\/v2\/pages"}],"about":[{"href":"https:\/\/www.scionart.com\/kisstoria\/wp-json\/wp\/v2\/types\/page"}],"author":[{"embeddable":true,"href":"https:\/\/www.scionart.com\/kisstoria\/wp-json\/wp\/v2\/users\/1"}],"replies":[{"embeddable":true,"href":"https:\/\/www.scionart.com\/kisstoria\/wp-json\/wp\/v2\/comments?post=481"}],"version-history":[{"count":2,"href":"https:\/\/www.scionart.com\/kisstoria\/wp-json\/wp\/v2\/pages\/481\/revisions"}],"predecessor-version":[{"id":1070,"href":"https:\/\/www.scionart.com\/kisstoria\/wp-json\/wp\/v2\/pages\/481\/revisions\/1070"}],"up":[{"embeddable":true,"href":"https:\/\/www.scionart.com\/kisstoria\/wp-json\/wp\/v2\/pages\/82"}],"wp:featuredmedia":[{"embeddable":true,"href":"https:\/\/www.scionart.com\/kisstoria\/wp-json\/wp\/v2\/media\/1071"}],"wp:attachment":[{"href":"https:\/\/www.scionart.com\/kisstoria\/wp-json\/wp\/v2\/media?parent=481"}],"curies":[{"name":"wp","href":"https:\/\/api.w.org\/{rel}","templated":true}]}}