{"id":479,"date":"2018-05-17T07:27:26","date_gmt":"2018-05-17T07:27:26","guid":{"rendered":"https:\/\/www.scionart.com\/kisstoria\/?page_id=479"},"modified":"2020-02-11T12:52:49","modified_gmt":"2020-02-11T12:52:49","slug":"creatures-of-the-night","status":"publish","type":"page","link":"https:\/\/www.scionart.com\/kisstoria\/tayspitkat\/creatures-of-the-night\/","title":{"rendered":"Creatures of the night"},"content":{"rendered":"\n<ol><li>Creatures of the night (Stanley, Mitchell) \u2013 4:03<\/li><li>Saint and sinner (Simmons, Japp) \u2013 4:49<\/li><li>Keep me comin\u2019 (Stanley, Mitchell) \u2013 3:55<\/li><li>Rock and roll hell (Simmons, Adams, Vallance) \u2013 4:12<\/li><li>Danger (Stanley, Mitchell) \u2013 3:56<\/li><li>I love it loud (Stanley, Cusano) \u2013 4:15<\/li><li>I still love you (Stanley, Cusano) \u2013 6:06<\/li><li>Killer (Simmons, Cusano) \u2013 3:19<\/li><li>War machine (Simmons, Adams, Vallance) \u2013 4:13<\/li><\/ol>\n\n\n\n<p>Levy-yhti\u00f6: Casablanca records<br>Tuottaja(t): Michael James Jackson, Paul Stanley, Gene Simmons<br>\u00c4\u00e4nitetty: hein\u00e4-syyskuu 1982, Record Plant (Kalifornia, USA)<br>Julkaistu: 13.10.1982<br>Kansitaide: Dennis Woloch<\/p>\n\n\n\n<h2>Tiesitk\u00f6?<\/h2>\n\n\n\n<p>Toisin kuin levyn kansi antaa olettaa, Ace Frehley ei soita kitaraa yhdell\u00e4k\u00e4\u00e4n levyn kappaleista.<\/p>\n\n\n\n<div class=\"wp-block-image\"><figure class=\"alignleft\"><img decoding=\"async\" loading=\"lazy\" width=\"180\" height=\"180\" src=\"https:\/\/www.scionart.com\/kisstoria\/wp-content\/uploads\/2018\/05\/discography_creatures_of_the_night_1985.jpg\" alt=\"Creatures of the night 1985\" class=\"wp-image-794\" srcset=\"https:\/\/www.scionart.com\/kisstoria\/wp-content\/uploads\/2018\/05\/discography_creatures_of_the_night_1985.jpg 180w, https:\/\/www.scionart.com\/kisstoria\/wp-content\/uploads\/2018\/05\/discography_creatures_of_the_night_1985-125x125.jpg 125w\" sizes=\"(max-width: 180px) 100vw, 180px\" \/><\/figure><\/div>\n\n\n\n<p>Vuoden 1985 uusintajulkaisussa on eri kansikuva \u2013 tuolloinen b\u00e4ndi ilman maskeja \u2013 ja kappaleet \u201cSaint and sinner\u201d ja \u201cKiller\u201d ovat vaihtaneet paikkaa. Kannessa esiintyy Bruce Kulick, joka ei my\u00f6sk\u00e4\u00e4n soita levyll\u00e4.<\/p>\n","protected":false},"excerpt":{"rendered":"<p>Creatures of the night (Stanley, Mitchell) \u2013 4:03 Saint and sinner (Simmons, Japp) \u2013 4:49 Keep me comin\u2019 (Stanley, Mitchell) \u2013 3:55 Rock and roll [&hellip;]<\/p>\n","protected":false},"author":1,"featured_media":1057,"parent":82,"menu_order":0,"comment_status":"closed","ping_status":"closed","template":"page_record.php","meta":{"inline_featured_image":false},"_links":{"self":[{"href":"https:\/\/www.scionart.com\/kisstoria\/wp-json\/wp\/v2\/pages\/479"}],"collection":[{"href":"https:\/\/www.scionart.com\/kisstoria\/wp-json\/wp\/v2\/pages"}],"about":[{"href":"https:\/\/www.scionart.com\/kisstoria\/wp-json\/wp\/v2\/types\/page"}],"author":[{"embeddable":true,"href":"https:\/\/www.scionart.com\/kisstoria\/wp-json\/wp\/v2\/users\/1"}],"replies":[{"embeddable":true,"href":"https:\/\/www.scionart.com\/kisstoria\/wp-json\/wp\/v2\/comments?post=479"}],"version-history":[{"count":5,"href":"https:\/\/www.scionart.com\/kisstoria\/wp-json\/wp\/v2\/pages\/479\/revisions"}],"predecessor-version":[{"id":1064,"href":"https:\/\/www.scionart.com\/kisstoria\/wp-json\/wp\/v2\/pages\/479\/revisions\/1064"}],"up":[{"embeddable":true,"href":"https:\/\/www.scionart.com\/kisstoria\/wp-json\/wp\/v2\/pages\/82"}],"wp:featuredmedia":[{"embeddable":true,"href":"https:\/\/www.scionart.com\/kisstoria\/wp-json\/wp\/v2\/media\/1057"}],"wp:attachment":[{"href":"https:\/\/www.scionart.com\/kisstoria\/wp-json\/wp\/v2\/media?parent=479"}],"curies":[{"name":"wp","href":"https:\/\/api.w.org\/{rel}","templated":true}]}}