{"id":471,"date":"2018-05-17T07:08:40","date_gmt":"2018-05-17T07:08:40","guid":{"rendered":"https:\/\/www.scionart.com\/kisstoria\/?page_id=471"},"modified":"2020-02-11T12:11:26","modified_gmt":"2020-02-11T12:11:26","slug":"unmasked","status":"publish","type":"page","link":"https:\/\/www.scionart.com\/kisstoria\/tayspitkat\/unmasked\/","title":{"rendered":"Unmasked"},"content":{"rendered":"\n<ol><li>Is that you? (McMahon) \u2013 3:57<\/li><li>Shandi (Stanley, Poncia) \u2013 3:35<\/li><li>Talk to me (Frehley) \u2013 4:01<\/li><li>Naked city (Simmons, Kulick, Castro, Poncia) \u2013 3:50<\/li><li>What makes the world go \u2019round (Stanley, Poncia) \u2013 4:12<\/li><li>Tomorrow (Stanley, Poncia) \u2013 3:16<\/li><li>Two sides of the coin (Frehley) \u2013 3:15<\/li><li>She\u2019s so european (Simmons, Poncia) \u2013 3:30<\/li><li>Easy as it seems (Stanley, Poncia) \u2013 3:24<\/li><li>Torpedo girl (Frehley, Poncia) \u2013 3:44<\/li><li>You\u2019re all that I want (Simmons, Poncia) \u2013 3:02<\/li><\/ol>\n\n\n\n<p>Levy-yhti\u00f6: Casablanca records<br>Tuottaja(t): Vini Poncia<br>\u00c4\u00e4nitetty: tammi-maaliskuu 1980, Record Plant (New York, USA)<br>Julkaistu: 20.5.1980<br>Kansitaide: Victor Stabin<\/p>\n\n\n\n<h2>Tiesitk\u00f6?<\/h2>\n\n\n\n<p>Toisin kuin levyn kansi antaa olettaa, Peter Criss ei soita rumpuja yhdell\u00e4k\u00e4\u00e4n levyn kappaleista. Rumpaloinnista vastasi Anton Fig.<\/p>\n\n\n\n<p>Vinyylin ensipainoksen liitteen\u00e4 oli juliste ja oheistuotteiden tilauslomake.<\/p>\n","protected":false},"excerpt":{"rendered":"<p>Is that you? (McMahon) \u2013 3:57 Shandi (Stanley, Poncia) \u2013 3:35 Talk to me (Frehley) \u2013 4:01 Naked city (Simmons, Kulick, Castro, Poncia) \u2013 3:50 [&hellip;]<\/p>\n","protected":false},"author":1,"featured_media":1050,"parent":82,"menu_order":0,"comment_status":"closed","ping_status":"closed","template":"page_record.php","meta":{"inline_featured_image":false},"_links":{"self":[{"href":"https:\/\/www.scionart.com\/kisstoria\/wp-json\/wp\/v2\/pages\/471"}],"collection":[{"href":"https:\/\/www.scionart.com\/kisstoria\/wp-json\/wp\/v2\/pages"}],"about":[{"href":"https:\/\/www.scionart.com\/kisstoria\/wp-json\/wp\/v2\/types\/page"}],"author":[{"embeddable":true,"href":"https:\/\/www.scionart.com\/kisstoria\/wp-json\/wp\/v2\/users\/1"}],"replies":[{"embeddable":true,"href":"https:\/\/www.scionart.com\/kisstoria\/wp-json\/wp\/v2\/comments?post=471"}],"version-history":[{"count":4,"href":"https:\/\/www.scionart.com\/kisstoria\/wp-json\/wp\/v2\/pages\/471\/revisions"}],"predecessor-version":[{"id":1055,"href":"https:\/\/www.scionart.com\/kisstoria\/wp-json\/wp\/v2\/pages\/471\/revisions\/1055"}],"up":[{"embeddable":true,"href":"https:\/\/www.scionart.com\/kisstoria\/wp-json\/wp\/v2\/pages\/82"}],"wp:featuredmedia":[{"embeddable":true,"href":"https:\/\/www.scionart.com\/kisstoria\/wp-json\/wp\/v2\/media\/1050"}],"wp:attachment":[{"href":"https:\/\/www.scionart.com\/kisstoria\/wp-json\/wp\/v2\/media?parent=471"}],"curies":[{"name":"wp","href":"https:\/\/api.w.org\/{rel}","templated":true}]}}