{"id":469,"date":"2018-05-17T06:56:44","date_gmt":"2018-05-17T06:56:44","guid":{"rendered":"https:\/\/www.scionart.com\/kisstoria\/?page_id=469"},"modified":"2020-02-11T12:09:45","modified_gmt":"2020-02-11T12:09:45","slug":"dynasty","status":"publish","type":"page","link":"https:\/\/www.scionart.com\/kisstoria\/tayspitkat\/dynasty\/","title":{"rendered":"Dynasty"},"content":{"rendered":"\n<ol><li>I was made for lovin\u2019 you (Stanley, Poncia, Child) \u2013 4:29<\/li><li>2,000 man (Jagger, Richards) \u2013 4:53<\/li><li>Sure know something (Stanley, Poncia) \u2013 3:58<\/li><li>Dirty livin\u2019 (Criss, Poncia, Penridge) \u2013 4:16<\/li><li>Charisma (Simmons, Marks) \u2013 4:24<\/li><li>Magic touch (Stanley) \u2013 4:38<\/li><li>Hard times (Frehley) \u2013 3:30<\/li><li>X-ray eyes (Simmons) \u2013 3:44<\/li><li>Save your love (Frehley) \u2013 4:37<\/li><\/ol>\n\n\n\n<p>Levy-yhti\u00f6: Casablanca records<br>Tuottaja(t): Vini Poncia<br>\u00c4\u00e4nitetty: helmikuu 1979, Electric Lady Studios (New York, USA), Record Plant (New York, USA)<br>Julkaistu: 23.5.1979<br>Kansitaide: Francesco Scavullo (useammasta kuvasta koostettu valokuva)<\/p>\n\n\n\n<h2>Tiesitk\u00f6?<\/h2>\n\n\n\n<p>Peter Criss soitti rumpuja vain yhdell\u00e4 levyn kappaleista (Dirty livin\u2019). Muissa kappaleissa rumpaloinnista vastasi Anton Fig.<\/p>\n\n\n\n<p>Vinyylin ensipainoksen liitteen\u00e4 oli juliste ja oheistuotteiden tilauslomake.<\/p>\n","protected":false},"excerpt":{"rendered":"<p>I was made for lovin\u2019 you (Stanley, Poncia, Child) \u2013 4:29 2,000 man (Jagger, Richards) \u2013 4:53 Sure know something (Stanley, Poncia) \u2013 3:58 Dirty [&hellip;]<\/p>\n","protected":false},"author":1,"featured_media":1049,"parent":82,"menu_order":0,"comment_status":"closed","ping_status":"closed","template":"page_record.php","meta":{"inline_featured_image":false},"_links":{"self":[{"href":"https:\/\/www.scionart.com\/kisstoria\/wp-json\/wp\/v2\/pages\/469"}],"collection":[{"href":"https:\/\/www.scionart.com\/kisstoria\/wp-json\/wp\/v2\/pages"}],"about":[{"href":"https:\/\/www.scionart.com\/kisstoria\/wp-json\/wp\/v2\/types\/page"}],"author":[{"embeddable":true,"href":"https:\/\/www.scionart.com\/kisstoria\/wp-json\/wp\/v2\/users\/1"}],"replies":[{"embeddable":true,"href":"https:\/\/www.scionart.com\/kisstoria\/wp-json\/wp\/v2\/comments?post=469"}],"version-history":[{"count":2,"href":"https:\/\/www.scionart.com\/kisstoria\/wp-json\/wp\/v2\/pages\/469\/revisions"}],"predecessor-version":[{"id":1053,"href":"https:\/\/www.scionart.com\/kisstoria\/wp-json\/wp\/v2\/pages\/469\/revisions\/1053"}],"up":[{"embeddable":true,"href":"https:\/\/www.scionart.com\/kisstoria\/wp-json\/wp\/v2\/pages\/82"}],"wp:featuredmedia":[{"embeddable":true,"href":"https:\/\/www.scionart.com\/kisstoria\/wp-json\/wp\/v2\/media\/1049"}],"wp:attachment":[{"href":"https:\/\/www.scionart.com\/kisstoria\/wp-json\/wp\/v2\/media?parent=469"}],"curies":[{"name":"wp","href":"https:\/\/api.w.org\/{rel}","templated":true}]}}