{"id":467,"date":"2018-05-17T06:44:38","date_gmt":"2018-05-17T06:44:38","guid":{"rendered":"https:\/\/www.scionart.com\/kisstoria\/?page_id=467"},"modified":"2020-02-11T12:03:51","modified_gmt":"2020-02-11T12:03:51","slug":"paul-stanley","status":"publish","type":"page","link":"https:\/\/www.scionart.com\/kisstoria\/tayspitkat\/paul-stanley\/","title":{"rendered":"Paul Stanley"},"content":{"rendered":"\n<ol><li>Tonight you belong to me (Stanley) \u2013 4:40<\/li><li>Move on (Stanley, Japp) \u2013 3:11<\/li><li>Ain\u2019t quite right (Stanley, Japp) \u2013 3:35<\/li><li>Wouldn\u2019t you like to know me? (Stanley) \u2013 3:18<\/li><li>Take me away (together as one) (Stanley, Japp) \u2013 5:34<\/li><li>It\u2019s alright (Stanley) \u2013 3:34<\/li><li>Hold me, touch me (think of me when we\u2019re apart) (Stanley) \u2013 3:40<\/li><li>Love in chains (Stanley) \u2013 3:33<\/li><li>Goodbye (Stanley) \u2013 4:09<\/li><\/ol>\n\n\n\n<p>Levy-yhti\u00f6: Casablanca records<br>Tuottaja(t): Paul Stanley, Jeff Glixman<br>\u00c4\u00e4nitetty: helmi-hein\u00e4kuu 1978, Electric Lady Studios (New York, USA), Record Plant (Los Angeles, USA) ja The Village Recorder (Los Angeles, USA)<br>Julkaistu: 18.9.1978<br>Kansitaide: Eraldo Carugati<\/p>\n\n\n\n<h2>Tiesitk\u00f6?<\/h2>\n\n\n\n<p>Vinyylin ensipainoksen liitteen\u00e4 oli yksi osa neliosaisesta julisteesta ja oheistuotteiden tilauslomake.<\/p>\n","protected":false},"excerpt":{"rendered":"<p>Tonight you belong to me (Stanley) \u2013 4:40 Move on (Stanley, Japp) \u2013 3:11 Ain\u2019t quite right (Stanley, Japp) \u2013 3:35 Wouldn\u2019t you like to [&hellip;]<\/p>\n","protected":false},"author":1,"featured_media":1035,"parent":82,"menu_order":0,"comment_status":"closed","ping_status":"closed","template":"page_record.php","meta":{"inline_featured_image":false},"_links":{"self":[{"href":"https:\/\/www.scionart.com\/kisstoria\/wp-json\/wp\/v2\/pages\/467"}],"collection":[{"href":"https:\/\/www.scionart.com\/kisstoria\/wp-json\/wp\/v2\/pages"}],"about":[{"href":"https:\/\/www.scionart.com\/kisstoria\/wp-json\/wp\/v2\/types\/page"}],"author":[{"embeddable":true,"href":"https:\/\/www.scionart.com\/kisstoria\/wp-json\/wp\/v2\/users\/1"}],"replies":[{"embeddable":true,"href":"https:\/\/www.scionart.com\/kisstoria\/wp-json\/wp\/v2\/comments?post=467"}],"version-history":[{"count":2,"href":"https:\/\/www.scionart.com\/kisstoria\/wp-json\/wp\/v2\/pages\/467\/revisions"}],"predecessor-version":[{"id":1047,"href":"https:\/\/www.scionart.com\/kisstoria\/wp-json\/wp\/v2\/pages\/467\/revisions\/1047"}],"up":[{"embeddable":true,"href":"https:\/\/www.scionart.com\/kisstoria\/wp-json\/wp\/v2\/pages\/82"}],"wp:featuredmedia":[{"embeddable":true,"href":"https:\/\/www.scionart.com\/kisstoria\/wp-json\/wp\/v2\/media\/1035"}],"wp:attachment":[{"href":"https:\/\/www.scionart.com\/kisstoria\/wp-json\/wp\/v2\/media?parent=467"}],"curies":[{"name":"wp","href":"https:\/\/api.w.org\/{rel}","templated":true}]}}