{"id":465,"date":"2018-05-17T06:41:01","date_gmt":"2018-05-17T06:41:01","guid":{"rendered":"https:\/\/www.scionart.com\/kisstoria\/?page_id=465"},"modified":"2020-02-11T12:02:18","modified_gmt":"2020-02-11T12:02:18","slug":"gene-simmons","status":"publish","type":"page","link":"https:\/\/www.scionart.com\/kisstoria\/tayspitkat\/gene-simmons\/","title":{"rendered":"Gene Simmons"},"content":{"rendered":"\n<ol><li>Radioactive (Simmons) \u2013 3:51<\/li><li>Burning up with fever (Simmons) \u2013 4:22<\/li><li>See you tonite (Simmons) \u2013 2:28<\/li><li>Tunnel of love (Simmons) \u2013 3:53<\/li><li>True confessions (Simmons) \u2013 3:31<\/li><li>Living in sin (Simmons, Delaney, Marks) \u2013 3:52<\/li><li>Always near you \/ Nowhere to hide (Simmons) \u2013 4:13<\/li><li>Man of 1000 faces (Simmons) \u2013 3:17<\/li><li>Mr. Make believe (Simmons) \u2013 4:02<\/li><li>See you in your dreams (Simmons) \u2013 2:50<\/li><li>When you wish upon a star (Washington, Harline) \u2013 2:44<\/li><\/ol>\n\n\n\n<p>Levy-yhti\u00f6: Casablanca records<br>Tuottaja(t): Sean Delaney, Gene Simmons<br>\u00c4\u00e4nitetty: kev\u00e4t 1978, The Manor (Oxford, Englanti), Cherokee Studios (Los Angeles, USA) ja Blue Rock Studio (New York, USA)<br>Julkaistu: 18.9.1978<br>Kansitaide: Eraldo Carugati<\/p>\n\n\n\n<h2>Tiesitk\u00f6?<\/h2>\n\n\n\n<p>Vinyylin ensipainoksen liitteen\u00e4 oli yksi osa neliosaisesta julisteesta ja oheistuotteiden tilauslomake.<\/p>\n","protected":false},"excerpt":{"rendered":"<p>Radioactive (Simmons) \u2013 3:51 Burning up with fever (Simmons) \u2013 4:22 See you tonite (Simmons) \u2013 2:28 Tunnel of love (Simmons) \u2013 3:53 True confessions [&hellip;]<\/p>\n","protected":false},"author":1,"featured_media":1034,"parent":82,"menu_order":0,"comment_status":"closed","ping_status":"closed","template":"page_record.php","meta":{"inline_featured_image":false},"_links":{"self":[{"href":"https:\/\/www.scionart.com\/kisstoria\/wp-json\/wp\/v2\/pages\/465"}],"collection":[{"href":"https:\/\/www.scionart.com\/kisstoria\/wp-json\/wp\/v2\/pages"}],"about":[{"href":"https:\/\/www.scionart.com\/kisstoria\/wp-json\/wp\/v2\/types\/page"}],"author":[{"embeddable":true,"href":"https:\/\/www.scionart.com\/kisstoria\/wp-json\/wp\/v2\/users\/1"}],"replies":[{"embeddable":true,"href":"https:\/\/www.scionart.com\/kisstoria\/wp-json\/wp\/v2\/comments?post=465"}],"version-history":[{"count":2,"href":"https:\/\/www.scionart.com\/kisstoria\/wp-json\/wp\/v2\/pages\/465\/revisions"}],"predecessor-version":[{"id":1045,"href":"https:\/\/www.scionart.com\/kisstoria\/wp-json\/wp\/v2\/pages\/465\/revisions\/1045"}],"up":[{"embeddable":true,"href":"https:\/\/www.scionart.com\/kisstoria\/wp-json\/wp\/v2\/pages\/82"}],"wp:featuredmedia":[{"embeddable":true,"href":"https:\/\/www.scionart.com\/kisstoria\/wp-json\/wp\/v2\/media\/1034"}],"wp:attachment":[{"href":"https:\/\/www.scionart.com\/kisstoria\/wp-json\/wp\/v2\/media?parent=465"}],"curies":[{"name":"wp","href":"https:\/\/api.w.org\/{rel}","templated":true}]}}