{"id":463,"date":"2018-05-17T06:37:47","date_gmt":"2018-05-17T06:37:47","guid":{"rendered":"https:\/\/www.scionart.com\/kisstoria\/?page_id=463"},"modified":"2020-02-11T12:00:20","modified_gmt":"2020-02-11T12:00:20","slug":"peter-criss","status":"publish","type":"page","link":"https:\/\/www.scionart.com\/kisstoria\/tayspitkat\/peter-criss\/","title":{"rendered":"Peter Criss"},"content":{"rendered":"\n<ol><li>I\u2019m gonna love you (Criss, Penridge) \u2013 3:19<\/li><li>You matter to me (Vastano, Morgan, Poncia) \u2013 3:17<\/li><li>Tossin\u2019 and turnin\u2019 (Adams, Rene) \u2013 4:01<\/li><li>Don\u2019t you let me down (Criss, Penridge) \u2013 3:43<\/li><li>That\u2019s the kind of sugar papa likes (Criss, Penridge) \u2013 3:01<\/li><li>Easy thing (Criss, Penridge) \u2013 3:54<\/li><li>Rock me, baby (Delaney) \u2013 2:53<\/li><li>Kiss the girl goodbye (Criss, Penridge) \u2013 2:46<\/li><li>Hooked on rock \u2018n\u2019 roll (Penridge, Criss, Poncia) \u2013 3:37<\/li><li>I can\u2019t stop the rain (Delaney) \u2013 4:26<\/li><\/ol>\n\n\n\n<p>Levy-yhti\u00f6: Casablanca records<br>Tuottaja(t): Vini Poncia, Peter Criss, Sean Delaney<br>\u00c4\u00e4nitetty: kev\u00e4t 1978, Sunset Sound Studios (Hollywood, USA) ja Electric Lady Studios (New York, USA)<br>Julkaistu: 18.9.1978<br>Kansitaide: Eraldo Carugati<\/p>\n\n\n\n<h2>Tiesitk\u00f6?<\/h2>\n\n\n\n<p>Vinyylin ensipainoksen liitteen\u00e4 oli yksi osa neliosaisesta julisteesta ja oheistuotteiden tilauslomake.<\/p>\n","protected":false},"excerpt":{"rendered":"<p>I\u2019m gonna love you (Criss, Penridge) \u2013 3:19 You matter to me (Vastano, Morgan, Poncia) \u2013 3:17 Tossin\u2019 and turnin\u2019 (Adams, Rene) \u2013 4:01 Don\u2019t [&hellip;]<\/p>\n","protected":false},"author":1,"featured_media":1036,"parent":82,"menu_order":0,"comment_status":"closed","ping_status":"closed","template":"page_record.php","meta":{"inline_featured_image":false},"_links":{"self":[{"href":"https:\/\/www.scionart.com\/kisstoria\/wp-json\/wp\/v2\/pages\/463"}],"collection":[{"href":"https:\/\/www.scionart.com\/kisstoria\/wp-json\/wp\/v2\/pages"}],"about":[{"href":"https:\/\/www.scionart.com\/kisstoria\/wp-json\/wp\/v2\/types\/page"}],"author":[{"embeddable":true,"href":"https:\/\/www.scionart.com\/kisstoria\/wp-json\/wp\/v2\/users\/1"}],"replies":[{"embeddable":true,"href":"https:\/\/www.scionart.com\/kisstoria\/wp-json\/wp\/v2\/comments?post=463"}],"version-history":[{"count":2,"href":"https:\/\/www.scionart.com\/kisstoria\/wp-json\/wp\/v2\/pages\/463\/revisions"}],"predecessor-version":[{"id":1043,"href":"https:\/\/www.scionart.com\/kisstoria\/wp-json\/wp\/v2\/pages\/463\/revisions\/1043"}],"up":[{"embeddable":true,"href":"https:\/\/www.scionart.com\/kisstoria\/wp-json\/wp\/v2\/pages\/82"}],"wp:featuredmedia":[{"embeddable":true,"href":"https:\/\/www.scionart.com\/kisstoria\/wp-json\/wp\/v2\/media\/1036"}],"wp:attachment":[{"href":"https:\/\/www.scionart.com\/kisstoria\/wp-json\/wp\/v2\/media?parent=463"}],"curies":[{"name":"wp","href":"https:\/\/api.w.org\/{rel}","templated":true}]}}