{"id":461,"date":"2018-05-17T06:34:16","date_gmt":"2018-05-17T06:34:16","guid":{"rendered":"https:\/\/www.scionart.com\/kisstoria\/?page_id=461"},"modified":"2020-02-11T11:58:37","modified_gmt":"2020-02-11T11:58:37","slug":"ace-frehley","status":"publish","type":"page","link":"https:\/\/www.scionart.com\/kisstoria\/tayspitkat\/ace-frehley\/","title":{"rendered":"Ace Frehley"},"content":{"rendered":"\n<ol><li>Rip it out (Frehley, Larry Kelly, Sue Kelly) \u2013 3:39<\/li><li>Speedin\u2019 back to my baby (Frehley, Jeanette Frehley) \u2013 3:36<\/li><li>Snow blind (Frehley) \u2013 3:54<\/li><li>Ozone (Frehley) \u2013 4:40<\/li><li>What\u2019s on your mind? (Frehley) \u2013 3:26<\/li><li>New York groove (Ballard) \u2013 3:01<\/li><li>I\u2019m in need of love (Frehley) \u2013 4:35<\/li><li>Wiped-out (Frehley, Fig) \u2013 4:08<\/li><li>Fractured mirror (Frehley) \u2013 5:26<\/li><\/ol>\n\n\n\n<p>Levy-yhti\u00f6: Casablanca records<br>Tuottaja(t): Eddie Kramer, Ace Frehley<br>\u00c4\u00e4nitetty: kes\u00e4-hein\u00e4kuu 1978, &#8221;The Mansion&#8221;&nbsp;(Sharon, USA) ja Plaza Sound Studio (New York, USA)<br>Julkaistu: 18.9.1978<br>Kansitaide: Eraldo Carugati<\/p>\n\n\n\n<h2>Tiesitk\u00f6?<\/h2>\n\n\n\n<p>Vinyylin ensipainoksen liitteen\u00e4 oli yksi osa neliosaisesta julisteesta ja oheistuotteiden tilauslomake.<\/p>\n","protected":false},"excerpt":{"rendered":"<p>Rip it out (Frehley, Larry Kelly, Sue Kelly) \u2013 3:39 Speedin\u2019 back to my baby (Frehley, Jeanette Frehley) \u2013 3:36 Snow blind (Frehley) \u2013 3:54 [&hellip;]<\/p>\n","protected":false},"author":1,"featured_media":1033,"parent":82,"menu_order":0,"comment_status":"closed","ping_status":"closed","template":"page_record.php","meta":{"inline_featured_image":false},"_links":{"self":[{"href":"https:\/\/www.scionart.com\/kisstoria\/wp-json\/wp\/v2\/pages\/461"}],"collection":[{"href":"https:\/\/www.scionart.com\/kisstoria\/wp-json\/wp\/v2\/pages"}],"about":[{"href":"https:\/\/www.scionart.com\/kisstoria\/wp-json\/wp\/v2\/types\/page"}],"author":[{"embeddable":true,"href":"https:\/\/www.scionart.com\/kisstoria\/wp-json\/wp\/v2\/users\/1"}],"replies":[{"embeddable":true,"href":"https:\/\/www.scionart.com\/kisstoria\/wp-json\/wp\/v2\/comments?post=461"}],"version-history":[{"count":2,"href":"https:\/\/www.scionart.com\/kisstoria\/wp-json\/wp\/v2\/pages\/461\/revisions"}],"predecessor-version":[{"id":1041,"href":"https:\/\/www.scionart.com\/kisstoria\/wp-json\/wp\/v2\/pages\/461\/revisions\/1041"}],"up":[{"embeddable":true,"href":"https:\/\/www.scionart.com\/kisstoria\/wp-json\/wp\/v2\/pages\/82"}],"wp:featuredmedia":[{"embeddable":true,"href":"https:\/\/www.scionart.com\/kisstoria\/wp-json\/wp\/v2\/media\/1033"}],"wp:attachment":[{"href":"https:\/\/www.scionart.com\/kisstoria\/wp-json\/wp\/v2\/media?parent=461"}],"curies":[{"name":"wp","href":"https:\/\/api.w.org\/{rel}","templated":true}]}}