{"id":455,"date":"2018-05-17T06:11:45","date_gmt":"2018-05-17T06:11:45","guid":{"rendered":"https:\/\/www.scionart.com\/kisstoria\/?page_id=455"},"modified":"2020-02-11T11:45:42","modified_gmt":"2020-02-11T11:45:42","slug":"rock-and-roll-over","status":"publish","type":"page","link":"https:\/\/www.scionart.com\/kisstoria\/tayspitkat\/rock-and-roll-over\/","title":{"rendered":"Rock and roll over"},"content":{"rendered":"\n<ol><li>I want you (Stanley) \u2013 2:59<\/li><li>Take me (Stanley, Delaney) \u2013 2:50<\/li><li>Calling Dr. Love (Simmons) \u2013 3:38<\/li><li>Ladies room (Simmons) \u2013 3:25<\/li><li>Baby driver (Criss, Penridge) \u2013 3:35<\/li><li>Love \u2018em and leave \u2018em (Simmons) \u2013 3:43<\/li><li>Mr. Speed (Stanley, Delaney) \u2013 3:17<\/li><li>See you in your dreams (Simmons) \u2013 2:28<\/li><li>Hard luck woman (Stanley) \u2013 3:27<\/li><li>Makin\u2019 love (Stanley, Delaney) \u2013 3:08<\/li><\/ol>\n\n\n\n<p>Levy-yhti\u00f6: Casablanca records<br>Tuottaja(t): Eddie Kramer<br>\u00c4\u00e4nitetty: syyskuu 1976, Star Theatre (New York, USA)<br>Julkaistu: 11.11.1976<br>Kansitaide: Michael Doret<\/p>\n\n\n\n<h2>Tiesitk\u00f6?<\/h2>\n\n\n\n<p>Vinyylin ensipainoksen liitteen\u00e4 oli tarra-arkki ja oheistuotteiden tilauslomake.<\/p>\n","protected":false},"excerpt":{"rendered":"<p>I want you (Stanley) \u2013 2:59 Take me (Stanley, Delaney) \u2013 2:50 Calling Dr. Love (Simmons) \u2013 3:38 Ladies room (Simmons) \u2013 3:25 Baby driver [&hellip;]<\/p>\n","protected":false},"author":1,"featured_media":1025,"parent":82,"menu_order":0,"comment_status":"closed","ping_status":"closed","template":"page_record.php","meta":{"inline_featured_image":false},"_links":{"self":[{"href":"https:\/\/www.scionart.com\/kisstoria\/wp-json\/wp\/v2\/pages\/455"}],"collection":[{"href":"https:\/\/www.scionart.com\/kisstoria\/wp-json\/wp\/v2\/pages"}],"about":[{"href":"https:\/\/www.scionart.com\/kisstoria\/wp-json\/wp\/v2\/types\/page"}],"author":[{"embeddable":true,"href":"https:\/\/www.scionart.com\/kisstoria\/wp-json\/wp\/v2\/users\/1"}],"replies":[{"embeddable":true,"href":"https:\/\/www.scionart.com\/kisstoria\/wp-json\/wp\/v2\/comments?post=455"}],"version-history":[{"count":3,"href":"https:\/\/www.scionart.com\/kisstoria\/wp-json\/wp\/v2\/pages\/455\/revisions"}],"predecessor-version":[{"id":1027,"href":"https:\/\/www.scionart.com\/kisstoria\/wp-json\/wp\/v2\/pages\/455\/revisions\/1027"}],"up":[{"embeddable":true,"href":"https:\/\/www.scionart.com\/kisstoria\/wp-json\/wp\/v2\/pages\/82"}],"wp:featuredmedia":[{"embeddable":true,"href":"https:\/\/www.scionart.com\/kisstoria\/wp-json\/wp\/v2\/media\/1025"}],"wp:attachment":[{"href":"https:\/\/www.scionart.com\/kisstoria\/wp-json\/wp\/v2\/media?parent=455"}],"curies":[{"name":"wp","href":"https:\/\/api.w.org\/{rel}","templated":true}]}}