{"id":428,"date":"2018-05-16T07:43:38","date_gmt":"2018-05-16T07:43:38","guid":{"rendered":"https:\/\/www.scionart.com\/kisstoria\/?page_id=428"},"modified":"2022-10-20T11:15:41","modified_gmt":"2022-10-20T11:15:41","slug":"bruce-kulick","status":"publish","type":"page","link":"https:\/\/www.scionart.com\/kisstoria\/bruce-kulick\/","title":{"rendered":"Bruce Kulick"},"content":{"rendered":"\n<table id=\"tablepress-31\" class=\"tablepress tablepress-id-31 table table-sm table-striped w-auto\">\n<tbody>\n<tr class=\"row-1\">\n\t<td class=\"column-1\">Syntym\u00e4nimi:<\/td><td class=\"column-2\">Bruce Howard Kulick<\/td>\n<\/tr>\n<tr class=\"row-2\">\n\t<td class=\"column-1\">Syntym\u00e4p\u00e4iv\u00e4:<\/td><td class=\"column-2\">12.12.1953<\/td>\n<\/tr>\n<tr class=\"row-3\">\n\t<td class=\"column-1\">Syntym\u00e4paikka:<\/td><td class=\"column-2\">Brooklyn, New York, USA<\/td>\n<\/tr>\n<tr class=\"row-4\">\n\t<td class=\"column-1\">Vanhemmat:<\/td><td class=\"column-2\">Harry Kulick (is\u00e4, s. 27.5.1919, k. 28.5.2010)<\/td>\n<\/tr>\n<tr class=\"row-5\">\n\t<td class=\"column-1\"> <\/td><td class=\"column-2\">Alice Kulick os. Raucher (\u00e4iti, s. 4.7.1924, k. 2018)<\/td>\n<\/tr>\n<tr class=\"row-6\">\n\t<td class=\"column-1\">Siviilis\u00e4\u00e4ty:<\/td><td class=\"column-2\">naimisissa, puoliso Lisa Lane (s. ???)<\/td>\n<\/tr>\n<tr class=\"row-7\">\n\t<td class=\"column-1\">Lapset:<\/td><td class=\"column-2\">-<\/td>\n<\/tr>\n<tr class=\"row-8\">\n\t<td class=\"column-1\">Roolinimi:<\/td><td class=\"column-2\">-<\/td>\n<\/tr>\n<tr class=\"row-9\">\n\t<td class=\"column-1\">Instrumentit:<\/td><td class=\"column-2\">kitara<\/td>\n<\/tr>\n<tr class=\"row-10\">\n\t<td class=\"column-1\">Ollut yhtyeess\u00e4:<\/td><td class=\"column-2\">1984-1996<\/td>\n<\/tr>\n<\/tbody>\n<\/table>\n<!-- #tablepress-31 from cache -->\n\n\n\n<h2>Aiemmat yhtyeet<\/h2>\n\n\n\n<ul><li>George McCrae (1975)<\/li><li>Andrea True Connection (1976-1977)<\/li><li>Meat Loaf (1977-1978)<\/li><li>Blackjack (1978-1980)<\/li><li>Goodrats (1980-1982)<\/li><\/ul>\n\n\n\n<h2>Yhtyeet KISSin j\u00e4lkeen<\/h2>\n\n\n\n<ul><li>Lenitta Erikson Touring Band (???)<\/li><li>Union (1997\u20132002, 2005)<\/li><li>ESP (1998-)<\/li><li>Bruce Kulick (2001-)<\/li><li>Grand Funk Railroad (2001-)<\/li><\/ul>\n","protected":false},"excerpt":{"rendered":"<p>Aiemmat yhtyeet George McCrae (1975) Andrea True Connection (1976-1977) Meat Loaf (1977-1978) Blackjack (1978-1980) Goodrats (1980-1982) Yhtyeet KISSin j\u00e4lkeen Lenitta Erikson Touring Band (???) Union [&hellip;]<\/p>\n","protected":false},"author":1,"featured_media":1312,"parent":0,"menu_order":0,"comment_status":"closed","ping_status":"closed","template":"page_member.php","meta":{"inline_featured_image":false},"_links":{"self":[{"href":"https:\/\/www.scionart.com\/kisstoria\/wp-json\/wp\/v2\/pages\/428"}],"collection":[{"href":"https:\/\/www.scionart.com\/kisstoria\/wp-json\/wp\/v2\/pages"}],"about":[{"href":"https:\/\/www.scionart.com\/kisstoria\/wp-json\/wp\/v2\/types\/page"}],"author":[{"embeddable":true,"href":"https:\/\/www.scionart.com\/kisstoria\/wp-json\/wp\/v2\/users\/1"}],"replies":[{"embeddable":true,"href":"https:\/\/www.scionart.com\/kisstoria\/wp-json\/wp\/v2\/comments?post=428"}],"version-history":[{"count":2,"href":"https:\/\/www.scionart.com\/kisstoria\/wp-json\/wp\/v2\/pages\/428\/revisions"}],"predecessor-version":[{"id":1004,"href":"https:\/\/www.scionart.com\/kisstoria\/wp-json\/wp\/v2\/pages\/428\/revisions\/1004"}],"wp:featuredmedia":[{"embeddable":true,"href":"https:\/\/www.scionart.com\/kisstoria\/wp-json\/wp\/v2\/media\/1312"}],"wp:attachment":[{"href":"https:\/\/www.scionart.com\/kisstoria\/wp-json\/wp\/v2\/media?parent=428"}],"curies":[{"name":"wp","href":"https:\/\/api.w.org\/{rel}","templated":true}]}}