{"id":420,"date":"2018-05-16T07:34:44","date_gmt":"2018-05-16T07:34:44","guid":{"rendered":"https:\/\/www.scionart.com\/kisstoria\/?page_id=420"},"modified":"2022-10-20T11:14:16","modified_gmt":"2022-10-20T11:14:16","slug":"mark-st-john","status":"publish","type":"page","link":"https:\/\/www.scionart.com\/kisstoria\/mark-st-john\/","title":{"rendered":"Mark St. John"},"content":{"rendered":"\n<table id=\"tablepress-29\" class=\"tablepress tablepress-id-29 table table-sm table-striped w-auto\">\n<tbody>\n<tr class=\"row-1\">\n\t<td class=\"column-1\">Syntym\u00e4nimi:<\/td><td class=\"column-2\">Mark Leslie Norton<\/td>\n<\/tr>\n<tr class=\"row-2\">\n\t<td class=\"column-1\">Syntym\u00e4p\u00e4iv\u00e4:<\/td><td class=\"column-2\">7.2.1956<\/td>\n<\/tr>\n<tr class=\"row-3\">\n\t<td class=\"column-1\">Syntym\u00e4paikka:<\/td><td class=\"column-2\">Hollywood, Kalifornia, USA<\/td>\n<\/tr>\n<tr class=\"row-4\">\n\t<td class=\"column-1\">Kuolinp\u00e4iv\u00e4:<\/td><td class=\"column-2\">5.4.2007, 51-vuotiaana<\/td>\n<\/tr>\n<tr class=\"row-5\">\n\t<td class=\"column-1\">Kuolinpaikka:<\/td><td class=\"column-2\">Anaheim, Kalifornia, USA<\/td>\n<\/tr>\n<tr class=\"row-6\">\n\t<td class=\"column-1\">Vanhemmat:<\/td><td class=\"column-2\">Les Norton (is\u00e4, s. ???)<\/td>\n<\/tr>\n<tr class=\"row-7\">\n\t<td class=\"column-1\"> <\/td><td class=\"column-2\">Terry Norton os. ??? (\u00e4iti, s. ???)<\/td>\n<\/tr>\n<tr class=\"row-8\">\n\t<td class=\"column-1\">Siviilis\u00e4\u00e4ty:<\/td><td class=\"column-2\">naimaton<\/td>\n<\/tr>\n<tr class=\"row-9\">\n\t<td class=\"column-1\">Lapset:<\/td><td class=\"column-2\">-<\/td>\n<\/tr>\n<tr class=\"row-10\">\n\t<td class=\"column-1\">Roolinimi:<\/td><td class=\"column-2\">-<\/td>\n<\/tr>\n<tr class=\"row-11\">\n\t<td class=\"column-1\">Instrumentit:<\/td><td class=\"column-2\">kitara<\/td>\n<\/tr>\n<tr class=\"row-12\">\n\t<td class=\"column-1\">Ollut yhtyeess\u00e4:<\/td><td class=\"column-2\">1984<\/td>\n<\/tr>\n<\/tbody>\n<\/table>\n<!-- #tablepress-29 from cache -->\n\n\n\n<h2>Aiemmat yhtyeet<\/h2>\n\n\n\n<ul><li>Dali (1984)<\/li><\/ul>\n\n\n\n<h2>Yhtyeet KISSin j\u00e4lkeen<\/h2>\n\n\n\n<ul><li>White Tiger (1985-1988)<\/li><li>The Tree\/Keep (1989-1991)<\/li><\/ul>\n","protected":false},"excerpt":{"rendered":"<p>Aiemmat yhtyeet Dali (1984) Yhtyeet KISSin j\u00e4lkeen White Tiger (1985-1988) The Tree\/Keep (1989-1991)<\/p>\n","protected":false},"author":1,"featured_media":1314,"parent":0,"menu_order":0,"comment_status":"closed","ping_status":"closed","template":"page_member.php","meta":{"inline_featured_image":false},"_links":{"self":[{"href":"https:\/\/www.scionart.com\/kisstoria\/wp-json\/wp\/v2\/pages\/420"}],"collection":[{"href":"https:\/\/www.scionart.com\/kisstoria\/wp-json\/wp\/v2\/pages"}],"about":[{"href":"https:\/\/www.scionart.com\/kisstoria\/wp-json\/wp\/v2\/types\/page"}],"author":[{"embeddable":true,"href":"https:\/\/www.scionart.com\/kisstoria\/wp-json\/wp\/v2\/users\/1"}],"replies":[{"embeddable":true,"href":"https:\/\/www.scionart.com\/kisstoria\/wp-json\/wp\/v2\/comments?post=420"}],"version-history":[{"count":2,"href":"https:\/\/www.scionart.com\/kisstoria\/wp-json\/wp\/v2\/pages\/420\/revisions"}],"predecessor-version":[{"id":983,"href":"https:\/\/www.scionart.com\/kisstoria\/wp-json\/wp\/v2\/pages\/420\/revisions\/983"}],"wp:featuredmedia":[{"embeddable":true,"href":"https:\/\/www.scionart.com\/kisstoria\/wp-json\/wp\/v2\/media\/1314"}],"wp:attachment":[{"href":"https:\/\/www.scionart.com\/kisstoria\/wp-json\/wp\/v2\/media?parent=420"}],"curies":[{"name":"wp","href":"https:\/\/api.w.org\/{rel}","templated":true}]}}