{"id":402,"date":"2018-05-16T06:55:23","date_gmt":"2018-05-16T06:55:23","guid":{"rendered":"https:\/\/www.scionart.com\/kisstoria\/?page_id=402"},"modified":"2022-10-20T11:11:09","modified_gmt":"2022-10-20T11:11:09","slug":"eric-carr","status":"publish","type":"page","link":"https:\/\/www.scionart.com\/kisstoria\/eric-carr\/","title":{"rendered":"Eric Carr"},"content":{"rendered":"\n<table id=\"tablepress-25\" class=\"tablepress tablepress-id-25 table table-sm table-striped w-auto\">\n<tbody>\n<tr class=\"row-1\">\n\t<td class=\"column-1\">Syntym\u00e4nimi:<\/td><td class=\"column-2\">Paul Charles Caravello<\/td>\n<\/tr>\n<tr class=\"row-2\">\n\t<td class=\"column-1\">Syntym\u00e4p\u00e4iv\u00e4:<\/td><td class=\"column-2\">12.7.1950<\/td>\n<\/tr>\n<tr class=\"row-3\">\n\t<td class=\"column-1\">Syntym\u00e4paikka:<\/td><td class=\"column-2\">Brooklyn, New York, USA<\/td>\n<\/tr>\n<tr class=\"row-4\">\n\t<td class=\"column-1\">Kuolinp\u00e4iv\u00e4:<\/td><td class=\"column-2\">24.11.1991, 41-vuotiaana<\/td>\n<\/tr>\n<tr class=\"row-5\">\n\t<td class=\"column-1\">Kuolinpaikka:<\/td><td class=\"column-2\">Bellevue Hospital, New York, USA<\/td>\n<\/tr>\n<tr class=\"row-6\">\n\t<td class=\"column-1\">Vanhemmat:<\/td><td class=\"column-2\">Albert L. Caravello (is\u00e4, s. 1927)<\/td>\n<\/tr>\n<tr class=\"row-7\">\n\t<td class=\"column-1\"> <\/td><td class=\"column-2\">Connie M. Caravello os. ??? (\u00e4iti, s. 26.1.1929, k. 2010)<\/td>\n<\/tr>\n<tr class=\"row-8\">\n\t<td class=\"column-1\">Siviilis\u00e4\u00e4ty:<\/td><td class=\"column-2\">naimaton<\/td>\n<\/tr>\n<tr class=\"row-9\">\n\t<td class=\"column-1\">Lapset:<\/td><td class=\"column-2\">-<\/td>\n<\/tr>\n<tr class=\"row-10\">\n\t<td class=\"column-1\">Roolinimi:<\/td><td class=\"column-2\">The Fox<\/td>\n<\/tr>\n<tr class=\"row-11\">\n\t<td class=\"column-1\">Instrumentit:<\/td><td class=\"column-2\">rummut, laulu<\/td>\n<\/tr>\n<tr class=\"row-12\">\n\t<td class=\"column-1\">Ollut yhtyeess\u00e4:<\/td><td class=\"column-2\">1980-1991<\/td>\n<\/tr>\n<\/tbody>\n<\/table>\n<!-- #tablepress-25 from cache -->\n\n\n\n<h2>Aiemmat yhtyeet<\/h2>\n\n\n\n<ul><li>The Cellarmen (1965-1968)<\/li><li>Things That Go Bump In The Night (1968-1969)<\/li><li>Smack (1969)<\/li><li>Salt \u2018N Pepper \/ Creation (1970-1975)<\/li><li>Mother Nature \/ Father Time (1975-1979)<\/li><li>Flasher (1979-1980)<\/li><\/ul>\n","protected":false},"excerpt":{"rendered":"<p>Aiemmat yhtyeet The Cellarmen (1965-1968) Things That Go Bump In The Night (1968-1969) Smack (1969) Salt \u2018N Pepper \/ Creation (1970-1975) Mother Nature \/ Father [&hellip;]<\/p>\n","protected":false},"author":1,"featured_media":1313,"parent":0,"menu_order":0,"comment_status":"closed","ping_status":"closed","template":"page_member.php","meta":{"inline_featured_image":false},"_links":{"self":[{"href":"https:\/\/www.scionart.com\/kisstoria\/wp-json\/wp\/v2\/pages\/402"}],"collection":[{"href":"https:\/\/www.scionart.com\/kisstoria\/wp-json\/wp\/v2\/pages"}],"about":[{"href":"https:\/\/www.scionart.com\/kisstoria\/wp-json\/wp\/v2\/types\/page"}],"author":[{"embeddable":true,"href":"https:\/\/www.scionart.com\/kisstoria\/wp-json\/wp\/v2\/users\/1"}],"replies":[{"embeddable":true,"href":"https:\/\/www.scionart.com\/kisstoria\/wp-json\/wp\/v2\/comments?post=402"}],"version-history":[{"count":2,"href":"https:\/\/www.scionart.com\/kisstoria\/wp-json\/wp\/v2\/pages\/402\/revisions"}],"predecessor-version":[{"id":1000,"href":"https:\/\/www.scionart.com\/kisstoria\/wp-json\/wp\/v2\/pages\/402\/revisions\/1000"}],"wp:featuredmedia":[{"embeddable":true,"href":"https:\/\/www.scionart.com\/kisstoria\/wp-json\/wp\/v2\/media\/1313"}],"wp:attachment":[{"href":"https:\/\/www.scionart.com\/kisstoria\/wp-json\/wp\/v2\/media?parent=402"}],"curies":[{"name":"wp","href":"https:\/\/api.w.org\/{rel}","templated":true}]}}