{"id":394,"date":"2018-05-16T06:30:14","date_gmt":"2018-05-16T06:30:14","guid":{"rendered":"https:\/\/www.scionart.com\/kisstoria\/?page_id=394"},"modified":"2022-10-20T11:08:06","modified_gmt":"2022-10-20T11:08:06","slug":"peter-criss","status":"publish","type":"page","link":"https:\/\/www.scionart.com\/kisstoria\/peter-criss\/","title":{"rendered":"Peter Criss"},"content":{"rendered":"\n<table id=\"tablepress-23\" class=\"tablepress tablepress-id-23 table table-sm table-striped w-auto\">\n<tbody>\n<tr class=\"row-1\">\n\t<td class=\"column-1\">Syntym\u00e4nimi:<\/td><td class=\"column-2\">George Peter John Criscuola<\/td>\n<\/tr>\n<tr class=\"row-2\">\n\t<td class=\"column-1\">Syntym\u00e4p\u00e4iv\u00e4:<\/td><td class=\"column-2\">20.12.1945<\/td>\n<\/tr>\n<tr class=\"row-3\">\n\t<td class=\"column-1\">Syntym\u00e4paikka:<\/td><td class=\"column-2\">Brooklyn, New York, USA<\/td>\n<\/tr>\n<tr class=\"row-4\">\n\t<td class=\"column-1\">Vanhemmat:<\/td><td class=\"column-2\">Joseph Criscuola (is\u00e4, s. 27.5.1923, k. 1994)<\/td>\n<\/tr>\n<tr class=\"row-5\">\n\t<td class=\"column-1\"> <\/td><td class=\"column-2\">Loretta Criscuola os. ??? (\u00e4iti, s. 9.3.1928, k. 1.1.1991)<\/td>\n<\/tr>\n<tr class=\"row-6\">\n\t<td class=\"column-1\">Siviilis\u00e4\u00e4ty:<\/td><td class=\"column-2\">naimisissa, puoliso Gigi Criss os. ??? (s. 9.11.1968)<\/td>\n<\/tr>\n<tr class=\"row-7\">\n\t<td class=\"column-1\">Lapset:<\/td><td class=\"column-2\">Jenilee (s. 7.4.1981)<\/td>\n<\/tr>\n<tr class=\"row-8\">\n\t<td class=\"column-1\">Roolinimi:<\/td><td class=\"column-2\">The Catman<\/td>\n<\/tr>\n<tr class=\"row-9\">\n\t<td class=\"column-1\">Instrumentit:<\/td><td class=\"column-2\">rummut, laulu<\/td>\n<\/tr>\n<tr class=\"row-10\">\n\t<td class=\"column-1\">Ollut yhtyeess\u00e4:<\/td><td class=\"column-2\">1973-1980, 1996-2001, 2003<\/td>\n<\/tr>\n<\/tbody>\n<\/table>\n<!-- #tablepress-23 from cache -->\n\n\n\n<h2>Aiemmat yhtyeet<\/h2>\n\n\n\n<ul><li>Joey Greco &amp; The \u201cIn Crowd\u201d (1963)<\/li><li>The Barracudas (1965-1966)<\/li><li>Sounds Of Soul (1966-1968)<\/li><li>The Brotherhood (1968)<\/li><li>The Vintage (1968-1969)<\/li><li>Nautilus (1969-1970)<\/li><li>Chelsea (1970-1971)<\/li><li>Lips (1971-1973)<\/li><li>Infinity (1972-1973)<\/li><li>Wicked Lester (1972)<\/li><\/ul>\n\n\n\n<h2>Yhtyeet KISSin j\u00e4lkeen<\/h2>\n\n\n\n<ul><li>Peter Criss (1980-1983, 2003-)<\/li><li>The Alliance (1984-1985)<\/li><li>Balls Of Fire (1986)<\/li><li>The Tree\/Keep (1989-1991)<\/li><li>Criss (1992-1995)<\/li><\/ul>\n","protected":false},"excerpt":{"rendered":"<p>Aiemmat yhtyeet Joey Greco &amp; The \u201cIn Crowd\u201d (1963) The Barracudas (1965-1966) Sounds Of Soul (1966-1968) The Brotherhood (1968) The Vintage (1968-1969) Nautilus (1969-1970) Chelsea [&hellip;]<\/p>\n","protected":false},"author":1,"featured_media":1315,"parent":0,"menu_order":0,"comment_status":"closed","ping_status":"closed","template":"page_member.php","meta":{"inline_featured_image":false},"_links":{"self":[{"href":"https:\/\/www.scionart.com\/kisstoria\/wp-json\/wp\/v2\/pages\/394"}],"collection":[{"href":"https:\/\/www.scionart.com\/kisstoria\/wp-json\/wp\/v2\/pages"}],"about":[{"href":"https:\/\/www.scionart.com\/kisstoria\/wp-json\/wp\/v2\/types\/page"}],"author":[{"embeddable":true,"href":"https:\/\/www.scionart.com\/kisstoria\/wp-json\/wp\/v2\/users\/1"}],"replies":[{"embeddable":true,"href":"https:\/\/www.scionart.com\/kisstoria\/wp-json\/wp\/v2\/comments?post=394"}],"version-history":[{"count":2,"href":"https:\/\/www.scionart.com\/kisstoria\/wp-json\/wp\/v2\/pages\/394\/revisions"}],"predecessor-version":[{"id":998,"href":"https:\/\/www.scionart.com\/kisstoria\/wp-json\/wp\/v2\/pages\/394\/revisions\/998"}],"wp:featuredmedia":[{"embeddable":true,"href":"https:\/\/www.scionart.com\/kisstoria\/wp-json\/wp\/v2\/media\/1315"}],"wp:attachment":[{"href":"https:\/\/www.scionart.com\/kisstoria\/wp-json\/wp\/v2\/media?parent=394"}],"curies":[{"name":"wp","href":"https:\/\/api.w.org\/{rel}","templated":true}]}}