{"id":382,"date":"2018-05-16T05:32:42","date_gmt":"2018-05-16T05:32:42","guid":{"rendered":"https:\/\/www.scionart.com\/kisstoria\/?page_id=382"},"modified":"2022-10-20T11:06:58","modified_gmt":"2022-10-20T11:06:58","slug":"ace-frehley","status":"publish","type":"page","link":"https:\/\/www.scionart.com\/kisstoria\/ace-frehley\/","title":{"rendered":"Ace Frehley"},"content":{"rendered":"\n<table id=\"tablepress-21\" class=\"tablepress tablepress-id-21 table table-sm table-striped w-auto\">\n<tbody>\n<tr class=\"row-1\">\n\t<td class=\"column-1\">Syntym\u00e4nimi:<\/td><td class=\"column-2\">Paul Daniel Frehley<\/td>\n<\/tr>\n<tr class=\"row-2\">\n\t<td class=\"column-1\">Syntym\u00e4p\u00e4iv\u00e4:<\/td><td class=\"column-2\">27.4.1951<\/td>\n<\/tr>\n<tr class=\"row-3\">\n\t<td class=\"column-1\">Syntym\u00e4paikka:<\/td><td class=\"column-2\">Bronx, New York, USA<\/td>\n<\/tr>\n<tr class=\"row-4\">\n\t<td class=\"column-1\">Vanhemmat:<\/td><td class=\"column-2\">Carl Daniel Frehley (is\u00e4, s. 4.7.1903, k. 7.3.2000)<\/td>\n<\/tr>\n<tr class=\"row-5\">\n\t<td class=\"column-1\"> <\/td><td class=\"column-2\">Esther Anna Frehley os. Hecht (\u00e4iti, s. 11.6.1920, k. 6.2.2006)<\/td>\n<\/tr>\n<tr class=\"row-6\">\n\t<td class=\"column-1\">Siviilis\u00e4\u00e4ty:<\/td><td class=\"column-2\">???<\/td>\n<\/tr>\n<tr class=\"row-7\">\n\t<td class=\"column-1\">Lapset:<\/td><td class=\"column-2\">Monique (s. 6.7.1980)<\/td>\n<\/tr>\n<tr class=\"row-8\">\n\t<td class=\"column-1\">Roolinimi:<\/td><td class=\"column-2\">The Spaceman<\/td>\n<\/tr>\n<tr class=\"row-9\">\n\t<td class=\"column-1\">Instrumentit:<\/td><td class=\"column-2\">kitara, laulu<\/td>\n<\/tr>\n<tr class=\"row-10\">\n\t<td class=\"column-1\">Ollut yhtyeess\u00e4:<\/td><td class=\"column-2\">1973-1982, 1996-2002<\/td>\n<\/tr>\n<\/tbody>\n<\/table>\n<!-- #tablepress-21 from cache -->\n\n\n\n<h2>Aiemmat yhtyeet<\/h2>\n\n\n\n<ul><li>The Micro Organism (1965)<\/li><li>The Four Rose (1966)<\/li><li>King Kong (1968)<\/li><li>Honey (1968)<\/li><li>The Magic People (1969)<\/li><li>Molimo (1971-1972)<\/li><\/ul>\n\n\n\n<h2>Yhtyeet KISSin j\u00e4lkeen<\/h2>\n\n\n\n<ul><li>Frehley\u2019s Comet (1984-1989)<\/li><li>Ace Frehley Band (1989-1995)<\/li><li>Ace Frehley (1998, 2001, 2007-)<\/li><\/ul>\n","protected":false},"excerpt":{"rendered":"<p>Aiemmat yhtyeet The Micro Organism (1965) The Four Rose (1966) King Kong (1968) Honey (1968) The Magic People (1969) Molimo (1971-1972) Yhtyeet KISSin j\u00e4lkeen Frehley\u2019s [&hellip;]<\/p>\n","protected":false},"author":1,"featured_media":1311,"parent":0,"menu_order":0,"comment_status":"closed","ping_status":"closed","template":"page_member.php","meta":{"inline_featured_image":false},"_links":{"self":[{"href":"https:\/\/www.scionart.com\/kisstoria\/wp-json\/wp\/v2\/pages\/382"}],"collection":[{"href":"https:\/\/www.scionart.com\/kisstoria\/wp-json\/wp\/v2\/pages"}],"about":[{"href":"https:\/\/www.scionart.com\/kisstoria\/wp-json\/wp\/v2\/types\/page"}],"author":[{"embeddable":true,"href":"https:\/\/www.scionart.com\/kisstoria\/wp-json\/wp\/v2\/users\/1"}],"replies":[{"embeddable":true,"href":"https:\/\/www.scionart.com\/kisstoria\/wp-json\/wp\/v2\/comments?post=382"}],"version-history":[{"count":2,"href":"https:\/\/www.scionart.com\/kisstoria\/wp-json\/wp\/v2\/pages\/382\/revisions"}],"predecessor-version":[{"id":980,"href":"https:\/\/www.scionart.com\/kisstoria\/wp-json\/wp\/v2\/pages\/382\/revisions\/980"}],"wp:featuredmedia":[{"embeddable":true,"href":"https:\/\/www.scionart.com\/kisstoria\/wp-json\/wp\/v2\/media\/1311"}],"wp:attachment":[{"href":"https:\/\/www.scionart.com\/kisstoria\/wp-json\/wp\/v2\/media?parent=382"}],"curies":[{"name":"wp","href":"https:\/\/api.w.org\/{rel}","templated":true}]}}