{"id":344,"date":"2018-05-15T06:47:09","date_gmt":"2018-05-15T06:47:09","guid":{"rendered":"https:\/\/www.scionart.com\/kisstoria\/?page_id=344"},"modified":"2022-10-20T09:20:17","modified_gmt":"2022-10-20T09:20:17","slug":"eric-singer","status":"publish","type":"page","link":"https:\/\/www.scionart.com\/kisstoria\/eric-singer\/","title":{"rendered":"Eric Singer"},"content":{"rendered":"\n<table id=\"tablepress-19\" class=\"tablepress tablepress-id-19 table table-sm table-striped w-auto\">\n<tbody>\n<tr class=\"row-1\">\n\t<td class=\"column-1\">Syntym\u00e4nimi:<\/td><td class=\"column-2\">Eric Doyle Mensinger<\/td>\n<\/tr>\n<tr class=\"row-2\">\n\t<td class=\"column-1\">Syntym\u00e4p\u00e4iv\u00e4:<\/td><td class=\"column-2\">18.5.1958<\/td>\n<\/tr>\n<tr class=\"row-3\">\n\t<td class=\"column-1\">Syntym\u00e4paikka:<\/td><td class=\"column-2\">Cleveland, Ohio, USA<\/td>\n<\/tr>\n<tr class=\"row-4\">\n\t<td class=\"column-1\">Vanhemmat:<\/td><td class=\"column-2\">John P. Mensinger (is\u00e4, s. 1910, k. 25.7.2006)<\/td>\n<\/tr>\n<tr class=\"row-5\">\n\t<td class=\"column-1\"> <\/td><td class=\"column-2\">Bess Mensinger os. ??? (\u00e4iti, s. ???)<\/td>\n<\/tr>\n<tr class=\"row-6\">\n\t<td class=\"column-1\">Siviilis\u00e4\u00e4ty:<\/td><td class=\"column-2\">???<\/td>\n<\/tr>\n<tr class=\"row-7\">\n\t<td class=\"column-1\">Lapset:<\/td><td class=\"column-2\">???<\/td>\n<\/tr>\n<tr class=\"row-8\">\n\t<td class=\"column-1\">Roolinimi:<\/td><td class=\"column-2\">The Catman<\/td>\n<\/tr>\n<tr class=\"row-9\">\n\t<td class=\"column-1\">Instrumentit:<\/td><td class=\"column-2\">rummut, laulu<\/td>\n<\/tr>\n<tr class=\"row-10\">\n\t<td class=\"column-1\">Ollut yhtyeess\u00e4:<\/td><td class=\"column-2\">1991-96, 2001-02, 2004-<\/td>\n<\/tr>\n<\/tbody>\n<\/table>\n<!-- #tablepress-19 from cache -->\n\n\n\n<h2>Aiemmat yhtyeet<\/h2>\n\n\n\n<ul><li>The Axe (1971)<\/li><li>The John Mensinger Band (1972-1982)<\/li><li>Icebreaker (1983)<\/li><li>Lita Ford (1984-1985)<\/li><li>Black Sabbath (1985-1987)<\/li><li>Gary Moore (1987)<\/li><li>Badlands (1988-1990)<\/li><li>Alice Cooper (1990-1991)<\/li><\/ul>\n","protected":false},"excerpt":{"rendered":"<p>Aiemmat yhtyeet The Axe (1971) The John Mensinger Band (1972-1982) Icebreaker (1983) Lita Ford (1984-1985) Black Sabbath (1985-1987) Gary Moore (1987) Badlands (1988-1990) Alice Cooper [&hellip;]<\/p>\n","protected":false},"author":1,"featured_media":1298,"parent":0,"menu_order":0,"comment_status":"closed","ping_status":"closed","template":"page_member.php","meta":{"inline_featured_image":false},"_links":{"self":[{"href":"https:\/\/www.scionart.com\/kisstoria\/wp-json\/wp\/v2\/pages\/344"}],"collection":[{"href":"https:\/\/www.scionart.com\/kisstoria\/wp-json\/wp\/v2\/pages"}],"about":[{"href":"https:\/\/www.scionart.com\/kisstoria\/wp-json\/wp\/v2\/types\/page"}],"author":[{"embeddable":true,"href":"https:\/\/www.scionart.com\/kisstoria\/wp-json\/wp\/v2\/users\/1"}],"replies":[{"embeddable":true,"href":"https:\/\/www.scionart.com\/kisstoria\/wp-json\/wp\/v2\/comments?post=344"}],"version-history":[{"count":2,"href":"https:\/\/www.scionart.com\/kisstoria\/wp-json\/wp\/v2\/pages\/344\/revisions"}],"predecessor-version":[{"id":994,"href":"https:\/\/www.scionart.com\/kisstoria\/wp-json\/wp\/v2\/pages\/344\/revisions\/994"}],"wp:featuredmedia":[{"embeddable":true,"href":"https:\/\/www.scionart.com\/kisstoria\/wp-json\/wp\/v2\/media\/1298"}],"wp:attachment":[{"href":"https:\/\/www.scionart.com\/kisstoria\/wp-json\/wp\/v2\/media?parent=344"}],"curies":[{"name":"wp","href":"https:\/\/api.w.org\/{rel}","templated":true}]}}