{"id":340,"date":"2018-05-15T06:43:03","date_gmt":"2018-05-15T06:43:03","guid":{"rendered":"https:\/\/www.scionart.com\/kisstoria\/?page_id=340"},"modified":"2022-10-20T09:12:05","modified_gmt":"2022-10-20T09:12:05","slug":"tommy-thayer","status":"publish","type":"page","link":"https:\/\/www.scionart.com\/kisstoria\/tommy-thayer\/","title":{"rendered":"Tommy Thayer"},"content":{"rendered":"\n<table id=\"tablepress-17\" class=\"tablepress tablepress-id-17 table table-sm table-striped w-auto\">\n<tbody>\n<tr class=\"row-1\">\n\t<td class=\"column-1\">Syntym\u00e4nimi:<\/td><td class=\"column-2\">Thomas Cunningham Thayer<\/td>\n<\/tr>\n<tr class=\"row-2\">\n\t<td class=\"column-1\">Syntym\u00e4p\u00e4iv\u00e4:<\/td><td class=\"column-2\">7.11.1960<\/td>\n<\/tr>\n<tr class=\"row-3\">\n\t<td class=\"column-1\">Syntym\u00e4paikka:<\/td><td class=\"column-2\">Portland, Oregon, USA<\/td>\n<\/tr>\n<tr class=\"row-4\">\n\t<td class=\"column-1\">Vanhemmat:<\/td><td class=\"column-2\">James Burdette Thayer (is\u00e4, s. 10.3.1922, k. 16.9.2018)<\/td>\n<\/tr>\n<tr class=\"row-5\">\n\t<td class=\"column-1\"> <\/td><td class=\"column-2\">Patricia Ann Thayer os. Cunningham (\u00e4iti, s. 22.6.1924, k. 23.9.2014)<\/td>\n<\/tr>\n<tr class=\"row-6\">\n\t<td class=\"column-1\">Siviilis\u00e4\u00e4ty:<\/td><td class=\"column-2\">???<\/td>\n<\/tr>\n<tr class=\"row-7\">\n\t<td class=\"column-1\">Lapset:<\/td><td class=\"column-2\">Sierra (s. 1989)<\/td>\n<\/tr>\n<tr class=\"row-8\">\n\t<td class=\"column-1\">Roolinimi:<\/td><td class=\"column-2\">The Spaceman<\/td>\n<\/tr>\n<tr class=\"row-9\">\n\t<td class=\"column-1\">Instrumentit:<\/td><td class=\"column-2\">kitara, laulu<\/td>\n<\/tr>\n<tr class=\"row-10\">\n\t<td class=\"column-1\">Ollut yhtyeess\u00e4:<\/td><td class=\"column-2\">2002-<\/td>\n<\/tr>\n<\/tbody>\n<\/table>\n<!-- #tablepress-17 from cache -->\n\n\n\n<h2>Aiemmat yhtyeet<\/h2>\n\n\n\n<ul><li>Movie Star (1979-1980)<\/li><li>Loved By Millions (1980-1981)<\/li><li>Black \u2018N Blue (1981-1989, 1997)<\/li><li>Harlow (1990)<\/li><li>American Man (1990)<\/li><li>The Marx Brothers \/ Cold Gin (1990-1994)<\/li><li>Shake The Faith (1994)<\/li><\/ul>\n","protected":false},"excerpt":{"rendered":"<p>Aiemmat yhtyeet Movie Star (1979-1980) Loved By Millions (1980-1981) Black \u2018N Blue (1981-1989, 1997) Harlow (1990) American Man (1990) The Marx Brothers \/ Cold Gin [&hellip;]<\/p>\n","protected":false},"author":1,"featured_media":1306,"parent":0,"menu_order":0,"comment_status":"closed","ping_status":"closed","template":"page_member.php","meta":{"inline_featured_image":false},"_links":{"self":[{"href":"https:\/\/www.scionart.com\/kisstoria\/wp-json\/wp\/v2\/pages\/340"}],"collection":[{"href":"https:\/\/www.scionart.com\/kisstoria\/wp-json\/wp\/v2\/pages"}],"about":[{"href":"https:\/\/www.scionart.com\/kisstoria\/wp-json\/wp\/v2\/types\/page"}],"author":[{"embeddable":true,"href":"https:\/\/www.scionart.com\/kisstoria\/wp-json\/wp\/v2\/users\/1"}],"replies":[{"embeddable":true,"href":"https:\/\/www.scionart.com\/kisstoria\/wp-json\/wp\/v2\/comments?post=340"}],"version-history":[{"count":2,"href":"https:\/\/www.scionart.com\/kisstoria\/wp-json\/wp\/v2\/pages\/340\/revisions"}],"predecessor-version":[{"id":992,"href":"https:\/\/www.scionart.com\/kisstoria\/wp-json\/wp\/v2\/pages\/340\/revisions\/992"}],"wp:featuredmedia":[{"embeddable":true,"href":"https:\/\/www.scionart.com\/kisstoria\/wp-json\/wp\/v2\/media\/1306"}],"wp:attachment":[{"href":"https:\/\/www.scionart.com\/kisstoria\/wp-json\/wp\/v2\/media?parent=340"}],"curies":[{"name":"wp","href":"https:\/\/api.w.org\/{rel}","templated":true}]}}