{"id":29,"date":"2018-03-20T07:44:27","date_gmt":"2018-03-20T07:44:27","guid":{"rendered":"https:\/\/www.scionart.com\/kisstoria\/?page_id=29"},"modified":"2022-10-21T13:11:06","modified_gmt":"2022-10-21T13:11:06","slug":"lahteet","status":"publish","type":"page","link":"https:\/\/www.scionart.com\/kisstoria\/lahteet\/","title":{"rendered":"L\u00e4hteet"},"content":{"rendered":"\n<ul><li><a rel=\"noopener noreferrer\" href=\"http:\/\/ultimateclassicrock.com\/ace-frehley-nearly-electrocuted-onstage-at-kiss-concert\/\" target=\"_blank\">37 Years Ago: Ace Frehley Nearly Electrocuted Onstage at Kiss Concert \u2013 Ultimate Classic Rock<\/a><\/li><li><a rel=\"noopener noreferrer\" href=\"http:\/\/www.boomerocity.com\/brucekulicksdad.html\" target=\"_blank\">Boomerocity: Bruce Kulick remembers his dad (July, 2010)<\/a><\/li><li><a rel=\"noopener noreferrer\" href=\"http:\/\/www.brainyquote.com\/\" target=\"_blank\">BrainyQuote<\/a><\/li><li>Criss, Peter &amp; Sloman, Larry: Makeup to breakup \u2013 my life in and out of KISS (Scribner, ISBN 978-1-4516-2082-5)<\/li><li><a rel=\"noopener noreferrer\" href=\"http:\/\/www.legacy.com\/obituaries\/newsday\/obituary.aspx?pid=160278029\" target=\"_blank\">Eva Eisen \u2013 Death Notice or In Memoriam \u2013 Newsday<\/a><\/li><li><a href=\"http:\/\/www.everythingkiss.com\/\">EVERYTHING KISS<\/a><\/li><li><a rel=\"noopener noreferrer\" href=\"http:\/\/www.findagrave.com\/\" target=\"_blank\">Find a grave<\/a><\/li><li><a rel=\"noopener noreferrer\" href=\"http:\/\/www.geni.com\/\" target=\"_blank\">Geni<\/a><\/li><li><a rel=\"noopener noreferrer\" href=\"http:\/\/www.imdb.com\/\" target=\"_blank\">IMDb<\/a><\/li><li><a rel=\"noreferrer noopener\" aria-label=\"KISS Concert History Online (avautuu uudessa v\u00e4lilehdess\u00e4)\" href=\"http:\/\/kissconcerthistory.com\/\" target=\"_blank\">KISS Concert History Online<\/a><\/li><li><a rel=\"noopener noreferrer\" href=\"http:\/\/noisecreep.com\/kiss-guitarist-tommy-thayer\/\" target=\"_blank\">KISS Guitarist Tommy Thayer on His Unique Career Path, War Hero Father \u2013 Noisecreep<\/a><\/li><li><a rel=\"noopener noreferrer\" href=\"http:\/\/www.allaccess.com\/net-news\/archive\/story\/77343\/kiss-manager-bill-aucoin-dies\" target=\"_blank\">KISS Manager Bill Aucoin Dies \u2013 AllAccess.com<\/a><\/li><li><a rel=\"noopener noreferrer\" href=\"http:\/\/www.kissonline.com\/\" target=\"_blank\">KISSONLINE.com<\/a><\/li><li>Leaf, David &amp; Sharp, Ken: KISS \u2013 maskin takaa (Like, ISBN 952-471-401-9)<\/li><li><a rel=\"noopener noreferrer\" href=\"http:\/\/www.nndb.com\/\" target=\"_blank\">NNDB: Tracking the entire world<\/a><\/li><li><a rel=\"noopener noreferrer\" href=\"http:\/\/www.petercriss.net\/\" target=\"_blank\">PeterCriss.net<\/a><\/li><li><a rel=\"noopener noreferrer\" href=\"http:\/\/kissfansite.yuku.com\/topic\/26466\" target=\"_blank\">Sammy Hagar \u201cwhipped it out\u201d at the KISS show \u2013 KISS News &amp; Talk! Forum<\/a><\/li><li>Sharp, Ken; Stanley, Paul &amp; Simmons, Gene: Nothin\u2019 to lose \u2013 the making of KISS 1972-1975 (itbooks, ISBN 978-0-06-213172-0)<\/li><li>Stanley, Paul: Face the music \u2013 a life exposed (HarperOne, ISBN 978-0-06-211404-4)<\/li><li><a rel=\"noopener noreferrer\" href=\"http:\/\/en.wikipedia.org\/\" target=\"_blank\">Wikipedia \u2013 the free encyclopedia<\/a><\/li><\/ul>\n\n\n\n<h2>Kuval\u00e4hteet<\/h2>\n\n\n\n<p>Linkki kuvan yhteydess\u00e4 viittaa originaalikuvaan, jota on k\u00e4ytetty joko sellaisenaan tai muokattuna\/rajattuna.<\/p>\n\n\n\n<ul><li>J\u00e4senet: <ul><li>Gene Simmons: <a rel=\"noreferrer noopener\" href=\"https:\/\/nypost.com\/2021\/05\/29\/gene-simmons-ditches-california-for-8-2m-las-vegas-pad\/\" target=\"_blank\">New York Post<\/a><\/li><li>Paul Stanley: <a rel=\"noreferrer noopener\" href=\"https:\/\/www.iheart.com\/content\/2022-03-11-paul-stanley-slams-kim-kardashians-insulting-business-advice-for-women\/\" target=\"_blank\">iHeart<\/a><\/li><li>Tommy Thayer: <a rel=\"noreferrer noopener\" href=\"https:\/\/rockcelebrities.net\/tommy-thayers-favorite-ace-frehley-solo\/\" target=\"_blank\">ROCK celebrities<\/a><\/li><li>Eric Singer: <a href=\"https:\/\/quillandpad.com\/2018\/04\/07\/kiss-drummer-eric-singer-co-designs-zodiac-super-sea-wolf-topper-edition\/\" target=\"_blank\" rel=\"noreferrer noopener\">QUILL &amp; PAD<\/a><\/li><\/ul><\/li><li>Ex-j\u00e4senet: <ul><li>Ace Frehley: <a rel=\"noreferrer noopener\" aria-label=\"KISS Concert History Online (avautuu uudessa v\u00e4lilehdess\u00e4)\" href=\"http:\/\/kissconcerthistory.com\/tourbooks\/tourbook_2000_farewell.php\" target=\"_blank\">KISS Concert History Online<\/a><\/li><li>Peter Criss:  <a rel=\"noreferrer noopener\" aria-label=\"KISS Concert History Online (avautuu uudessa v\u00e4lilehdess\u00e4)\" href=\"http:\/\/kissconcerthistory.com\/tourbooks\/tourbook_2003_wd.php\" target=\"_blank\">KISS Concert History Online<\/a><\/li><li>Eric Carr:  <a rel=\"noreferrer noopener\" aria-label=\"KISS Concert History Online (avautuu uudessa v\u00e4lilehdess\u00e4)\" href=\"http:\/\/kissconcerthistory.com\/tourbooks\/tourbook_1990_hits.php\" target=\"_blank\">KISS Concert History Online<\/a><\/li><li>Vinnie Vincent:  <a rel=\"noreferrer noopener\" aria-label=\"KISS Concert History Online (avautuu uudessa v\u00e4lilehdess\u00e4)\" href=\"http:\/\/kissconcerthistory.com\/tourbooks\/tourbook_1983_lickitup-usa.php\" target=\"_blank\">KISS Concert History Online<\/a><\/li><li>Mark St. John:  <a rel=\"noreferrer noopener\" aria-label=\"KISS Concert History Online (avautuu uudessa v\u00e4lilehdess\u00e4)\" href=\"http:\/\/kissconcerthistory.com\/tourbooks\/tourbook_1984_animalize-m.php\" target=\"_blank\">KISS Concert History Online<\/a><\/li><li>Bruce Kulick:  <a rel=\"noreferrer noopener\" aria-label=\"KISS Concert History Online (avautuu uudessa v\u00e4lilehdess\u00e4)\" href=\"http:\/\/kissconcerthistory.com\/tourbooks\/tourbook_1995_japan.php\" target=\"_blank\">KISS Concert History Online<\/a><\/li><\/ul><\/li><li>Etusivun kuvakaruselli &amp; levynkannet: sielt\u00e4 sun t\u00e4\u00e4lt\u00e4 \ud83d\ude42<\/li><\/ul>\n","protected":false},"excerpt":{"rendered":"<p>37 Years Ago: Ace Frehley Nearly Electrocuted Onstage at Kiss Concert \u2013 Ultimate Classic Rock Boomerocity: Bruce Kulick remembers his dad (July, 2010) BrainyQuote Criss, [&hellip;]<\/p>\n","protected":false},"author":1,"featured_media":0,"parent":0,"menu_order":0,"comment_status":"closed","ping_status":"closed","template":"","meta":{"inline_featured_image":false},"_links":{"self":[{"href":"https:\/\/www.scionart.com\/kisstoria\/wp-json\/wp\/v2\/pages\/29"}],"collection":[{"href":"https:\/\/www.scionart.com\/kisstoria\/wp-json\/wp\/v2\/pages"}],"about":[{"href":"https:\/\/www.scionart.com\/kisstoria\/wp-json\/wp\/v2\/types\/page"}],"author":[{"embeddable":true,"href":"https:\/\/www.scionart.com\/kisstoria\/wp-json\/wp\/v2\/users\/1"}],"replies":[{"embeddable":true,"href":"https:\/\/www.scionart.com\/kisstoria\/wp-json\/wp\/v2\/comments?post=29"}],"version-history":[{"count":5,"href":"https:\/\/www.scionart.com\/kisstoria\/wp-json\/wp\/v2\/pages\/29\/revisions"}],"predecessor-version":[{"id":1357,"href":"https:\/\/www.scionart.com\/kisstoria\/wp-json\/wp\/v2\/pages\/29\/revisions\/1357"}],"wp:attachment":[{"href":"https:\/\/www.scionart.com\/kisstoria\/wp-json\/wp\/v2\/media?parent=29"}],"curies":[{"name":"wp","href":"https:\/\/api.w.org\/{rel}","templated":true}]}}