{"id":27,"date":"2018-03-20T07:40:51","date_gmt":"2018-03-20T07:40:51","guid":{"rendered":"https:\/\/www.scionart.com\/kisstoria\/?page_id=27"},"modified":"2022-10-18T10:13:16","modified_gmt":"2022-10-18T10:13:16","slug":"tietoa-sivustosta","status":"publish","type":"page","link":"https:\/\/www.scionart.com\/kisstoria\/tietoa-sivustosta\/","title":{"rendered":"Tietoa sivustosta"},"content":{"rendered":"\n<p>Tekij\u00e4 ja yll\u00e4pit\u00e4j\u00e4: Vesa Lampinen<\/p>\n\n\n\n<p>T\u00e4m\u00e4 on KISS-historiatietosivuston nelj\u00e4s inkarnaatio ja toteutettu mink\u00e4\u00e4nlaista taloudellista hy\u00f6ty\u00e4 tavoittelematta. Sivuston sis\u00e4lt\u00e4m\u00e4 tieto perustuu erin\u00e4isiin tietol\u00e4hteisiin, joita tekij\u00e4 on pit\u00e4nyt luotettavina. Sivuston tarkoitus ei ole kilpailla tiedon m\u00e4\u00e4r\u00e4ss\u00e4, vaan tarjota se hieman erilaisella kuorrutuksella.<\/p>\n\n\n\n<p>Sivusto on rakennettu WordPress-sis\u00e4ll\u00f6nhallintaohjelmiston (t\u00e4m\u00e4nhetkinen versio 6.0.3) p\u00e4\u00e4lle ja sen responsiivisuus on toteutettu Bootstrapin (versio 5.2.2) avulla.<\/p>\n\n\n\n<h2>Osioista<\/h2>\n\n\n\n<ul><li><strong>HISTORIA<\/strong>: T\u00e4m\u00e4 osio niputtaa yhtyeeseen liittyvi\u00e4 tapahtumia eri vuosikymmeniin. Tapahtumalle pit\u00e4\u00e4 olla tarkka p\u00e4iv\u00e4, jotta se kelpuutetaan t\u00e4h\u00e4n osioon.<\/li><li><strong>J\u00c4SENET<\/strong>: T\u00e4m\u00e4 osio listaa yhtyeen nykyisiin j\u00e4seniin liittyvi\u00e4 tietoa. Mik\u00e4li jossain kohtaa on merkint\u00e4 &#8221;???&#8221;, on kyseinen tieto tekij\u00e4lle tuntematon. N\u00e4it\u00e4 puuttuvia kohtia t\u00e4ydennet\u00e4\u00e4n sit\u00e4 mukaa kun suht varmaa tietoa asiasta tulee vastaan. J\u00e4senen kasvokuvaksi on pyritty hakemaan mahdollisimman tuore kuva.<\/li><li><strong>EX-J\u00c4SENET<\/strong>: T\u00e4m\u00e4 osio listaa yhtyeen entisiin j\u00e4seniin liittyvi\u00e4 tietoa. Merkint\u00e4 &#8221;???&#8221; tarkoittaa samaa kuin osiossa &#8221;J\u00c4SENET&#8221;. Ex-j\u00e4senen kasvokuvaksi on pyritty hakemaan mahdollisimman tuore kuva silt\u00e4 ajalta, kun ex-j\u00e4sen on viel\u00e4 ollut yhtyeess\u00e4.<\/li><li><strong>TUOTANTO<\/strong>: T\u00e4m\u00e4 osio listaa julkaisukohtaisia tietoja eri julkaisutyyppeihin luokiteltuina.<\/li><li><strong>KEIKAT<\/strong>: T\u00e4m\u00e4 osio listaa yhtyeen soittamat keikat vuosittain, kukin vuosi omalla sivullaan. Harjoituskeikkoja, nauhoitettuja TV-esiintymisi\u00e4, yksityisesiintymisi\u00e4 tai peruttuja keikkoja&nbsp;ei listata.<\/li><li><strong>BONUS<\/strong>: T\u00e4m\u00e4 osio l\u00e4hestyy&nbsp;yhtyeen historiaa viihteellisemmin. Osio sis\u00e4lt\u00e4\u00e4 t\u00e4ll\u00e4 hetkell\u00e4 gallerian eli t\u00e4m\u00e4n sivuston tekij\u00e4n luomia&nbsp;ns. KISS-fanikuvia esittelev\u00e4n sivun.<\/li><\/ul>\n","protected":false},"excerpt":{"rendered":"<p>Tekij\u00e4 ja yll\u00e4pit\u00e4j\u00e4: Vesa Lampinen T\u00e4m\u00e4 on KISS-historiatietosivuston nelj\u00e4s inkarnaatio ja toteutettu mink\u00e4\u00e4nlaista taloudellista hy\u00f6ty\u00e4 tavoittelematta. Sivuston sis\u00e4lt\u00e4m\u00e4 tieto perustuu erin\u00e4isiin tietol\u00e4hteisiin, joita tekij\u00e4 on [&hellip;]<\/p>\n","protected":false},"author":1,"featured_media":0,"parent":0,"menu_order":0,"comment_status":"closed","ping_status":"closed","template":"","meta":{"inline_featured_image":false},"_links":{"self":[{"href":"https:\/\/www.scionart.com\/kisstoria\/wp-json\/wp\/v2\/pages\/27"}],"collection":[{"href":"https:\/\/www.scionart.com\/kisstoria\/wp-json\/wp\/v2\/pages"}],"about":[{"href":"https:\/\/www.scionart.com\/kisstoria\/wp-json\/wp\/v2\/types\/page"}],"author":[{"embeddable":true,"href":"https:\/\/www.scionart.com\/kisstoria\/wp-json\/wp\/v2\/users\/1"}],"replies":[{"embeddable":true,"href":"https:\/\/www.scionart.com\/kisstoria\/wp-json\/wp\/v2\/comments?post=27"}],"version-history":[{"count":5,"href":"https:\/\/www.scionart.com\/kisstoria\/wp-json\/wp\/v2\/pages\/27\/revisions"}],"predecessor-version":[{"id":1235,"href":"https:\/\/www.scionart.com\/kisstoria\/wp-json\/wp\/v2\/pages\/27\/revisions\/1235"}],"wp:attachment":[{"href":"https:\/\/www.scionart.com\/kisstoria\/wp-json\/wp\/v2\/media?parent=27"}],"curies":[{"name":"wp","href":"https:\/\/api.w.org\/{rel}","templated":true}]}}