{"id":181,"date":"2018-04-16T09:47:17","date_gmt":"2018-04-16T09:47:17","guid":{"rendered":"https:\/\/www.scionart.com\/kisstoria\/?page_id=181"},"modified":"2020-02-07T11:01:59","modified_gmt":"2020-02-07T11:01:59","slug":"singlet","status":"publish","type":"page","link":"https:\/\/www.scionart.com\/kisstoria\/singlet\/","title":{"rendered":"Singlet"},"content":{"rendered":"\n<table id=\"tablepress-8\" class=\"tablepress tablepress-id-8 table table-sm table-striped\">\n<thead>\n<tr class=\"row-1\">\n\t<th class=\"column-1\">Single<\/th><th class=\"column-2\">Julkaisup\u00e4iv\u00e4<\/th>\n<\/tr>\n<\/thead>\n<tbody>\n<tr class=\"row-2\">\n\t<td class=\"column-1\">Nothin' to lose \/ Love theme from KISS<\/td><td class=\"column-2\">18.2.1974<\/td>\n<\/tr>\n<tr class=\"row-3\">\n\t<td class=\"column-1\">Kissin' time \/ Nothin' to lose<\/td><td class=\"column-2\">10.5.1974<\/td>\n<\/tr>\n<tr class=\"row-4\">\n\t<td class=\"column-1\">Strutter \/ 100,000 years<\/td><td class=\"column-2\">10.8.1974<\/td>\n<\/tr>\n<tr class=\"row-5\">\n\t<td class=\"column-1\">Let me go, rock 'n' roll \/ Hotter than hell<\/td><td class=\"column-2\">22.10.1974<\/td>\n<\/tr>\n<tr class=\"row-6\">\n\t<td class=\"column-1\">Rock and roll all nite \/ Getaway<\/td><td class=\"column-2\">2.4.1975<\/td>\n<\/tr>\n<tr class=\"row-7\">\n\t<td class=\"column-1\">C'mon and love me \/ Getaway<\/td><td class=\"column-2\">10.7.1975<\/td>\n<\/tr>\n<tr class=\"row-8\">\n\t<td class=\"column-1\">Rock and roll all nite (live) \/ Rock and roll all nite<\/td><td class=\"column-2\">14.10.1975<\/td>\n<\/tr>\n<tr class=\"row-9\">\n\t<td class=\"column-1\">Shout it out loud \/ Sweet pain<\/td><td class=\"column-2\">1.3.1976<\/td>\n<\/tr>\n<tr class=\"row-10\">\n\t<td class=\"column-1\">Flaming youth \/ God of thunder<\/td><td class=\"column-2\">30.4.1976<\/td>\n<\/tr>\n<tr class=\"row-11\">\n\t<td class=\"column-1\">Detroit rock city (edit) \/ Beth<\/td><td class=\"column-2\">28.7.1976<\/td>\n<\/tr>\n<tr class=\"row-12\">\n\t<td class=\"column-1\">Beth \/ Detroit rock city (edit)<\/td><td class=\"column-2\">8.1976<\/td>\n<\/tr>\n<tr class=\"row-13\">\n\t<td class=\"column-1\">Hard luck woman \/ Mr. Speed<\/td><td class=\"column-2\">1.11.1976<\/td>\n<\/tr>\n<tr class=\"row-14\">\n\t<td class=\"column-1\">Calling Dr. Love \/ Take me<\/td><td class=\"column-2\">13.2.1977<\/td>\n<\/tr>\n<tr class=\"row-15\">\n\t<td class=\"column-1\">Christine sixteen \/ Shock me<\/td><td class=\"column-2\">1.6.1977<\/td>\n<\/tr>\n<tr class=\"row-16\">\n\t<td class=\"column-1\">Love gun \/ I stole your love<\/td><td class=\"column-2\">31.7.1977<\/td>\n<\/tr>\n<tr class=\"row-17\">\n\t<td class=\"column-1\">Then she kissed me \/ Almost human<\/td><td class=\"column-2\">9.1977<\/td>\n<\/tr>\n<tr class=\"row-18\">\n\t<td class=\"column-1\">Shout it out loud (live) \/ Nothin' to lose (live)<\/td><td class=\"column-2\">14.10.1977<\/td>\n<\/tr>\n<tr class=\"row-19\">\n\t<td class=\"column-1\">Rocket ride (edit) \/ Tomorrow and tonight (live)<\/td><td class=\"column-2\">22.2.1978<\/td>\n<\/tr>\n<tr class=\"row-20\">\n\t<td class=\"column-1\">Strutter '78 (alternate version) \/ Shock me<\/td><td class=\"column-2\">2.4.1978<\/td>\n<\/tr>\n<tr class=\"row-21\">\n\t<td class=\"column-1\">I was made for lovin' you (edit) \/ Hard times<\/td><td class=\"column-2\">20.5.1979<\/td>\n<\/tr>\n<tr class=\"row-22\">\n\t<td class=\"column-1\">Sure know something \/ Dirty livin'<\/td><td class=\"column-2\">30.9.1979<\/td>\n<\/tr>\n<tr class=\"row-23\">\n\t<td class=\"column-1\">Shandi \/ She's so European<\/td><td class=\"column-2\">1.6.1980<\/td>\n<\/tr>\n<tr class=\"row-24\">\n\t<td class=\"column-1\">Talk to me \/ Naked city<\/td><td class=\"column-2\">24.8.1980<\/td>\n<\/tr>\n<tr class=\"row-25\">\n\t<td class=\"column-1\">Tomorrow \/ Naked city<\/td><td class=\"column-2\">1.11.1980<\/td>\n<\/tr>\n<tr class=\"row-26\">\n\t<td class=\"column-1\">A world without heroes \/ Dark light<\/td><td class=\"column-2\">17.11.1981<\/td>\n<\/tr>\n<tr class=\"row-27\">\n\t<td class=\"column-1\">I \/ The oath<\/td><td class=\"column-2\">17.11.1981<\/td>\n<\/tr>\n<tr class=\"row-28\">\n\t<td class=\"column-1\">I love it loud \/ Creatures of the night<\/td><td class=\"column-2\">13.10.1982<\/td>\n<\/tr>\n<tr class=\"row-29\">\n\t<td class=\"column-1\">Killer \/ I love it loud<\/td><td class=\"column-2\">1.11.1982<\/td>\n<\/tr>\n<tr class=\"row-30\">\n\t<td class=\"column-1\">Creatures of the night \/ Rock and roll all nite (live)<\/td><td class=\"column-2\">4.1983<\/td>\n<\/tr>\n<tr class=\"row-31\">\n\t<td class=\"column-1\">Lick it up \/ Dance all over your face<\/td><td class=\"column-2\">18.9.1983<\/td>\n<\/tr>\n<tr class=\"row-32\">\n\t<td class=\"column-1\">All hell's breakin' loose (edit) \/ Not for the innocent<\/td><td class=\"column-2\">6.2.1984<\/td>\n<\/tr>\n<tr class=\"row-33\">\n\t<td class=\"column-1\">Heaven's on fire \/ Lonely is the hunter<\/td><td class=\"column-2\">19.9.1984<\/td>\n<\/tr>\n<tr class=\"row-34\">\n\t<td class=\"column-1\">Thrills in the night (edit) \/ Burn bitch burn<\/td><td class=\"column-2\">13.1.1985<\/td>\n<\/tr>\n<tr class=\"row-35\">\n\t<td class=\"column-1\">Tears are falling \/ Anyway you slice it<\/td><td class=\"column-2\">16.9.1985<\/td>\n<\/tr>\n<tr class=\"row-36\">\n\t<td class=\"column-1\">Crazy crazy nights \/ No, no, no<\/td><td class=\"column-2\">18.8.1987<\/td>\n<\/tr>\n<tr class=\"row-37\">\n\t<td class=\"column-1\">Reason to live \/ Thief in the night<\/td><td class=\"column-2\">1.11.1987<\/td>\n<\/tr>\n<tr class=\"row-38\">\n\t<td class=\"column-1\">Turn on the night \/ Hell or high water<\/td><td class=\"column-2\">27.2.1988<\/td>\n<\/tr>\n<tr class=\"row-39\">\n\t<td class=\"column-1\">Let's put the 'X' in sex \/ Calling Dr. Love (remix)<\/td><td class=\"column-2\">11.10.1988<\/td>\n<\/tr>\n<tr class=\"row-40\">\n\t<td class=\"column-1\">(You make me) rock hard \/ Strutter (remix)<\/td><td class=\"column-2\">3.3.1989<\/td>\n<\/tr>\n<tr class=\"row-41\">\n\t<td class=\"column-1\">Hide your heart \/ Betrayed<\/td><td class=\"column-2\">17.10.1989<\/td>\n<\/tr>\n<tr class=\"row-42\">\n\t<td class=\"column-1\">Forever (remix) \/ The street giveth &amp; the street taketh away<\/td><td class=\"column-2\">5.1.1990<\/td>\n<\/tr>\n<tr class=\"row-43\">\n\t<td class=\"column-1\">Rise to it (remix) \/ Silver spoon<\/td><td class=\"column-2\">1.4.1990<\/td>\n<\/tr>\n<tr class=\"row-44\">\n\t<td class=\"column-1\">God gave rock 'n' roll to you II (edit and album version)<\/td><td class=\"column-2\">22.8.1991<\/td>\n<\/tr>\n<tr class=\"row-45\">\n\t<td class=\"column-1\">Unholy \/ God gave rock 'n' roll to you II<\/td><td class=\"column-2\">4.5.1992<\/td>\n<\/tr>\n<tr class=\"row-46\">\n\t<td class=\"column-1\">Domino (radio edit) \/ Carr jam 1981<\/td><td class=\"column-2\">1992<\/td>\n<\/tr>\n<tr class=\"row-47\">\n\t<td class=\"column-1\">I just wanna (radio eq) \/ I just wanna<\/td><td class=\"column-2\">1992<\/td>\n<\/tr>\n<tr class=\"row-48\">\n\t<td class=\"column-1\">Every time I look at you \/ Partners in crime (remix)<\/td><td class=\"column-2\">1992<\/td>\n<\/tr>\n<tr class=\"row-49\">\n\t<td class=\"column-1\">I love it loud (live) \/ Unholy (live)<\/td><td class=\"column-2\">8.5.1993<\/td>\n<\/tr>\n<tr class=\"row-50\">\n\t<td class=\"column-1\">Rock and roll all night (unplugged) \/ Every time I look at you (unplugged)<\/td><td class=\"column-2\">1996<\/td>\n<\/tr>\n<tr class=\"row-51\">\n\t<td class=\"column-1\">Jungle (radio edit) \/ Jungle (album version)<\/td><td class=\"column-2\">1997<\/td>\n<\/tr>\n<tr class=\"row-52\">\n\t<td class=\"column-1\">Psycho circus \/ Into the void<\/td><td class=\"column-2\">31.7.1998<\/td>\n<\/tr>\n<tr class=\"row-53\">\n\t<td class=\"column-1\">We are one (radio edit) \/ Psycho circus (radio edit)<\/td><td class=\"column-2\">1998<\/td>\n<\/tr>\n<tr class=\"row-54\">\n\t<td class=\"column-1\">I finally found my way<\/td><td class=\"column-2\">1998<\/td>\n<\/tr>\n<tr class=\"row-55\">\n\t<td class=\"column-1\">You wanted the best<\/td><td class=\"column-2\">23.11.1998<\/td>\n<\/tr>\n<tr class=\"row-56\">\n\t<td class=\"column-1\">Modern day Delilah<\/td><td class=\"column-2\">19.8.2009<\/td>\n<\/tr>\n<tr class=\"row-57\">\n\t<td class=\"column-1\">Say yeah<\/td><td class=\"column-2\">8.12.2009<\/td>\n<\/tr>\n<tr class=\"row-58\">\n\t<td class=\"column-1\">Never enough<\/td><td class=\"column-2\">11.6.2010<\/td>\n<\/tr>\n<tr class=\"row-59\">\n\t<td class=\"column-1\">Hell or hallelujah<\/td><td class=\"column-2\">2.7.2012<\/td>\n<\/tr>\n<tr class=\"row-60\">\n\t<td class=\"column-1\">Long way down<\/td><td class=\"column-2\">23.10.2012<\/td>\n<\/tr>\n<\/tbody>\n<\/table>\n<!-- #tablepress-8 from cache -->\n\n\n\n<h2>Huomioitavaa<\/h2>\n\n\n\n<p>Singlelistan pohjana on k\u00e4ytetty Wikipedian KISS-singlet listaavaa&nbsp;<a href=\"http:\/\/en.wikipedia.org\/wiki\/Kiss_discography#Singles\" target=\"_blank\" rel=\"noopener noreferrer\">diskografiasivua<\/a>.<\/p>\n\n\n\n<p>Lista ei ole t\u00e4ydellinen lista kaikista eri maissa julkaistuista singleist\u00e4.<\/p>\n","protected":false},"excerpt":{"rendered":"<p>Huomioitavaa Singlelistan pohjana on k\u00e4ytetty Wikipedian KISS-singlet listaavaa&nbsp;diskografiasivua. Lista ei ole t\u00e4ydellinen lista kaikista eri maissa julkaistuista singleist\u00e4.<\/p>\n","protected":false},"author":1,"featured_media":0,"parent":0,"menu_order":0,"comment_status":"closed","ping_status":"closed","template":"","meta":{"inline_featured_image":false},"_links":{"self":[{"href":"https:\/\/www.scionart.com\/kisstoria\/wp-json\/wp\/v2\/pages\/181"}],"collection":[{"href":"https:\/\/www.scionart.com\/kisstoria\/wp-json\/wp\/v2\/pages"}],"about":[{"href":"https:\/\/www.scionart.com\/kisstoria\/wp-json\/wp\/v2\/types\/page"}],"author":[{"embeddable":true,"href":"https:\/\/www.scionart.com\/kisstoria\/wp-json\/wp\/v2\/users\/1"}],"replies":[{"embeddable":true,"href":"https:\/\/www.scionart.com\/kisstoria\/wp-json\/wp\/v2\/comments?post=181"}],"version-history":[{"count":5,"href":"https:\/\/www.scionart.com\/kisstoria\/wp-json\/wp\/v2\/pages\/181\/revisions"}],"predecessor-version":[{"id":950,"href":"https:\/\/www.scionart.com\/kisstoria\/wp-json\/wp\/v2\/pages\/181\/revisions\/950"}],"wp:attachment":[{"href":"https:\/\/www.scionart.com\/kisstoria\/wp-json\/wp\/v2\/media?parent=181"}],"curies":[{"name":"wp","href":"https:\/\/api.w.org\/{rel}","templated":true}]}}