{"id":159,"date":"2018-04-12T06:39:44","date_gmt":"2018-04-12T06:39:44","guid":{"rendered":"https:\/\/www.scionart.com\/kisstoria\/?page_id=159"},"modified":"2021-12-23T09:16:56","modified_gmt":"2021-12-23T09:16:56","slug":"galleria","status":"publish","type":"page","link":"https:\/\/www.scionart.com\/kisstoria\/galleria\/","title":{"rendered":"Galleria"},"content":{"rendered":"\n<p>Kaikkien kuvien koko on 1920 x 1080 pikseli\u00e4. Ne on tehty Gimpill\u00e4 tai&nbsp;Inkscapella (sivuston tekij\u00e4n toimesta), joten kuvia ei ole &#8221;photoshopattu&#8221;. \ud83d\ude42<\/p>\n\n\n\n<h2>Extra <\/h2>\n\n\n\n<p>Alla linkitetyt kuvat ovat alkuper\u00e4isi\u00e4 vektoroituja SVG-kuvia yll\u00e4 olevista bittikarttavastineistaan. Kuva aukeaa erilliseen selainikkunaan. <\/p>\n\n\n\n<ul><li><a rel=\"noreferrer noopener\" aria-label=\"Kuva 6 (avautuu uudessa v\u00e4lilehdess\u00e4)\" href=\"https:\/\/www.scionart.com\/kisstoria\/wp-content\/uploads\/2018\/05\/kisstoria_gallery_06.svg\" target=\"_blank\">Kuva 6<\/a><\/li><li><a rel=\"noreferrer noopener\" aria-label=\"Kuva 11 (avautuu uudessa v\u00e4lilehdess\u00e4)\" href=\"https:\/\/www.scionart.com\/kisstoria\/wp-content\/uploads\/2018\/05\/kisstoria_gallery_11.svg\" target=\"_blank\">Kuva 11<\/a><\/li><li><a rel=\"noreferrer noopener\" aria-label=\"Kuva 18 (avautuu uudessa v\u00e4lilehdess\u00e4)\" href=\"https:\/\/www.scionart.com\/kisstoria\/wp-content\/uploads\/2018\/12\/kisstoria_gallery_18.svg\" target=\"_blank\">Kuva 18<\/a><\/li><li><a rel=\"noreferrer noopener\" aria-label=\"Kuva 19 (avautuu uudessa v\u00e4lilehdess\u00e4)\" href=\"https:\/\/www.scionart.com\/kisstoria\/wp-content\/uploads\/2019\/02\/kisstoria_gallery_19.svg\" target=\"_blank\">Kuva 19<\/a><\/li><li><a rel=\"noreferrer noopener\" href=\"https:\/\/www.scionart.com\/kisstoria\/wp-content\/uploads\/2021\/12\/kisstoria_gallery_21.svg\" target=\"_blank\">Kuva 21<\/a><\/li><li><a href=\"https:\/\/www.scionart.com\/kisstoria\/wp-content\/uploads\/2021\/12\/kisstoria_gallery_32.svg\" target=\"_blank\" rel=\"noreferrer noopener\">Kuva 32<\/a><\/li><\/ul>\n\n\n\n<p><\/p>\n","protected":false},"excerpt":{"rendered":"<p>Kaikkien kuvien koko on 1920 x 1080 pikseli\u00e4. Ne on tehty Gimpill\u00e4 tai&nbsp;Inkscapella (sivuston tekij\u00e4n toimesta), joten kuvia ei ole &#8221;photoshopattu&#8221;. \ud83d\ude42 Extra Alla linkitetyt [&hellip;]<\/p>\n","protected":false},"author":1,"featured_media":0,"parent":0,"menu_order":0,"comment_status":"closed","ping_status":"closed","template":"page_image-gallery.php","meta":{"inline_featured_image":false},"_links":{"self":[{"href":"https:\/\/www.scionart.com\/kisstoria\/wp-json\/wp\/v2\/pages\/159"}],"collection":[{"href":"https:\/\/www.scionart.com\/kisstoria\/wp-json\/wp\/v2\/pages"}],"about":[{"href":"https:\/\/www.scionart.com\/kisstoria\/wp-json\/wp\/v2\/types\/page"}],"author":[{"embeddable":true,"href":"https:\/\/www.scionart.com\/kisstoria\/wp-json\/wp\/v2\/users\/1"}],"replies":[{"embeddable":true,"href":"https:\/\/www.scionart.com\/kisstoria\/wp-json\/wp\/v2\/comments?post=159"}],"version-history":[{"count":5,"href":"https:\/\/www.scionart.com\/kisstoria\/wp-json\/wp\/v2\/pages\/159\/revisions"}],"predecessor-version":[{"id":1186,"href":"https:\/\/www.scionart.com\/kisstoria\/wp-json\/wp\/v2\/pages\/159\/revisions\/1186"}],"wp:attachment":[{"href":"https:\/\/www.scionart.com\/kisstoria\/wp-json\/wp\/v2\/media?parent=159"}],"curies":[{"name":"wp","href":"https:\/\/api.w.org\/{rel}","templated":true}]}}