{"id":1274,"date":"2022-10-19T11:28:04","date_gmt":"2022-10-19T11:28:04","guid":{"rendered":"https:\/\/www.scionart.com\/kisstoria\/?page_id=1274"},"modified":"2022-10-19T12:05:08","modified_gmt":"2022-10-19T12:05:08","slug":"off-the-soundboard-donington-1996","status":"publish","type":"page","link":"https:\/\/www.scionart.com\/kisstoria\/livet\/off-the-soundboard-donington-1996\/","title":{"rendered":"Off the soundboard &#8211; Donington 1996"},"content":{"rendered":"\n<ol><li>Deuce (Simmons) &#8211; 4:03<\/li><li>King of the night time world (Fowley, Anthony, Stanley, Ezrin) &#8211; 4:05<\/li><li>Do you love me (Stanley, Fowley, Ezrin) &#8211; 4:08<\/li><li>Calling Dr. Love (Simmons) &#8211; 4:16<\/li><li>Cold gin (Frehley) &#8211; 6:23<\/li><li>Let me go, rock &#8217;n&#8217; roll (Stanley, Simmons) &#8211; 5:48<\/li><li>Shout it out loud (Simmons, Stanley, Ezrin) &#8211; 3:01<\/li><li>Watchin&#8217; you (Simmons) &#8211; 3:53<\/li><li>Firehouse (Stanley) &#8211; 4:32<\/li><li>Shock me (Frehley) &#8211; 12:56<\/li><li>Strutter (Stanley, Simmons) &#8211; 4:17<\/li><li>God of thunder (Stanley) &#8211; 11:07<\/li><li>Love gun (Stanley) &#8211; 4:43<\/li><li>100,000 years (Stanley, Simmons) &#8211; 5:23<\/li><li>Black diamond (Stanley) &#8211; 9:52<\/li><li>Detroit rock city (Stanley, Ezrin) &#8211; 5:22<\/li><li>Rock and roll all nite (Stanley, Simmons) &#8211; 6:56<\/li><\/ol>\n\n\n\n<p>Levy-yhti\u00f6: UMe<br>Tuottaja(t): Steve Hammonds, Jeff Fura ja Jannet Talat<br>\u00c4\u00e4nitetty: Monsters of rock (Castle Donington, Englanti) 17.8.1996 <br>Julkaistu: 10.6.2022<br>Kansitaide: Tom Jermann \/ t42design<\/p>\n","protected":false},"excerpt":{"rendered":"<p>Deuce (Simmons) &#8211; 4:03 King of the night time world (Fowley, Anthony, Stanley, Ezrin) &#8211; 4:05 Do you love me (Stanley, Fowley, Ezrin) &#8211; 4:08 [&hellip;]<\/p>\n","protected":false},"author":1,"featured_media":1261,"parent":89,"menu_order":0,"comment_status":"closed","ping_status":"closed","template":"page_record.php","meta":{"inline_featured_image":false},"_links":{"self":[{"href":"https:\/\/www.scionart.com\/kisstoria\/wp-json\/wp\/v2\/pages\/1274"}],"collection":[{"href":"https:\/\/www.scionart.com\/kisstoria\/wp-json\/wp\/v2\/pages"}],"about":[{"href":"https:\/\/www.scionart.com\/kisstoria\/wp-json\/wp\/v2\/types\/page"}],"author":[{"embeddable":true,"href":"https:\/\/www.scionart.com\/kisstoria\/wp-json\/wp\/v2\/users\/1"}],"replies":[{"embeddable":true,"href":"https:\/\/www.scionart.com\/kisstoria\/wp-json\/wp\/v2\/comments?post=1274"}],"version-history":[{"count":4,"href":"https:\/\/www.scionart.com\/kisstoria\/wp-json\/wp\/v2\/pages\/1274\/revisions"}],"predecessor-version":[{"id":1293,"href":"https:\/\/www.scionart.com\/kisstoria\/wp-json\/wp\/v2\/pages\/1274\/revisions\/1293"}],"up":[{"embeddable":true,"href":"https:\/\/www.scionart.com\/kisstoria\/wp-json\/wp\/v2\/pages\/89"}],"wp:featuredmedia":[{"embeddable":true,"href":"https:\/\/www.scionart.com\/kisstoria\/wp-json\/wp\/v2\/media\/1261"}],"wp:attachment":[{"href":"https:\/\/www.scionart.com\/kisstoria\/wp-json\/wp\/v2\/media?parent=1274"}],"curies":[{"name":"wp","href":"https:\/\/api.w.org\/{rel}","templated":true}]}}