{"id":1264,"date":"2022-10-19T11:01:00","date_gmt":"2022-10-19T11:01:00","guid":{"rendered":"https:\/\/www.scionart.com\/kisstoria\/?page_id=1264"},"modified":"2022-10-19T12:10:09","modified_gmt":"2022-10-19T12:10:09","slug":"off-the-soundboard-virginia-beach-2004","status":"publish","type":"page","link":"https:\/\/www.scionart.com\/kisstoria\/livet\/off-the-soundboard-virginia-beach-2004\/","title":{"rendered":"Off the soundboard &#8211; Virginia Beach 2004"},"content":{"rendered":"\n<ol><li>Love gun (Stanley) &#8211; 4:55<\/li><li>Deuce (Simmons) &#8211; 3:57<\/li><li>Makin&#8217; love (Stanley, Delaney) &#8211; 4:02<\/li><li>Lick it up (Stanley, Vincent) &#8211; 5:57<\/li><li>Christine Sixteen (Simmons) &#8211; 3:22<\/li><li>Tears are falling (Stanley) &#8211; 4:04<\/li><li>She (Simmons, Coronel) &#8211; 7:43<\/li><li>Got to choose (Stanley) &#8211; 4:06<\/li><li>I love it loud (Cusano) &#8211; 4:13<\/li><li>I want you (Stanley) &#8211; 8:42<\/li><li>Psycho circus (Stanley, Cuomo) &#8211; 5:32<\/li><li>King of the night time world (Fowley, Anthony, Stanley, Ezrin) &#8211; 3:52<\/li><li>War machine (Simmons, Adams, Vallance) &#8211; 5:24<\/li><li>100,000 years (Simmons, Stanley) &#8211; 8:41<\/li><li>Unholy (Simmons, Vincent) &#8211; 3:36<\/li><li>Shout it out loud (Simmons, Stanley, Ezrin) &#8211; 3:13<\/li><li>I was made for lovin&#8217; you (Stanley, Child, Poncia) &#8211; 6:12<\/li><li>Detroit rock city (Stanley, Ezrin) &#8211; 6.33<\/li><li>God gave Rock &#8217;n&#8217; roll to you II (Simmons, Stanley, Ballard, Ezrin) &#8211; 6:37<\/li><li>Rock and roll all nite (Stanley, Simmons) &#8211; 7:44<\/li><\/ol>\n\n\n\n<p>Levy-yhti\u00f6: UMe<br>Tuottaja(t): Steve Hammonds, Jreff Fura ja Jannet Talat<br>\u00c4\u00e4nitetty: Virginia Beach (Virginia, USA) 25.7.2004<br>Julkaistu: 11.3.2022<br>Kansitaide: Tom Jermann \/ t42design<\/p>\n","protected":false},"excerpt":{"rendered":"<p>Love gun (Stanley) &#8211; 4:55 Deuce (Simmons) &#8211; 3:57 Makin&#8217; love (Stanley, Delaney) &#8211; 4:02 Lick it up (Stanley, Vincent) &#8211; 5:57 Christine Sixteen (Simmons) [&hellip;]<\/p>\n","protected":false},"author":1,"featured_media":1260,"parent":89,"menu_order":0,"comment_status":"closed","ping_status":"closed","template":"page_record.php","meta":{"inline_featured_image":false},"_links":{"self":[{"href":"https:\/\/www.scionart.com\/kisstoria\/wp-json\/wp\/v2\/pages\/1264"}],"collection":[{"href":"https:\/\/www.scionart.com\/kisstoria\/wp-json\/wp\/v2\/pages"}],"about":[{"href":"https:\/\/www.scionart.com\/kisstoria\/wp-json\/wp\/v2\/types\/page"}],"author":[{"embeddable":true,"href":"https:\/\/www.scionart.com\/kisstoria\/wp-json\/wp\/v2\/users\/1"}],"replies":[{"embeddable":true,"href":"https:\/\/www.scionart.com\/kisstoria\/wp-json\/wp\/v2\/comments?post=1264"}],"version-history":[{"count":4,"href":"https:\/\/www.scionart.com\/kisstoria\/wp-json\/wp\/v2\/pages\/1264\/revisions"}],"predecessor-version":[{"id":1296,"href":"https:\/\/www.scionart.com\/kisstoria\/wp-json\/wp\/v2\/pages\/1264\/revisions\/1296"}],"up":[{"embeddable":true,"href":"https:\/\/www.scionart.com\/kisstoria\/wp-json\/wp\/v2\/pages\/89"}],"wp:featuredmedia":[{"embeddable":true,"href":"https:\/\/www.scionart.com\/kisstoria\/wp-json\/wp\/v2\/media\/1260"}],"wp:attachment":[{"href":"https:\/\/www.scionart.com\/kisstoria\/wp-json\/wp\/v2\/media?parent=1264"}],"curies":[{"name":"wp","href":"https:\/\/api.w.org\/{rel}","templated":true}]}}