{"id":121,"date":"2018-04-06T06:20:33","date_gmt":"2018-04-06T06:20:33","guid":{"rendered":"https:\/\/www.scionart.com\/kisstoria\/?page_id=121"},"modified":"2020-09-18T07:23:59","modified_gmt":"2020-09-18T07:23:59","slug":"2010-2","status":"publish","type":"page","link":"https:\/\/www.scionart.com\/kisstoria\/2010-2\/","title":{"rendered":"2010-"},"content":{"rendered":"\n<table id=\"tablepress-7\" class=\"tablepress tablepress-id-7 table table-sm table-striped\">\n<thead>\n<tr class=\"row-1\">\n\t<th class=\"column-1\">P\u00e4iv\u00e4<\/th><th class=\"column-2\">Tapahtuma<\/th>\n<\/tr>\n<\/thead>\n<tbody>\n<tr class=\"row-2\">\n\t<td class=\"column-1\">1.5.2010<\/td><td class=\"column-2\">KISS aloittaa Sonic boom over Europe tourin Sheffield Arenalla, Sheffieldissa Englannissa<\/td>\n<\/tr>\n<tr class=\"row-3\">\n\t<td class=\"column-1\">28.6.2010<\/td><td class=\"column-2\">Bill Aucoin, KISSin manageri vuosina 1973-1982, kuolee eturauhassy\u00f6p\u00e4\u00e4n 66-vuotiaana<\/td>\n<\/tr>\n<tr class=\"row-4\">\n\t<td class=\"column-1\">23.7.2010<\/td><td class=\"column-2\">KISS aloittaa The hottest show on Earth tourin Cheyenne Frontier Days -tapahtumassa, Cheyenness\u00e4 (Wyoming)<\/td>\n<\/tr>\n<tr class=\"row-5\">\n\t<td class=\"column-1\">13.10.2011<\/td><td class=\"column-2\">Ensimm\u00e4inen KISS Kruise -risteily l\u00e4htee liikkeelle Miamista kohti Bahamaa<\/td>\n<\/tr>\n<tr class=\"row-6\">\n\t<td class=\"column-1\">15.3.2012<\/td><td class=\"column-2\">KISS by Monster mini golf -minigolfradan avajaisia vietet\u00e4\u00e4n Las Vegasissa. Samalla vihit\u00e4\u00e4n ensimm\u00e4inen h\u00e4\u00e4pari rakennuksen Hotter than hell wedding chapel -h\u00e4\u00e4kappelissa. Koko yhtye saapuu avajaisiin ja Gene ja Paul ovat mukana vihkij\u00e4isseremoniassa.<\/td>\n<\/tr>\n<tr class=\"row-7\">\n\t<td class=\"column-1\">20.7.2012<\/td><td class=\"column-2\">KISS aloittaa The tour -yhteiskiertueen M\u00f6tley cr\u00fcen kanssa Jiffy Lube Livess\u00e4, Bristowissa (Virginia)<\/td>\n<\/tr>\n<tr class=\"row-8\">\n\t<td class=\"column-1\">5.10.2012<\/td><td class=\"column-2\">Monster julkaistaan<\/td>\n<\/tr>\n<tr class=\"row-9\">\n\t<td class=\"column-1\">31.10.2012<\/td><td class=\"column-2\">KISS Kruise II -risteily l\u00e4htee liikkeelle Miamista kohti Bahamaa<\/td>\n<\/tr>\n<tr class=\"row-10\">\n\t<td class=\"column-1\">7.11.2012<\/td><td class=\"column-2\">KISS aloittaa Monster world tourin River Plate Stadiumilla, Buenos Airesissa Argentiinassa<\/td>\n<\/tr>\n<tr class=\"row-11\">\n\t<td class=\"column-1\">15.8.2013<\/td><td class=\"column-2\">Gene, Paul ja yhtyeen manageri Doc McGee hankkivat osaomistajuuden LA KISS -nimiseen Arena Football League -jalkapallojoukkueeseen, jonka tarkoitus on aloittaa pelaaminen kaudella 2014. Kausilipun hankkineille luvataan ilmainen KISS-konsertti Honda Centeriss\u00e4 (Anaheim, Kalifornia).<\/td>\n<\/tr>\n<tr class=\"row-12\">\n\t<td class=\"column-1\">28.10.2013<\/td><td class=\"column-2\">KISS Kruise III -risteily l\u00e4htee liikkeelle Miamista Key Westin kautta kohti Bahamaa<\/td>\n<\/tr>\n<tr class=\"row-13\">\n\t<td class=\"column-1\">17.12.2013<\/td><td class=\"column-2\">KISS ilmoitetaan hyv\u00e4ksytyksi Rock and Roll Hall of Fameen<\/td>\n<\/tr>\n<tr class=\"row-14\">\n\t<td class=\"column-1\">18.2.2014<\/td><td class=\"column-2\">Yhtyeen ensilevytyksen julkaisusta on kulunut tasan 40 vuotta<\/td>\n<\/tr>\n<tr class=\"row-15\">\n\t<td class=\"column-1\">10.4.2014<\/td><td class=\"column-2\">KISS p\u00e4\u00e4see ensimm\u00e4ist\u00e4 kertaa aikakauslehti Rolling Stonen kanteen (numero 1206).<br \/>\n<br \/>\nOriginaalikokoonpano (Gene, Paul, Ace ja Peter) pokkaa itselleen pystit Rock and Roll Hall of Famen palkintoseremoniassa Barclays Centeriss\u00e4 Brooklynissa (New York)<\/td>\n<\/tr>\n<tr class=\"row-16\">\n\t<td class=\"column-1\">31.10.2014<\/td><td class=\"column-2\">KISS Kruise IV -risteily l\u00e4htee liikkeelle Miamista kohti Bahamaa<\/td>\n<\/tr>\n<tr class=\"row-17\">\n\t<td class=\"column-1\">28.1.2015<\/td><td class=\"column-2\">KISS julkaisee yhteissinglen japanilaisen tytt\u00f6b\u00e4ndi Momoiro Clover Z:n kanssa<\/td>\n<\/tr>\n<tr class=\"row-18\">\n\t<td class=\"column-1\">15.9.2015<\/td><td class=\"column-2\">RIAA (Recording Industry Association of America) ilmoittaa KISSin saavuttaneen enemm\u00e4n kultalevyj\u00e4 (30 kpl) kuin yksik\u00e4\u00e4n muu amerikkalainen b\u00e4ndi j\u00e4rjest\u00f6n olemassaolon aikana<\/td>\n<\/tr>\n<tr class=\"row-19\">\n\t<td class=\"column-1\">30.10.2015<\/td><td class=\"column-2\">KISS Kruise V -risteily l\u00e4htee liikkeelle Miamista kohti Jamaikaa<\/td>\n<\/tr>\n<tr class=\"row-20\">\n\t<td class=\"column-1\">4.11.2016<\/td><td class=\"column-2\">KISS Kruise VI -risteily l\u00e4htee liikkeelle Miamista kohti saaria Cozumel ja Grand Cayman<\/td>\n<\/tr>\n<tr class=\"row-21\">\n\t<td class=\"column-1\">22.2.2017<\/td><td class=\"column-2\">KISS aloittaa Kissworld 2017 tourin The Joint at Hard Rock Hotel &amp; Casinossa, Tulsassa (Oklahoma)<\/td>\n<\/tr>\n<tr class=\"row-22\">\n\t<td class=\"column-1\">4.5.2017<\/td><td class=\"column-2\">KISS k\u00e4y n\u00e4ytt\u00e4ytym\u00e4ss\u00e4 Helsingin p\u00e4\u00e4rautatieaseman edustalla. Lyhdynkantajat-patsaiden kasvoille 28.4. kiinnitetyt maskinaamarit huomioidaan maailmanlaajuisesti ja Gene sek\u00e4 Paul k\u00e4yv\u00e4t kuvauttamassa itsens\u00e4 patsaiden edustalla. P\u00e4iv\u00e4n p\u00e4\u00e4tteeksi yhtye esiintyy Hartwall arenalla.<\/td>\n<\/tr>\n<tr class=\"row-23\">\n\t<td class=\"column-1\">5.11.2017<\/td><td class=\"column-2\">KISS Kruise VII -risteily l\u00e4htee liikkeelle New Orleansista Costa Mayan kautta kohti Cozumelin saarta<\/td>\n<\/tr>\n<tr class=\"row-24\">\n\t<td class=\"column-1\">19.9.2018<\/td><td class=\"column-2\">KISS ilmoittaa America's got talent -TV-ohjelman esiintymisens\u00e4 yhteydess\u00e4 viimeisest\u00e4 kiertueestaan \"End of the road world tour\"<\/td>\n<\/tr>\n<tr class=\"row-25\">\n\t<td class=\"column-1\">31.10.2018<\/td><td class=\"column-2\">KISS Kruise VIII -risteily l\u00e4htee liikkeelle Miamista Key Westin kautta kohti Bahaman Nassauta<\/td>\n<\/tr>\n<tr class=\"row-26\">\n\t<td class=\"column-1\">31.1.2019<\/td><td class=\"column-2\">KISS aloittaa End of the road world tourin Rogers Arenalla, Vancouverissa Kanadassa<\/td>\n<\/tr>\n<tr class=\"row-27\">\n\t<td class=\"column-1\">30.10.2019<\/td><td class=\"column-2\">KISS Kruise IX -risteily l\u00e4htee liikkeelle Miamista Bahaman Great Strirrup Cay'n kautta kohti Jamaikan Falmouth'ia<\/td>\n<\/tr>\n<tr class=\"row-28\">\n\t<td class=\"column-1\">29.10.2021<\/td><td class=\"column-2\">KISS Kruise X -risteily l\u00e4htee liikkeelle Miamista Belizen Harvest Cayen kautta kohti Hondurasin Roat\u00e1nia<\/td>\n<\/tr>\n<\/tbody>\n<\/table>\n<!-- #tablepress-7 from cache -->\n","protected":false},"excerpt":{"rendered":"","protected":false},"author":1,"featured_media":0,"parent":0,"menu_order":0,"comment_status":"closed","ping_status":"closed","template":"","meta":{"inline_featured_image":false},"_links":{"self":[{"href":"https:\/\/www.scionart.com\/kisstoria\/wp-json\/wp\/v2\/pages\/121"}],"collection":[{"href":"https:\/\/www.scionart.com\/kisstoria\/wp-json\/wp\/v2\/pages"}],"about":[{"href":"https:\/\/www.scionart.com\/kisstoria\/wp-json\/wp\/v2\/types\/page"}],"author":[{"embeddable":true,"href":"https:\/\/www.scionart.com\/kisstoria\/wp-json\/wp\/v2\/users\/1"}],"replies":[{"embeddable":true,"href":"https:\/\/www.scionart.com\/kisstoria\/wp-json\/wp\/v2\/comments?post=121"}],"version-history":[{"count":3,"href":"https:\/\/www.scionart.com\/kisstoria\/wp-json\/wp\/v2\/pages\/121\/revisions"}],"predecessor-version":[{"id":1168,"href":"https:\/\/www.scionart.com\/kisstoria\/wp-json\/wp\/v2\/pages\/121\/revisions\/1168"}],"wp:attachment":[{"href":"https:\/\/www.scionart.com\/kisstoria\/wp-json\/wp\/v2\/media?parent=121"}],"curies":[{"name":"wp","href":"https:\/\/api.w.org\/{rel}","templated":true}]}}