{"id":119,"date":"2018-04-06T06:20:24","date_gmt":"2018-04-06T06:20:24","guid":{"rendered":"https:\/\/www.scionart.com\/kisstoria\/?page_id=119"},"modified":"2018-04-27T07:24:53","modified_gmt":"2018-04-27T07:24:53","slug":"2000-2009","status":"publish","type":"page","link":"https:\/\/www.scionart.com\/kisstoria\/2000-2009\/","title":{"rendered":"2000-2009"},"content":{"rendered":"\n<table id=\"tablepress-6\" class=\"tablepress tablepress-id-6 table table-sm table-striped\">\n<thead>\n<tr class=\"row-1\">\n\t<th class=\"column-1\">P\u00e4iv\u00e4<\/th><th class=\"column-2\">Tapahtuma<\/th>\n<\/tr>\n<\/thead>\n<tbody>\n<tr class=\"row-2\">\n\t<td class=\"column-1\">11.3.2000<\/td><td class=\"column-2\">KISS aloittaa Farewell tourin Blockbuster Desert Sky Pavilionissa, Phoenixissa (Arizona). Kiertue suunnitellaan yhtyeen viimeiseksi, mutta p\u00e4\u00e4t\u00f6s perutaan pari vuotta my\u00f6hemmin.<\/td>\n<\/tr>\n<tr class=\"row-3\">\n\t<td class=\"column-1\">24.2.2002<\/td><td class=\"column-2\">KISS esiintyy Salt Laken Cityn talviolympialaisten p\u00e4\u00e4tt\u00e4j\u00e4isiss\u00e4. Ace Frehleyn viimeinen esiintyminen yhtyeen kitaristina.<\/td>\n<\/tr>\n<tr class=\"row-4\">\n\t<td class=\"column-1\">6.3.2002<\/td><td class=\"column-2\">Tommy Thayer esiintyy ensimm\u00e4ist\u00e4 kertaa yhtyeen kitaristina Grand Lido Bracossa, Jamaikalla<\/td>\n<\/tr>\n<tr class=\"row-5\">\n\t<td class=\"column-1\">28.2.2003<\/td><td class=\"column-2\">KISS esiintyy lavalla yhdess\u00e4 70-henkisen Melbournen sinfoniaorkesterin kanssa Telstra Domessa Melbournessa Australiassa. Esiintyminen taltioidaan tulevia julkaisuja KISS Symphony - Alive IV ja KISS Symphony - The DVD varten.<\/td>\n<\/tr>\n<tr class=\"row-6\">\n\t<td class=\"column-1\">2.8.2003<\/td><td class=\"column-2\">KISS aloittaa World domination tourin Meadows Music Theaterissa, Hartfordissa (Connecticut). Kiertue on yhteiskiertue Aerosmithin kanssa.<\/td>\n<\/tr>\n<tr class=\"row-7\">\n\t<td class=\"column-1\">20.12.2003<\/td><td class=\"column-2\">Peter Criss esiintyy viimeist\u00e4 kertaa yhtyeen rumpalina Save Mart Centeriss\u00e4, Fresnossa (Kalifornia)<\/td>\n<\/tr>\n<tr class=\"row-8\">\n\t<td class=\"column-1\">8.5.2004<\/td><td class=\"column-2\">KISS aloittaa Rock the nation world tourin WACA Groundissa, Perthiss\u00e4 Australiassa. Yksi kiertueen keikoista taltioidaan DVD-julkaisua varten.<\/td>\n<\/tr>\n<tr class=\"row-9\">\n\t<td class=\"column-1\">13.12.2005<\/td><td class=\"column-2\">KISS rock the nation live! -live-DVD julkaistaan<\/td>\n<\/tr>\n<tr class=\"row-10\">\n\t<td class=\"column-1\">31.10.2006<\/td><td class=\"column-2\">KISSOLOGY Vol. 1 -kokoelma-DVD julkaistaan<\/td>\n<\/tr>\n<tr class=\"row-11\">\n\t<td class=\"column-1\">21.11.2006<\/td><td class=\"column-2\">Alive - the millennium concert julkaistaan osana Alive! 1975-2000 box setti\u00e4<\/td>\n<\/tr>\n<tr class=\"row-12\">\n\t<td class=\"column-1\">5.4.2007<\/td><td class=\"column-2\">Mark St. John kuolee aivoverenvuotoon 51-vuotiaana<\/td>\n<\/tr>\n<tr class=\"row-13\">\n\t<td class=\"column-1\">27.7.2007<\/td><td class=\"column-2\">KISS esiintyy triona Soboba Casino Arenalla San Jacintossa (Kalifornia) Paulin jouduttua sairaalaan syd\u00e4noireiden takia<\/td>\n<\/tr>\n<tr class=\"row-14\">\n\t<td class=\"column-1\">14.8.2007<\/td><td class=\"column-2\">KISSOLOGY Vol. 2 -kokoelma-DVD julkaistaan<\/td>\n<\/tr>\n<tr class=\"row-15\">\n\t<td class=\"column-1\">18.12.2007<\/td><td class=\"column-2\">KISSOLOGY Vol. 3 -kokoelma-DVD julkaistaan<\/td>\n<\/tr>\n<tr class=\"row-16\">\n\t<td class=\"column-1\">26.2.2008<\/td><td class=\"column-2\">Tulevan KISS Alive 35 world tourin Hartwall areenan keikka (Helsingiss\u00e4) myyd\u00e4\u00e4n loppuun alle seitsem\u00e4ss\u00e4 minuutissa. My\u00f6hemmin ilmoitetaan lis\u00e4keikasta, joka sekin myyd\u00e4\u00e4n loppuun alle kymmeness\u00e4 minuutissa.<\/td>\n<\/tr>\n<tr class=\"row-17\">\n\t<td class=\"column-1\">16.3.2008<\/td><td class=\"column-2\">KISS aloittaa KISS Alive 35 world tourin esiintym\u00e4ll\u00e4 n. 80.000 fanille Melbournen F1-kisoissa Australiassa<\/td>\n<\/tr>\n<tr class=\"row-18\">\n\t<td class=\"column-1\">20.5.2009<\/td><td class=\"column-2\">KISS esiintyy American Idolin finaalil\u00e4hetyksess\u00e4 yhdess\u00e4 Adam Lambertin kanssa yli 30 miljoonalle TV-katsojalle<\/td>\n<\/tr>\n<tr class=\"row-19\">\n\t<td class=\"column-1\">6.10.2009<\/td><td class=\"column-2\">Sonic boom julkaistaan<\/td>\n<\/tr>\n<\/tbody>\n<\/table>\n<!-- #tablepress-6 from cache -->\n","protected":false},"excerpt":{"rendered":"","protected":false},"author":1,"featured_media":0,"parent":0,"menu_order":0,"comment_status":"closed","ping_status":"closed","template":"","meta":{"inline_featured_image":false},"_links":{"self":[{"href":"https:\/\/www.scionart.com\/kisstoria\/wp-json\/wp\/v2\/pages\/119"}],"collection":[{"href":"https:\/\/www.scionart.com\/kisstoria\/wp-json\/wp\/v2\/pages"}],"about":[{"href":"https:\/\/www.scionart.com\/kisstoria\/wp-json\/wp\/v2\/types\/page"}],"author":[{"embeddable":true,"href":"https:\/\/www.scionart.com\/kisstoria\/wp-json\/wp\/v2\/users\/1"}],"replies":[{"embeddable":true,"href":"https:\/\/www.scionart.com\/kisstoria\/wp-json\/wp\/v2\/comments?post=119"}],"version-history":[{"count":2,"href":"https:\/\/www.scionart.com\/kisstoria\/wp-json\/wp\/v2\/pages\/119\/revisions"}],"predecessor-version":[{"id":129,"href":"https:\/\/www.scionart.com\/kisstoria\/wp-json\/wp\/v2\/pages\/119\/revisions\/129"}],"wp:attachment":[{"href":"https:\/\/www.scionart.com\/kisstoria\/wp-json\/wp\/v2\/media?parent=119"}],"curies":[{"name":"wp","href":"https:\/\/api.w.org\/{rel}","templated":true}]}}