{"id":117,"date":"2018-04-06T06:19:47","date_gmt":"2018-04-06T06:19:47","guid":{"rendered":"https:\/\/www.scionart.com\/kisstoria\/?page_id=117"},"modified":"2018-04-27T07:24:46","modified_gmt":"2018-04-27T07:24:46","slug":"1990-1999","status":"publish","type":"page","link":"https:\/\/www.scionart.com\/kisstoria\/1990-1999\/","title":{"rendered":"1990-1999"},"content":{"rendered":"\n<table id=\"tablepress-5\" class=\"tablepress tablepress-id-5 table table-sm table-striped\">\n<thead>\n<tr class=\"row-1\">\n\t<th class=\"column-1\">P\u00e4iv\u00e4<\/th><th class=\"column-2\">Tapahtuma<\/th>\n<\/tr>\n<\/thead>\n<tbody>\n<tr class=\"row-2\">\n\t<td class=\"column-1\">4.5.1990<\/td><td class=\"column-2\">KISS aloittaa Hot in the shade tourin Lubbock Municipal Coliseumissa, Lubbockissa (Teksas)<\/td>\n<\/tr>\n<tr class=\"row-3\">\n\t<td class=\"column-1\">24.11.1991<\/td><td class=\"column-2\">Eric Carr kuolee syd\u00e4nsy\u00f6v\u00e4n aiheuttamaan aivoverenvuotoon 41-vuotiaana Bellevue Hospital -nimisess\u00e4 sairaalassa New Yorkissa<\/td>\n<\/tr>\n<tr class=\"row-4\">\n\t<td class=\"column-1\">23.4.1992<\/td><td class=\"column-2\">KISS aloittaa Revenge tourin The Stonessa, San Franciscossa (Kalifornia). Eric Singer esiintyy ensimm\u00e4ist\u00e4 kertaa yhtyeen rumpalina.<\/td>\n<\/tr>\n<tr class=\"row-5\">\n\t<td class=\"column-1\">19.5.1992<\/td><td class=\"column-2\">Revenge julkaistaan<\/td>\n<\/tr>\n<tr class=\"row-6\">\n\t<td class=\"column-1\">18.5.1993<\/td><td class=\"column-2\">Alive III julkaistaan<\/td>\n<\/tr>\n<tr class=\"row-7\">\n\t<td class=\"column-1\">3.2.1995<\/td><td class=\"column-2\">KISS aloittaa Worldwide KISS Convention Tourin Perthiss\u00e4, Australiassa. Kokop\u00e4iv\u00e4isess\u00e4 tapahtumassa on esill\u00e4 vanhoja esiintymisasuja, soittimia ja muistoesineit\u00e4. KISS-coverb\u00e4ndien esiintymisien j\u00e4lkeen itse KISS saapuu paikalle vastaamaan fanien kysymyksiin, antaa allekirjoituksia ja esitt\u00e4\u00e4 kaksituntisen akustisen setin joka koostuu fanien paikan p\u00e4\u00e4ll\u00e4 ehdottamista biiseist\u00e4.<\/td>\n<\/tr>\n<tr class=\"row-8\">\n\t<td class=\"column-1\">9.8.1995<\/td><td class=\"column-2\">KISS nauhoittaa MTV Unplugged -ohjelman SONY Sound Studiosilla, New Yorkissa. Bruce Kulick esiintyy viimeist\u00e4 kertaa yhtyeen kitaristina.<\/td>\n<\/tr>\n<tr class=\"row-9\">\n\t<td class=\"column-1\">28.2.1996<\/td><td class=\"column-2\">Gene, Paul, Ace ja Peter tekev\u00e4t yll\u00e4tysesiintymisen 38. Grammy Awards -palkintogaalassa t\u00e4ysiss\u00e4 KISS-maskeissa ja -asusteissa<\/td>\n<\/tr>\n<tr class=\"row-10\">\n\t<td class=\"column-1\">12.3.1996<\/td><td class=\"column-2\">MTV unplugged julkaistaan<\/td>\n<\/tr>\n<tr class=\"row-11\">\n\t<td class=\"column-1\">16.4.1996<\/td><td class=\"column-2\">KISS ilmoittaa alkuper\u00e4iskokoonpanon reunionista ja sit\u00e4 seuraavasta Alive\/worldwide tour -kiertueesta lehdist\u00f6tilaisuudessa lentotukialus USS Intrepidill\u00e4 New Yorkissa<\/td>\n<\/tr>\n<tr class=\"row-12\">\n\t<td class=\"column-1\">15.6.1996<\/td><td class=\"column-2\">KISS aloittaa Alive\/worldwide tourin ns. l\u00e4mmittelykeikalla Irvine Meadows Amphitheaterissa, Irviness\u00e4 (Kalifornia). Alkuper\u00e4iskokoonpano esiintyy ensimm\u00e4ist\u00e4 kertaa yhdess\u00e4 sitten vuoden 1979.<\/td>\n<\/tr>\n<tr class=\"row-13\">\n\t<td class=\"column-1\">28.10.1997<\/td><td class=\"column-2\">Carnival of souls - the final sessions julkaistaan<\/td>\n<\/tr>\n<tr class=\"row-14\">\n\t<td class=\"column-1\">22.9.1998<\/td><td class=\"column-2\">Psycho-circus julkaistaan<\/td>\n<\/tr>\n<tr class=\"row-15\">\n\t<td class=\"column-1\">31.10.1998<\/td><td class=\"column-2\">KISS aloittaa Psycho-circus tourin Dodger Stadiumilla, Los Angelesissa (Kalifornia)<\/td>\n<\/tr>\n<tr class=\"row-16\">\n\t<td class=\"column-1\">31.12.1999<\/td><td class=\"column-2\">KISS esiintyy erityisess\u00e4 uudenvuodenaaton showssa BC Place Stadiumilla Vancouverissa Kanadassa ja siirtyy samalla uudelle vuosituhannelle<\/td>\n<\/tr>\n<\/tbody>\n<\/table>\n<!-- #tablepress-5 from cache -->\n","protected":false},"excerpt":{"rendered":"","protected":false},"author":1,"featured_media":0,"parent":0,"menu_order":0,"comment_status":"closed","ping_status":"closed","template":"","meta":{"inline_featured_image":false},"_links":{"self":[{"href":"https:\/\/www.scionart.com\/kisstoria\/wp-json\/wp\/v2\/pages\/117"}],"collection":[{"href":"https:\/\/www.scionart.com\/kisstoria\/wp-json\/wp\/v2\/pages"}],"about":[{"href":"https:\/\/www.scionart.com\/kisstoria\/wp-json\/wp\/v2\/types\/page"}],"author":[{"embeddable":true,"href":"https:\/\/www.scionart.com\/kisstoria\/wp-json\/wp\/v2\/users\/1"}],"replies":[{"embeddable":true,"href":"https:\/\/www.scionart.com\/kisstoria\/wp-json\/wp\/v2\/comments?post=117"}],"version-history":[{"count":3,"href":"https:\/\/www.scionart.com\/kisstoria\/wp-json\/wp\/v2\/pages\/117\/revisions"}],"predecessor-version":[{"id":126,"href":"https:\/\/www.scionart.com\/kisstoria\/wp-json\/wp\/v2\/pages\/117\/revisions\/126"}],"wp:attachment":[{"href":"https:\/\/www.scionart.com\/kisstoria\/wp-json\/wp\/v2\/media?parent=117"}],"curies":[{"name":"wp","href":"https:\/\/api.w.org\/{rel}","templated":true}]}}